{"id":18735,"date":"2024-12-11T11:03:57","date_gmt":"2024-12-11T11:03:57","guid":{"rendered":"https:\/\/newsite.paper-eco.com\/?page_id=18735"},"modified":"2025-03-24T23:09:00","modified_gmt":"2025-03-24T23:09:00","slug":"arredamento-coworking","status":"publish","type":"page","link":"https:\/\/paper-eco.com\/it\/arredamento\/arredamento-coworking\/","title":{"rendered":"Arredamento coworking"},"content":{"rendered":"\t\t<div data-elementor-type=\"wp-page\" data-elementor-id=\"18735\" class=\"elementor elementor-18735\">\n\t\t\t\t<div class=\"elementor-element elementor-element-333b5a1 e-con-full e-flex e-con e-parent\" data-id=\"333b5a1\" data-element_type=\"container\">\n\t\t<div class=\"elementor-element elementor-element-953284e e-con-full e-flex e-con e-child\" data-id=\"953284e\" data-element_type=\"container\">\n\t\t\t\t<div class=\"elementor-element elementor-element-ec8a709 elementor-widget elementor-widget-image\" data-id=\"ec8a709\" data-element_type=\"widget\" data-widget_type=\"image.default\">\n\t\t\t\t<div class=\"elementor-widget-container\">\n\t\t\t\t\t\t\t\t\t\t\t\t\t\t\t<img fetchpriority=\"high\" decoding=\"async\" width=\"692\" height=\"720\" src=\"https:\/\/paper-eco.com\/wp-content\/uploads\/2025\/02\/img_1_coworking.png\" class=\"attachment-large size-large wp-image-19135\" alt=\"\" srcset=\"https:\/\/paper-eco.com\/wp-content\/uploads\/2025\/02\/img_1_coworking.png 692w, https:\/\/paper-eco.com\/wp-content\/uploads\/2025\/02\/img_1_coworking-288x300.png 288w, https:\/\/paper-eco.com\/wp-content\/uploads\/2025\/02\/img_1_coworking-600x624.png 600w\" sizes=\"(max-width: 692px) 100vw, 692px\" \/>\t\t\t\t\t\t\t\t\t\t\t\t\t\t\t<\/div>\n\t\t\t\t<\/div>\n\t\t\t\t<\/div>\n\t\t<div class=\"elementor-element elementor-element-b88ce38 e-con-full e-flex e-con e-child\" data-id=\"b88ce38\" data-element_type=\"container\">\n\t\t\t\t<div class=\"elementor-element elementor-element-9b75fd9 elementor-widget elementor-widget-heading\" data-id=\"9b75fd9\" data-element_type=\"widget\" data-widget_type=\"heading.default\">\n\t\t\t\t<div class=\"elementor-widget-container\">\n\t\t\t\t\t<div class=\"elementor-heading-title elementor-size-default\">arredo coworking in cartone per creare un ambiente innovativo<\/div>\t\t\t\t<\/div>\n\t\t\t\t<\/div>\n\t\t\t\t<div class=\"elementor-element elementor-element-1a5d2e7 elementor-widget elementor-widget-text-editor\" data-id=\"1a5d2e7\" data-element_type=\"widget\" data-widget_type=\"text-editor.default\">\n\t\t\t\t<div class=\"elementor-widget-container\">\n\t\t\t\t\t\t\t\t\t<p>L\u2019arredo coworking si pu\u00f2 realizzare anche in cartone! Con il supporto della nostra azienda di Treviso <strong>Paper Eco<\/strong>, potrai creare uno spazio sostenibile e innovativo per tutti i coworker che saranno operativi nelle loro postazioni di lavoro.<\/p>\t\t\t\t\t\t\t\t<\/div>\n\t\t\t\t<\/div>\n\t\t\t\t<div class=\"elementor-element elementor-element-cf1fdc8 elementor-widget elementor-widget-lucrezia_core_button\" data-id=\"cf1fdc8\" data-element_type=\"widget\" data-widget_type=\"lucrezia_core_button.default\">\n\t\t\t\t<div class=\"elementor-widget-container\">\n\t\t\t\t\t<a class=\"qodef-shortcode qodef-m  qodef-button qodef-layout--filled  qodef-html--link\" href=\"https:\/\/paper-eco.com\/it\/shop\/\" target=\"_self\" data-hover-color=\"#000000\" data-hover-background-color=\"#FFFFFF\" data-hover-border-color=\"#000000\" >\n\t<span class=\"qodef-m-text\">vai allo shop<\/span>\n<\/a>\n\t\t\t\t<\/div>\n\t\t\t\t<\/div>\n\t\t\t\t<\/div>\n\t\t\t\t<\/div>\n\t\t<div class=\"elementor-element elementor-element-bbf5721 e-con-full e-flex e-con e-parent\" data-id=\"bbf5721\" data-element_type=\"container\">\n\t\t\t\t<div class=\"elementor-element elementor-element-fc80a6d elementor-widget__width-inherit elementor-widget elementor-widget-lucrezia_core_section_title\" data-id=\"fc80a6d\" data-element_type=\"widget\" data-widget_type=\"lucrezia_core_section_title.default\">\n\t\t\t\t<div class=\"elementor-widget-container\">\n\t\t\t\t\t<div class=\"qodef-shortcode qodef-m  qodef-section-title qodef-alignment--left  qodef-title-line--yes\">\n\t\t<h2 class=\"qodef-m-title\" >\n\t\t\t\t\tarredo coworking\t\t\t<\/h2>\n\t<\/div>\n\t\t\t\t<\/div>\n\t\t\t\t<\/div>\n\t\t\t\t<\/div>\n\t\t<div class=\"elementor-element elementor-element-b8a563d e-con-full e-flex e-con e-parent\" data-id=\"b8a563d\" data-element_type=\"container\">\n\t\t<div class=\"elementor-element elementor-element-f8dda46 e-con-full e-flex e-con e-child\" data-id=\"f8dda46\" data-element_type=\"container\">\n\t\t\t\t<div class=\"elementor-element elementor-element-6313a28 elementor-widget elementor-widget-lucrezia_core_product_list\" data-id=\"6313a28\" data-element_type=\"widget\" data-widget_type=\"lucrezia_core_product_list.default\">\n\t\t\t\t<div class=\"elementor-widget-container\">\n\t\t\t\t\t<div class=\"qodef-shortcode qodef-m  qodef-woo-shortcode qodef-woo-product-list qodef-item-layout--info-below qodef-grid qodef-swiper-container  qodef-gutter--normal  qodef-col-num--4 qodef-item-layout--info-below qodef-pagination--off qodef-responsive--custom qodef-col-num--1440--4 qodef-col-num--1366--4 qodef-col-num--1024--4 qodef-col-num--768--3 qodef-col-num--680--1 qodef-col-num--480--1\"  data-options=\"{&quot;spaceBetween&quot;:30,&quot;slidesPerView&quot;:&quot;4&quot;,&quot;loop&quot;:true,&quot;autoplay&quot;:true,&quot;speed&quot;:&quot;&quot;,&quot;speedAnimation&quot;:&quot;&quot;,&quot;slideAnimation&quot;:&quot;&quot;,&quot;direction&quot;:&quot;&quot;,&quot;centeredSlides&quot;:&quot;&quot;,&quot;sliderScroll&quot;:&quot;&quot;,&quot;loopedSlides&quot;:&quot;&quot;,&quot;hiddenSlides&quot;:&quot;&quot;,&quot;customStages&quot;:true,&quot;slidesPerView1440&quot;:&quot;4&quot;,&quot;slidesPerView1366&quot;:&quot;4&quot;,&quot;slidesPerView1024&quot;:&quot;4&quot;,&quot;slidesPerView768&quot;:&quot;3&quot;,&quot;slidesPerView680&quot;:&quot;1&quot;,&quot;slidesPerView480&quot;:&quot;1&quot;}\">\n\t<ul class=\"swiper-wrapper\">\n\t\t<p class=\"qodef-m-posts-not-found qodef-grid-item\">No posts were found for provided query parameters.<\/p>\n\t<\/ul>\n\t\t<\/div>\n\t\t\t\t<\/div>\n\t\t\t\t<\/div>\n\t\t\t\t<\/div>\n\t\t\t\t<\/div>\n\t\t<div class=\"elementor-element elementor-element-19bdf83 e-con-full e-flex e-con e-parent\" data-id=\"19bdf83\" data-element_type=\"container\">\n\t\t\t\t<div class=\"elementor-element elementor-element-f292b5d elementor-widget__width-inherit elementor-widget elementor-widget-lucrezia_core_section_title\" data-id=\"f292b5d\" data-element_type=\"widget\" data-widget_type=\"lucrezia_core_section_title.default\">\n\t\t\t\t<div class=\"elementor-widget-container\">\n\t\t\t\t\t<div class=\"qodef-shortcode qodef-m  qodef-section-title qodef-alignment--left  qodef-title-line--yes\">\n\t\t<h3 class=\"qodef-m-title\" >\n\t\t\t\t\tPerch\u00e9 arredare un coworking con complementi d\u2019arredo in cartone? \t\t\t<\/h3>\n\t<\/div>\n\t\t\t\t<\/div>\n\t\t\t\t<\/div>\n\t\t\t\t<\/div>\n\t\t<div class=\"elementor-element elementor-element-163fbdd e-con-full e-flex e-con e-parent\" data-id=\"163fbdd\" data-element_type=\"container\">\n\t\t<div class=\"elementor-element elementor-element-fd7ca1d e-con-full e-flex e-con e-child\" data-id=\"fd7ca1d\" data-element_type=\"container\">\n\t\t<div class=\"elementor-element elementor-element-e110f21 e-con-full e-flex e-con e-child\" data-id=\"e110f21\" data-element_type=\"container\">\n\t\t\t\t<div class=\"elementor-element elementor-element-8724473 elementor-widget elementor-widget-text-editor\" data-id=\"8724473\" data-element_type=\"widget\" data-widget_type=\"text-editor.default\">\n\t\t\t\t<div class=\"elementor-widget-container\">\n\t\t\t\t\t\t\t\t\t<ul><li><strong>Design moderno: <\/strong>con i nostri <strong>arredi e complementi d\u2019arredo in cartone<\/strong> possiamo personalizzare il tuo coworking e renderlo uno spazio a s\u00e9 stante, per garantire comodit\u00e0 e bellezza estetica a chi lo vive tutti i giorni.<\/li><li><strong>Ecologia:<\/strong> con uno spazio arredato completamente con soluzioni sostenibili, si dimostrer\u00e0 il proprio intento legato ad una scelta consapevole per il futuro del pianeta.<\/li><li><strong>Facilit\u00e0 di montaggio:<\/strong> i nostri <strong>arredi ecologici<\/strong> sono leggeri e facili da montare<\/li><\/ul>\t\t\t\t\t\t\t\t<\/div>\n\t\t\t\t<\/div>\n\t\t\t\t<\/div>\n\t\t\t\t<\/div>\n\t\t\t\t<\/div>\n\t\t<div class=\"elementor-element elementor-element-ed44cb6 e-con-full e-flex e-con e-parent\" data-id=\"ed44cb6\" data-element_type=\"container\">\n\t\t\t\t<div class=\"elementor-element elementor-element-5c576c1 elementor-widget__width-inherit elementor-widget elementor-widget-lucrezia_core_section_title\" data-id=\"5c576c1\" data-element_type=\"widget\" data-widget_type=\"lucrezia_core_section_title.default\">\n\t\t\t\t<div class=\"elementor-widget-container\">\n\t\t\t\t\t<div class=\"qodef-shortcode qodef-m  qodef-section-title qodef-alignment--left  qodef-title-line--yes\">\n\t\t<h3 class=\"qodef-m-title\" >\n\t\t\t\t\tArredi in cartone per coworking\t\t\t<\/h3>\n\t<\/div>\n\t\t\t\t<\/div>\n\t\t\t\t<\/div>\n\t\t\t\t<\/div>\n\t\t<div class=\"elementor-element elementor-element-107bf5e e-con-full e-flex e-con e-parent\" data-id=\"107bf5e\" data-element_type=\"container\">\n\t\t<div class=\"elementor-element elementor-element-f03986b e-con-full e-flex e-con e-child\" data-id=\"f03986b\" data-element_type=\"container\">\n\t\t<div class=\"elementor-element elementor-element-dd7f6e7 e-con-full e-flex e-con e-child\" data-id=\"dd7f6e7\" data-element_type=\"container\">\n\t\t\t\t<div class=\"elementor-element elementor-element-180c426 elementor-widget elementor-widget-text-editor\" data-id=\"180c426\" data-element_type=\"widget\" data-widget_type=\"text-editor.default\">\n\t\t\t\t<div class=\"elementor-widget-container\">\n\t\t\t\t\t\t\t\t\t<ul><li><strong>Scrivanie in cartone:<\/strong> possono ospitare pi\u00f9 persone e hanno ampi spazi per appoggiare il materiale utile allo svolgimento del proprio lavoro. <strong>Design e praticit\u00e0<\/strong> sono due caratteristiche di una <strong>scrivania in cartone<\/strong>, solida e resistente nel tempo.<\/li><li><strong>Sedie e poltrone in cartone:<\/strong> potrai personalizzare gli spazi del tuo coworking con diverse tipologie di<strong> sedie e poltrone in cartone<\/strong>. Con una <strong>poltrona in cartone<\/strong> potrai stupire gli ospiti del tuo <strong>coworking<\/strong> e, al tempo stesso, offrire loro una seduta comoda e di design.<\/li><li><strong>Tavoli in cartone:<\/strong> svolgi le riunioni in una location completamente sostenibile, attrezzata con diverse tipologie di tavoli in cartone. Questi tavoli possono avere dimensioni personalizzate in base alle proprie esigenze e possono essere personalizzati con il plexiglass ecosostenibile.<\/li><\/ul><p>Se vuoi toccare con mano i nostri arredi ecologici e i nostri complementi d\u2019arredo in cartone, ti invitiamo direttamente nel nostro showroom. Potrai cominciare a sognare da 0 il tuo coworking completamente sostenibile.<\/p>\t\t\t\t\t\t\t\t<\/div>\n\t\t\t\t<\/div>\n\t\t\t\t<\/div>\n\t\t\t\t<\/div>\n\t\t\t\t<\/div>\n\t\t<div class=\"elementor-element elementor-element-716fad4 e-con-full e-flex e-con e-parent\" data-id=\"716fad4\" data-element_type=\"container\">\n\t\t\t\t<div class=\"elementor-element elementor-element-e5efb50 elementor-widget__width-inherit elementor-widget elementor-widget-lucrezia_core_section_title\" data-id=\"e5efb50\" data-element_type=\"widget\" data-widget_type=\"lucrezia_core_section_title.default\">\n\t\t\t\t<div class=\"elementor-widget-container\">\n\t\t\t\t\t<div class=\"qodef-shortcode qodef-m  qodef-section-title qodef-alignment--left  qodef-title-line--yes\">\n\t\t<h3 class=\"qodef-m-title\" >\n\t\t\t\t\tPerch\u00e9 scegliere arredi in cartone riciclato per il coworking?\t\t\t<\/h3>\n\t<\/div>\n\t\t\t\t<\/div>\n\t\t\t\t<\/div>\n\t\t\t\t<\/div>\n\t\t<div class=\"elementor-element elementor-element-1c09014 e-con-full e-flex e-con e-parent\" data-id=\"1c09014\" data-element_type=\"container\">\n\t\t<div class=\"elementor-element elementor-element-3ec20cf e-con-full e-flex e-con e-child\" data-id=\"3ec20cf\" data-element_type=\"container\">\n\t\t<div class=\"elementor-element elementor-element-84a06f4 e-con-full e-flex e-con e-child\" data-id=\"84a06f4\" data-element_type=\"container\">\n\t\t\t\t<div class=\"elementor-element elementor-element-ead700a elementor-widget elementor-widget-text-editor\" data-id=\"ead700a\" data-element_type=\"widget\" data-widget_type=\"text-editor.default\">\n\t\t\t\t<div class=\"elementor-widget-container\">\n\t\t\t\t\t\t\t\t\t<ul><li><strong>Arredi in cartone personalizzati: <\/strong>come indicato, ogni arredo in cartone pu\u00f2 essere personalizzato e realizzato su misura, in base alle tue richieste e a come ti immagini il <strong>coworking<\/strong>.<\/li><li><strong>Resistenza nel tempo:<\/strong> come testimoniano numerosi casi studio, i nostri mobili e le nostre realizzazioni in cartone sono fatti per durare nel tempo.<\/li><li><strong>Unicit\u00e0:<\/strong> con questi arredi potrai dimostrare la tua capacit\u00e0 di innovazione e la tua volont\u00e0 di essere attento al pianeta e a tematiche come quelle della sostenibilit\u00e0.<\/li><\/ul>\t\t\t\t\t\t\t\t<\/div>\n\t\t\t\t<\/div>\n\t\t\t\t<\/div>\n\t\t\t\t<\/div>\n\t\t\t\t<\/div>\n\t\t<div class=\"elementor-element elementor-element-67be149 e-con-full e-flex e-con e-parent\" data-id=\"67be149\" data-element_type=\"container\">\n\t\t<div class=\"elementor-element elementor-element-7d678a1 e-con-full e-flex e-con e-child\" data-id=\"7d678a1\" data-element_type=\"container\">\n\t\t<div class=\"elementor-element elementor-element-f05d89d e-con-full e-flex e-con e-child\" data-id=\"f05d89d\" data-element_type=\"container\">\n\t\t\t\t<div class=\"elementor-element elementor-element-622cf64 elementor-widget__width-inherit elementor-widget elementor-widget-lucrezia_core_section_title\" data-id=\"622cf64\" data-element_type=\"widget\" data-widget_type=\"lucrezia_core_section_title.default\">\n\t\t\t\t<div class=\"elementor-widget-container\">\n\t\t\t\t\t<div class=\"qodef-shortcode qodef-m  qodef-section-title qodef-alignment--left  \">\n\t\t<h3 class=\"qodef-m-title\" >\n\t\t\t\t\tentra nel negozio di paper-eco\t\t\t<\/h3>\n\t<\/div>\n\t\t\t\t<\/div>\n\t\t\t\t<\/div>\n\t\t\t\t<div class=\"elementor-element elementor-element-4b4f096 elementor-widget elementor-widget-lucrezia_core_button\" data-id=\"4b4f096\" data-element_type=\"widget\" data-widget_type=\"lucrezia_core_button.default\">\n\t\t\t\t<div class=\"elementor-widget-container\">\n\t\t\t\t\t<a class=\"qodef-shortcode qodef-m  qodef-button qodef-layout--filled  qodef-html--link\" href=\"https:\/\/paper-eco.com\/it\/shop\/\" target=\"_self\" data-hover-color=\"#000000\" data-hover-background-color=\"#FFFFFF\" data-hover-border-color=\"#000000\" >\n\t<span class=\"qodef-m-text\">shop<\/span>\n<\/a>\n\t\t\t\t<\/div>\n\t\t\t\t<\/div>\n\t\t\t\t<\/div>\n\t\t<div class=\"elementor-element elementor-element-ec6275b e-con-full e-flex e-con e-child\" data-id=\"ec6275b\" data-element_type=\"container\">\n\t\t\t\t<div class=\"elementor-element elementor-element-3e2cb64 elementor-widget elementor-widget-heading\" data-id=\"3e2cb64\" data-element_type=\"widget\" data-widget_type=\"heading.default\">\n\t\t\t\t<div class=\"elementor-widget-container\">\n\t\t\t\t\t<div class=\"elementor-heading-title elementor-size-default\">Acquista gli <span style=\"color: #cca77a\">arredi in cartone per il coworking<\/span><\/div>\t\t\t\t<\/div>\n\t\t\t\t<\/div>\n\t\t\t\t<div class=\"elementor-element elementor-element-918d0d3 elementor-widget elementor-widget-text-editor\" data-id=\"918d0d3\" data-element_type=\"widget\" data-widget_type=\"text-editor.default\">\n\t\t\t\t<div class=\"elementor-widget-container\">\n\t\t\t\t\t\t\t\t\t<p>Scopri il nostro shop online e scopri tutte le realizzazioni in cartone disponibili per il tuo coworking.<\/p>\t\t\t\t\t\t\t\t<\/div>\n\t\t\t\t<\/div>\n\t\t\t\t<\/div>\n\t\t\t\t<\/div>\n\t\t\t\t<\/div>\n\t\t\t\t<\/div>\n\t\t","protected":false},"excerpt":{"rendered":"<p>arredo coworking in cartone per creare un ambiente innovativo L\u2019arredo coworking si pu\u00f2 realizzare anche in cartone! Con il supporto della nostra azienda di Treviso Paper Eco, potrai creare uno spazio sostenibile e innovativo per tutti i coworker che saranno operativi nelle loro postazioni di lavoro. vai allo shop arredo coworking Acquista Sofia &#8211; divano [&hellip;]<\/p>\n","protected":false},"author":1,"featured_media":0,"parent":9465,"menu_order":0,"comment_status":"closed","ping_status":"closed","template":"page-full-width.php","meta":{"footnotes":""},"class_list":["post-18735","page","type-page","status-publish","hentry"],"yoast_head":"<!-- This site is optimized with the Yoast SEO plugin v25.2 - https:\/\/yoast.com\/wordpress\/plugins\/seo\/ -->\n<title>Arredi in cartone riciclato per coworking resistenti - Paper Eco<\/title>\n<meta name=\"description\" content=\"Scopri subito gli arredi in cartone reciclato per coworking e spazi comuni sono studiati per essre resistenti, di design e sostenibili.\" \/>\n<meta name=\"robots\" content=\"index, follow, max-snippet:-1, max-image-preview:large, max-video-preview:-1\" \/>\n<link rel=\"canonical\" href=\"https:\/\/paper-eco.com\/it\/arredamento\/arredamento-coworking\/\" \/>\n<meta property=\"og:locale\" content=\"it_IT\" \/>\n<meta property=\"og:type\" content=\"article\" \/>\n<meta property=\"og:title\" content=\"Arredi in cartone riciclato per coworking resistenti - Paper Eco\" \/>\n<meta property=\"og:description\" content=\"Scopri subito gli arredi in cartone reciclato per coworking e spazi comuni sono studiati per essre resistenti, di design e sostenibili.\" \/>\n<meta property=\"og:url\" content=\"https:\/\/paper-eco.com\/it\/arredamento\/arredamento-coworking\/\" \/>\n<meta property=\"og:site_name\" content=\"Paper Eco\" \/>\n<meta property=\"article:modified_time\" content=\"2025-03-24T23:09:00+00:00\" \/>\n<meta property=\"og:image\" content=\"https:\/\/paper-eco.com\/wp-content\/uploads\/2025\/02\/img_1_coworking.png\" \/>\n<meta name=\"twitter:card\" content=\"summary_large_image\" \/>\n<meta name=\"twitter:label1\" content=\"Tempo di lettura stimato\" \/>\n\t<meta name=\"twitter:data1\" content=\"9 minuti\" \/>\n<script type=\"application\/ld+json\" class=\"yoast-schema-graph\">{\"@context\":\"https:\/\/schema.org\",\"@graph\":[{\"@type\":\"WebPage\",\"@id\":\"https:\/\/paper-eco.com\/it\/arredamento\/arredamento-coworking\/\",\"url\":\"https:\/\/paper-eco.com\/it\/arredamento\/arredamento-coworking\/\",\"name\":\"Arredi in cartone riciclato per coworking resistenti - Paper Eco\",\"isPartOf\":{\"@id\":\"https:\/\/paper-eco.com\/it\/#website\"},\"primaryImageOfPage\":{\"@id\":\"https:\/\/paper-eco.com\/it\/arredamento\/arredamento-coworking\/#primaryimage\"},\"image\":{\"@id\":\"https:\/\/paper-eco.com\/it\/arredamento\/arredamento-coworking\/#primaryimage\"},\"thumbnailUrl\":\"https:\/\/paper-eco.com\/wp-content\/uploads\/2025\/02\/img_1_coworking.png\",\"datePublished\":\"2024-12-11T11:03:57+00:00\",\"dateModified\":\"2025-03-24T23:09:00+00:00\",\"description\":\"Scopri subito gli arredi in cartone reciclato per coworking e spazi comuni sono studiati per essre resistenti, di design e sostenibili.\",\"breadcrumb\":{\"@id\":\"https:\/\/paper-eco.com\/it\/arredamento\/arredamento-coworking\/#breadcrumb\"},\"inLanguage\":\"it-IT\",\"potentialAction\":[{\"@type\":\"ReadAction\",\"target\":[\"https:\/\/paper-eco.com\/it\/arredamento\/arredamento-coworking\/\"]}]},{\"@type\":\"ImageObject\",\"inLanguage\":\"it-IT\",\"@id\":\"https:\/\/paper-eco.com\/it\/arredamento\/arredamento-coworking\/#primaryimage\",\"url\":\"https:\/\/paper-eco.com\/wp-content\/uploads\/2025\/02\/img_1_coworking.png\",\"contentUrl\":\"https:\/\/paper-eco.com\/wp-content\/uploads\/2025\/02\/img_1_coworking.png\"},{\"@type\":\"BreadcrumbList\",\"@id\":\"https:\/\/paper-eco.com\/it\/arredamento\/arredamento-coworking\/#breadcrumb\",\"itemListElement\":[{\"@type\":\"ListItem\",\"position\":1,\"name\":\"Home\",\"item\":\"https:\/\/paper-eco.com\/it\/\"},{\"@type\":\"ListItem\",\"position\":2,\"name\":\"Arredamento\",\"item\":\"https:\/\/paper-eco.com\/it\/arredamento\/\"},{\"@type\":\"ListItem\",\"position\":3,\"name\":\"Arredamento coworking\"}]},{\"@type\":\"WebSite\",\"@id\":\"https:\/\/paper-eco.com\/it\/#website\",\"url\":\"https:\/\/paper-eco.com\/it\/\",\"name\":\"Paper Eco\",\"description\":\"\",\"potentialAction\":[{\"@type\":\"SearchAction\",\"target\":{\"@type\":\"EntryPoint\",\"urlTemplate\":\"https:\/\/paper-eco.com\/it\/?s={search_term_string}\"},\"query-input\":{\"@type\":\"PropertyValueSpecification\",\"valueRequired\":true,\"valueName\":\"search_term_string\"}}],\"inLanguage\":\"it-IT\"}]}<\/script>\n<!-- \/ Yoast SEO plugin. -->","yoast_head_json":{"title":"Arredi in cartone riciclato per coworking resistenti - Paper Eco","description":"Scopri subito gli arredi in cartone reciclato per coworking e spazi comuni sono studiati per essre resistenti, di design e sostenibili.","robots":{"index":"index","follow":"follow","max-snippet":"max-snippet:-1","max-image-preview":"max-image-preview:large","max-video-preview":"max-video-preview:-1"},"canonical":"https:\/\/paper-eco.com\/it\/arredamento\/arredamento-coworking\/","og_locale":"it_IT","og_type":"article","og_title":"Arredi in cartone riciclato per coworking resistenti - Paper Eco","og_description":"Scopri subito gli arredi in cartone reciclato per coworking e spazi comuni sono studiati per essre resistenti, di design e sostenibili.","og_url":"https:\/\/paper-eco.com\/it\/arredamento\/arredamento-coworking\/","og_site_name":"Paper Eco","article_modified_time":"2025-03-24T23:09:00+00:00","og_image":[{"url":"https:\/\/paper-eco.com\/wp-content\/uploads\/2025\/02\/img_1_coworking.png","type":"","width":"","height":""}],"twitter_card":"summary_large_image","twitter_misc":{"Tempo di lettura stimato":"9 minuti"},"schema":{"@context":"https:\/\/schema.org","@graph":[{"@type":"WebPage","@id":"https:\/\/paper-eco.com\/it\/arredamento\/arredamento-coworking\/","url":"https:\/\/paper-eco.com\/it\/arredamento\/arredamento-coworking\/","name":"Arredi in cartone riciclato per coworking resistenti - Paper Eco","isPartOf":{"@id":"https:\/\/paper-eco.com\/it\/#website"},"primaryImageOfPage":{"@id":"https:\/\/paper-eco.com\/it\/arredamento\/arredamento-coworking\/#primaryimage"},"image":{"@id":"https:\/\/paper-eco.com\/it\/arredamento\/arredamento-coworking\/#primaryimage"},"thumbnailUrl":"https:\/\/paper-eco.com\/wp-content\/uploads\/2025\/02\/img_1_coworking.png","datePublished":"2024-12-11T11:03:57+00:00","dateModified":"2025-03-24T23:09:00+00:00","description":"Scopri subito gli arredi in cartone reciclato per coworking e spazi comuni sono studiati per essre resistenti, di design e sostenibili.","breadcrumb":{"@id":"https:\/\/paper-eco.com\/it\/arredamento\/arredamento-coworking\/#breadcrumb"},"inLanguage":"it-IT","potentialAction":[{"@type":"ReadAction","target":["https:\/\/paper-eco.com\/it\/arredamento\/arredamento-coworking\/"]}]},{"@type":"ImageObject","inLanguage":"it-IT","@id":"https:\/\/paper-eco.com\/it\/arredamento\/arredamento-coworking\/#primaryimage","url":"https:\/\/paper-eco.com\/wp-content\/uploads\/2025\/02\/img_1_coworking.png","contentUrl":"https:\/\/paper-eco.com\/wp-content\/uploads\/2025\/02\/img_1_coworking.png"},{"@type":"BreadcrumbList","@id":"https:\/\/paper-eco.com\/it\/arredamento\/arredamento-coworking\/#breadcrumb","itemListElement":[{"@type":"ListItem","position":1,"name":"Home","item":"https:\/\/paper-eco.com\/it\/"},{"@type":"ListItem","position":2,"name":"Arredamento","item":"https:\/\/paper-eco.com\/it\/arredamento\/"},{"@type":"ListItem","position":3,"name":"Arredamento coworking"}]},{"@type":"WebSite","@id":"https:\/\/paper-eco.com\/it\/#website","url":"https:\/\/paper-eco.com\/it\/","name":"Paper Eco","description":"","potentialAction":[{"@type":"SearchAction","target":{"@type":"EntryPoint","urlTemplate":"https:\/\/paper-eco.com\/it\/?s={search_term_string}"},"query-input":{"@type":"PropertyValueSpecification","valueRequired":true,"valueName":"search_term_string"}}],"inLanguage":"it-IT"}]}},"_links":{"self":[{"href":"https:\/\/paper-eco.com\/it\/wp-json\/wp\/v2\/pages\/18735","targetHints":{"allow":["GET"]}}],"collection":[{"href":"https:\/\/paper-eco.com\/it\/wp-json\/wp\/v2\/pages"}],"about":[{"href":"https:\/\/paper-eco.com\/it\/wp-json\/wp\/v2\/types\/page"}],"author":[{"embeddable":true,"href":"https:\/\/paper-eco.com\/it\/wp-json\/wp\/v2\/users\/1"}],"replies":[{"embeddable":true,"href":"https:\/\/paper-eco.com\/it\/wp-json\/wp\/v2\/comments?post=18735"}],"version-history":[{"count":34,"href":"https:\/\/paper-eco.com\/it\/wp-json\/wp\/v2\/pages\/18735\/revisions"}],"predecessor-version":[{"id":20647,"href":"https:\/\/paper-eco.com\/it\/wp-json\/wp\/v2\/pages\/18735\/revisions\/20647"}],"up":[{"embeddable":true,"href":"https:\/\/paper-eco.com\/it\/wp-json\/wp\/v2\/pages\/9465"}],"wp:attachment":[{"href":"https:\/\/paper-eco.com\/it\/wp-json\/wp\/v2\/media?parent=18735"}],"curies":[{"name":"wp","href":"https:\/\/api.w.org\/{rel}","templated":true}]}}