{"id":18737,"date":"2024-12-11T11:03:57","date_gmt":"2024-12-11T11:03:57","guid":{"rendered":"https:\/\/newsite.paper-eco.com\/?page_id=18737"},"modified":"2025-03-24T23:09:41","modified_gmt":"2025-03-24T23:09:41","slug":"arredamento-hotel","status":"publish","type":"page","link":"https:\/\/paper-eco.com\/it\/arredamento\/arredamento-hotel\/","title":{"rendered":"Arredamento hotel"},"content":{"rendered":"\t\t<div data-elementor-type=\"wp-page\" data-elementor-id=\"18737\" class=\"elementor elementor-18737\">\n\t\t\t\t<div class=\"elementor-element elementor-element-c9333ad e-con-full e-flex e-con e-parent\" data-id=\"c9333ad\" data-element_type=\"container\">\n\t\t<div class=\"elementor-element elementor-element-af209f4 e-con-full e-flex e-con e-child\" data-id=\"af209f4\" data-element_type=\"container\">\n\t\t\t\t<div class=\"elementor-element elementor-element-44a55c4 elementor-widget elementor-widget-image\" data-id=\"44a55c4\" data-element_type=\"widget\" data-widget_type=\"image.default\">\n\t\t\t\t<div class=\"elementor-widget-container\">\n\t\t\t\t\t\t\t\t\t\t\t\t\t\t\t<img fetchpriority=\"high\" decoding=\"async\" width=\"692\" height=\"720\" src=\"https:\/\/paper-eco.com\/wp-content\/uploads\/2025\/02\/img_1_hotel.png\" class=\"attachment-large size-large wp-image-19151\" alt=\"\" srcset=\"https:\/\/paper-eco.com\/wp-content\/uploads\/2025\/02\/img_1_hotel.png 692w, https:\/\/paper-eco.com\/wp-content\/uploads\/2025\/02\/img_1_hotel-288x300.png 288w, https:\/\/paper-eco.com\/wp-content\/uploads\/2025\/02\/img_1_hotel-600x624.png 600w\" sizes=\"(max-width: 692px) 100vw, 692px\" \/>\t\t\t\t\t\t\t\t\t\t\t\t\t\t\t<\/div>\n\t\t\t\t<\/div>\n\t\t\t\t<\/div>\n\t\t<div class=\"elementor-element elementor-element-f011b03 e-con-full e-flex e-con e-child\" data-id=\"f011b03\" data-element_type=\"container\">\n\t\t\t\t<div class=\"elementor-element elementor-element-348c090 elementor-widget elementor-widget-heading\" data-id=\"348c090\" data-element_type=\"widget\" data-widget_type=\"heading.default\">\n\t\t\t\t<div class=\"elementor-widget-container\">\n\t\t\t\t\t<div class=\"elementor-heading-title elementor-size-default\">arredo hotel in cartone per creare una camera d\u2019albergo sostenibile<\/div>\t\t\t\t<\/div>\n\t\t\t\t<\/div>\n\t\t\t\t<div class=\"elementor-element elementor-element-81717e8 elementor-widget elementor-widget-text-editor\" data-id=\"81717e8\" data-element_type=\"widget\" data-widget_type=\"text-editor.default\">\n\t\t\t\t<div class=\"elementor-widget-container\">\n\t\t\t\t\t\t\t\t\t<p>Un hotel sostenibile si pu\u00f2 realizzare realmente con una partnership con <strong>Paper Eco<\/strong>, l\u2019azienda di <strong>Treviso<\/strong> specializzata nella creazione di arredi e complementi d\u2019arredo in cartone. Con noi potrai creare una <strong>camera d\u2019albergo ecologica<\/strong> in grado di attirare e di offrire un colpo d\u2019occhio a tutti i tuoi ospiti.<\/p>\t\t\t\t\t\t\t\t<\/div>\n\t\t\t\t<\/div>\n\t\t\t\t<div class=\"elementor-element elementor-element-e8a2144 elementor-widget elementor-widget-lucrezia_core_button\" data-id=\"e8a2144\" data-element_type=\"widget\" data-widget_type=\"lucrezia_core_button.default\">\n\t\t\t\t<div class=\"elementor-widget-container\">\n\t\t\t\t\t<a class=\"qodef-shortcode qodef-m  qodef-button qodef-layout--filled  qodef-html--link\" href=\"https:\/\/paper-eco.com\/it\/shop\/\" target=\"_self\" data-hover-color=\"#000000\" data-hover-background-color=\"#FFFFFF\" data-hover-border-color=\"#000000\" >\n\t<span class=\"qodef-m-text\">vai allo shop<\/span>\n<\/a>\n\t\t\t\t<\/div>\n\t\t\t\t<\/div>\n\t\t\t\t<\/div>\n\t\t\t\t<\/div>\n\t\t<div class=\"elementor-element elementor-element-bbf5721 e-con-full e-flex e-con e-parent\" data-id=\"bbf5721\" data-element_type=\"container\">\n\t\t\t\t<div class=\"elementor-element elementor-element-fc80a6d elementor-widget__width-inherit elementor-widget elementor-widget-lucrezia_core_section_title\" data-id=\"fc80a6d\" data-element_type=\"widget\" data-widget_type=\"lucrezia_core_section_title.default\">\n\t\t\t\t<div class=\"elementor-widget-container\">\n\t\t\t\t\t<div class=\"qodef-shortcode qodef-m  qodef-section-title qodef-alignment--left  qodef-title-line--yes\">\n\t\t<h2 class=\"qodef-m-title\" >\n\t\t\t\t\tarredo hotel green\t\t\t<\/h2>\n\t<\/div>\n\t\t\t\t<\/div>\n\t\t\t\t<\/div>\n\t\t\t\t<\/div>\n\t\t<div class=\"elementor-element elementor-element-b8a563d e-con-full e-flex e-con e-parent\" data-id=\"b8a563d\" data-element_type=\"container\">\n\t\t<div class=\"elementor-element elementor-element-f8dda46 e-con-full e-flex e-con e-child\" data-id=\"f8dda46\" data-element_type=\"container\">\n\t\t\t\t<div class=\"elementor-element elementor-element-0dcfc68 elementor-widget elementor-widget-lucrezia_core_product_list\" data-id=\"0dcfc68\" data-element_type=\"widget\" data-widget_type=\"lucrezia_core_product_list.default\">\n\t\t\t\t<div class=\"elementor-widget-container\">\n\t\t\t\t\t<div class=\"qodef-shortcode qodef-m  qodef-woo-shortcode qodef-woo-product-list qodef-item-layout--info-below qodef-grid qodef-swiper-container  qodef-gutter--normal  qodef-col-num--4 qodef-item-layout--info-below qodef-pagination--off qodef-responsive--custom qodef-col-num--1440--4 qodef-col-num--1366--4 qodef-col-num--1024--4 qodef-col-num--768--3 qodef-col-num--680--1 qodef-col-num--480--1\"  data-options=\"{&quot;spaceBetween&quot;:30,&quot;slidesPerView&quot;:&quot;4&quot;,&quot;loop&quot;:true,&quot;autoplay&quot;:true,&quot;speed&quot;:&quot;&quot;,&quot;speedAnimation&quot;:&quot;&quot;,&quot;slideAnimation&quot;:&quot;&quot;,&quot;direction&quot;:&quot;&quot;,&quot;centeredSlides&quot;:&quot;&quot;,&quot;sliderScroll&quot;:&quot;&quot;,&quot;loopedSlides&quot;:&quot;&quot;,&quot;hiddenSlides&quot;:&quot;&quot;,&quot;customStages&quot;:true,&quot;slidesPerView1440&quot;:&quot;4&quot;,&quot;slidesPerView1366&quot;:&quot;4&quot;,&quot;slidesPerView1024&quot;:&quot;4&quot;,&quot;slidesPerView768&quot;:&quot;3&quot;,&quot;slidesPerView680&quot;:&quot;1&quot;,&quot;slidesPerView480&quot;:&quot;1&quot;}\">\n\t<ul class=\"swiper-wrapper\">\n\t\t<p class=\"qodef-m-posts-not-found qodef-grid-item\">No posts were found for provided query parameters.<\/p>\n\t<\/ul>\n\t\t<\/div>\n\t\t\t\t<\/div>\n\t\t\t\t<\/div>\n\t\t\t\t<\/div>\n\t\t\t\t<\/div>\n\t\t<div class=\"elementor-element elementor-element-19bdf83 e-con-full e-flex e-con e-parent\" data-id=\"19bdf83\" data-element_type=\"container\">\n\t\t\t\t<div class=\"elementor-element elementor-element-f292b5d elementor-widget__width-inherit elementor-widget elementor-widget-lucrezia_core_section_title\" data-id=\"f292b5d\" data-element_type=\"widget\" data-widget_type=\"lucrezia_core_section_title.default\">\n\t\t\t\t<div class=\"elementor-widget-container\">\n\t\t\t\t\t<div class=\"qodef-shortcode qodef-m  qodef-section-title qodef-alignment--left  qodef-title-line--yes\">\n\t\t<h3 class=\"qodef-m-title\" >\n\t\t\t\t\tArredi in cartone per hotel\t\t\t<\/h3>\n\t<\/div>\n\t\t\t\t<\/div>\n\t\t\t\t<\/div>\n\t\t\t\t<\/div>\n\t\t<div class=\"elementor-element elementor-element-163fbdd e-con-full e-flex e-con e-parent\" data-id=\"163fbdd\" data-element_type=\"container\">\n\t\t<div class=\"elementor-element elementor-element-fd7ca1d e-con-full e-flex e-con e-child\" data-id=\"fd7ca1d\" data-element_type=\"container\">\n\t\t<div class=\"elementor-element elementor-element-e110f21 e-con-full e-flex e-con e-child\" data-id=\"e110f21\" data-element_type=\"container\">\n\t\t\t\t<div class=\"elementor-element elementor-element-8724473 elementor-widget elementor-widget-text-editor\" data-id=\"8724473\" data-element_type=\"widget\" data-widget_type=\"text-editor.default\">\n\t\t\t\t<div class=\"elementor-widget-container\">\n\t\t\t\t\t\t\t\t\t<ul><li><strong>Letto in cartone:<\/strong> possiamo realizzare la struttura di un letto interamente in <strong>cartone riciclato.<\/strong> In questo modo potrai creare una stanza d\u2019albergo completamente in cartone riciclato e renderla unica agli occhi degli ospiti.<\/li><li><strong>Sedie e poltrone in cartone:<\/strong> una sedia in cartone non pu\u00f2 mancare in una camera d\u2019albergo. Abbinata ad un tavolo in cartone potr\u00e0 completare l\u2019arredo della stanza e rafforzare ancora di pi\u00f9 il concetto di sostenibilit\u00e0 agli occhi degli ospiti.<\/li><li><strong>Armadi in cartone:<\/strong> utilizza gli spazi presenti nell\u2019armadio in cartone per appoggiare i bagagli e sistemarti in comodit\u00e0. Solidit\u00e0 e resistenza sono due delle caratteristiche pi\u00f9 importanti di questo complemento d\u2019arredo.<\/li><\/ul><p>Sogni di creare una delle prime camere d\u2019albergo completamente sostenibili in Italia? Contattaci alla mail di <a href=\"mailto:eco@paper-eco.com\">eco@paper-eco.com<\/a> e raggiungici nel nostro showroom a <strong>Casale sul Sile<\/strong> (Treviso).\u00a0<\/p>\t\t\t\t\t\t\t\t<\/div>\n\t\t\t\t<\/div>\n\t\t\t\t<\/div>\n\t\t\t\t<\/div>\n\t\t\t\t<\/div>\n\t\t<div class=\"elementor-element elementor-element-ed44cb6 e-con-full e-flex e-con e-parent\" data-id=\"ed44cb6\" data-element_type=\"container\">\n\t\t\t\t<div class=\"elementor-element elementor-element-5c576c1 elementor-widget__width-inherit elementor-widget elementor-widget-lucrezia_core_section_title\" data-id=\"5c576c1\" data-element_type=\"widget\" data-widget_type=\"lucrezia_core_section_title.default\">\n\t\t\t\t<div class=\"elementor-widget-container\">\n\t\t\t\t\t<div class=\"qodef-shortcode qodef-m  qodef-section-title qodef-alignment--left  qodef-title-line--yes\">\n\t\t<h3 class=\"qodef-m-title\" >\n\t\t\t\t\tPerch\u00e9 scegliere arredi in cartone riciclato per un hotel?\t\t\t<\/h3>\n\t<\/div>\n\t\t\t\t<\/div>\n\t\t\t\t<\/div>\n\t\t\t\t<\/div>\n\t\t<div class=\"elementor-element elementor-element-107bf5e e-con-full e-flex e-con e-parent\" data-id=\"107bf5e\" data-element_type=\"container\">\n\t\t<div class=\"elementor-element elementor-element-f03986b e-con-full e-flex e-con e-child\" data-id=\"f03986b\" data-element_type=\"container\">\n\t\t<div class=\"elementor-element elementor-element-dd7f6e7 e-con-full e-flex e-con e-child\" data-id=\"dd7f6e7\" data-element_type=\"container\">\n\t\t\t\t<div class=\"elementor-element elementor-element-180c426 elementor-widget elementor-widget-text-editor\" data-id=\"180c426\" data-element_type=\"widget\" data-widget_type=\"text-editor.default\">\n\t\t\t\t<div class=\"elementor-widget-container\">\n\t\t\t\t\t\t\t\t\t<ul><li><strong>Arredi in cartone personalizzati: <\/strong>ogni arredo in cartone pu\u00f2 essere creato su misura e personalizzato per dimensioni e colori, in base alle richieste.<\/li><li><strong>Resistenza:<\/strong> tutti gli arredi in cartone e i relativi complementi d\u2019arredo sono solidi, resistenti e durevoli per anni.<\/li><li><strong>Unicit\u00e0:<\/strong> con questi arredi potrai creare una delle prime camere d\u2019albergo sostenibili in Italia.<\/li><li><strong>Ecologia e sostenibilit\u00e0<\/strong>: trasmetterai agli ospiti il tuo impegno a tema <strong>sostenibilit\u00e0<\/strong> e l\u2019attenzione per il futuro del pianeta.<\/li><\/ul>\t\t\t\t\t\t\t\t<\/div>\n\t\t\t\t<\/div>\n\t\t\t\t<\/div>\n\t\t\t\t<\/div>\n\t\t\t\t<\/div>\n\t\t<div class=\"elementor-element elementor-element-67be149 e-con-full e-flex e-con e-parent\" data-id=\"67be149\" data-element_type=\"container\">\n\t\t<div class=\"elementor-element elementor-element-7d678a1 e-con-full e-flex e-con e-child\" data-id=\"7d678a1\" data-element_type=\"container\">\n\t\t<div class=\"elementor-element elementor-element-f05d89d e-con-full e-flex e-con e-child\" data-id=\"f05d89d\" data-element_type=\"container\">\n\t\t\t\t<div class=\"elementor-element elementor-element-622cf64 elementor-widget__width-inherit elementor-widget elementor-widget-lucrezia_core_section_title\" data-id=\"622cf64\" data-element_type=\"widget\" data-widget_type=\"lucrezia_core_section_title.default\">\n\t\t\t\t<div class=\"elementor-widget-container\">\n\t\t\t\t\t<div class=\"qodef-shortcode qodef-m  qodef-section-title qodef-alignment--left  \">\n\t\t<h3 class=\"qodef-m-title\" >\n\t\t\t\t\tentra nel negozio di paper-eco\t\t\t<\/h3>\n\t<\/div>\n\t\t\t\t<\/div>\n\t\t\t\t<\/div>\n\t\t\t\t<div class=\"elementor-element elementor-element-4b4f096 elementor-widget elementor-widget-lucrezia_core_button\" data-id=\"4b4f096\" data-element_type=\"widget\" data-widget_type=\"lucrezia_core_button.default\">\n\t\t\t\t<div class=\"elementor-widget-container\">\n\t\t\t\t\t<a class=\"qodef-shortcode qodef-m  qodef-button qodef-layout--filled  qodef-html--link\" href=\"https:\/\/paper-eco.com\/it\/shop\/\" target=\"_self\" data-hover-color=\"#000000\" data-hover-background-color=\"#FFFFFF\" data-hover-border-color=\"#000000\" >\n\t<span class=\"qodef-m-text\">shop<\/span>\n<\/a>\n\t\t\t\t<\/div>\n\t\t\t\t<\/div>\n\t\t\t\t<\/div>\n\t\t<div class=\"elementor-element elementor-element-ec6275b e-con-full e-flex e-con e-child\" data-id=\"ec6275b\" data-element_type=\"container\">\n\t\t\t\t<div class=\"elementor-element elementor-element-3e2cb64 elementor-widget elementor-widget-heading\" data-id=\"3e2cb64\" data-element_type=\"widget\" data-widget_type=\"heading.default\">\n\t\t\t\t<div class=\"elementor-widget-container\">\n\t\t\t\t\t<div class=\"elementor-heading-title elementor-size-default\">Acquista <span style=\"color: #cca77a\">gli arredi in cartone per il tuo hotel<\/span><\/div>\t\t\t\t<\/div>\n\t\t\t\t<\/div>\n\t\t\t\t<div class=\"elementor-element elementor-element-918d0d3 elementor-widget elementor-widget-text-editor\" data-id=\"918d0d3\" data-element_type=\"widget\" data-widget_type=\"text-editor.default\">\n\t\t\t\t<div class=\"elementor-widget-container\">\n\t\t\t\t\t\t\t\t\t<p>Scopri il nostro shop online e scopri tutte le realizzazioni in cartone disponibili per il tuo hotel sostenibile.<\/p>\t\t\t\t\t\t\t\t<\/div>\n\t\t\t\t<\/div>\n\t\t\t\t<\/div>\n\t\t\t\t<\/div>\n\t\t\t\t<\/div>\n\t\t\t\t<\/div>\n\t\t","protected":false},"excerpt":{"rendered":"<p>arredo hotel in cartone per creare una camera d\u2019albergo sostenibile Un hotel sostenibile si pu\u00f2 realizzare realmente con una partnership con Paper Eco, l\u2019azienda di Treviso specializzata nella creazione di arredi e complementi d\u2019arredo in cartone. Con noi potrai creare una camera d\u2019albergo ecologica in grado di attirare e di offrire un colpo d\u2019occhio a [&hellip;]<\/p>\n","protected":false},"author":1,"featured_media":0,"parent":9465,"menu_order":0,"comment_status":"closed","ping_status":"closed","template":"page-full-width.php","meta":{"footnotes":""},"class_list":["post-18737","page","type-page","status-publish","hentry"],"yoast_head":"<!-- This site is optimized with the Yoast SEO plugin v25.2 - https:\/\/yoast.com\/wordpress\/plugins\/seo\/ -->\n<title>Arredo di cartone per alberghi eco friendly e di design - Paper Eco<\/title>\n<meta name=\"description\" content=\"Arredo di cartone per hotel: design eco-friendly e soluzioni sostenibili per strutture alberghiere uniche. Scopri Paper Eco!\" \/>\n<meta name=\"robots\" content=\"index, follow, max-snippet:-1, max-image-preview:large, max-video-preview:-1\" \/>\n<link rel=\"canonical\" href=\"https:\/\/paper-eco.com\/it\/arredamento\/arredamento-hotel\/\" \/>\n<meta property=\"og:locale\" content=\"it_IT\" \/>\n<meta property=\"og:type\" content=\"article\" \/>\n<meta property=\"og:title\" content=\"Arredo di cartone per alberghi eco friendly e di design - Paper Eco\" \/>\n<meta property=\"og:description\" content=\"Arredo di cartone per hotel: design eco-friendly e soluzioni sostenibili per strutture alberghiere uniche. Scopri Paper Eco!\" \/>\n<meta property=\"og:url\" content=\"https:\/\/paper-eco.com\/it\/arredamento\/arredamento-hotel\/\" \/>\n<meta property=\"og:site_name\" content=\"Paper Eco\" \/>\n<meta property=\"article:modified_time\" content=\"2025-03-24T23:09:41+00:00\" \/>\n<meta property=\"og:image\" content=\"https:\/\/paper-eco.com\/wp-content\/uploads\/2025\/02\/img_1_hotel.png\" \/>\n<meta name=\"twitter:card\" content=\"summary_large_image\" \/>\n<meta name=\"twitter:label1\" content=\"Tempo di lettura stimato\" \/>\n\t<meta name=\"twitter:data1\" content=\"8 minuti\" \/>\n<script type=\"application\/ld+json\" class=\"yoast-schema-graph\">{\"@context\":\"https:\/\/schema.org\",\"@graph\":[{\"@type\":\"WebPage\",\"@id\":\"https:\/\/paper-eco.com\/it\/arredamento\/arredamento-hotel\/\",\"url\":\"https:\/\/paper-eco.com\/it\/arredamento\/arredamento-hotel\/\",\"name\":\"Arredo di cartone per alberghi eco friendly e di design - Paper Eco\",\"isPartOf\":{\"@id\":\"https:\/\/paper-eco.com\/it\/#website\"},\"primaryImageOfPage\":{\"@id\":\"https:\/\/paper-eco.com\/it\/arredamento\/arredamento-hotel\/#primaryimage\"},\"image\":{\"@id\":\"https:\/\/paper-eco.com\/it\/arredamento\/arredamento-hotel\/#primaryimage\"},\"thumbnailUrl\":\"https:\/\/paper-eco.com\/wp-content\/uploads\/2025\/02\/img_1_hotel.png\",\"datePublished\":\"2024-12-11T11:03:57+00:00\",\"dateModified\":\"2025-03-24T23:09:41+00:00\",\"description\":\"Arredo di cartone per hotel: design eco-friendly e soluzioni sostenibili per strutture alberghiere uniche. Scopri Paper Eco!\",\"breadcrumb\":{\"@id\":\"https:\/\/paper-eco.com\/it\/arredamento\/arredamento-hotel\/#breadcrumb\"},\"inLanguage\":\"it-IT\",\"potentialAction\":[{\"@type\":\"ReadAction\",\"target\":[\"https:\/\/paper-eco.com\/it\/arredamento\/arredamento-hotel\/\"]}]},{\"@type\":\"ImageObject\",\"inLanguage\":\"it-IT\",\"@id\":\"https:\/\/paper-eco.com\/it\/arredamento\/arredamento-hotel\/#primaryimage\",\"url\":\"https:\/\/paper-eco.com\/wp-content\/uploads\/2025\/02\/img_1_hotel.png\",\"contentUrl\":\"https:\/\/paper-eco.com\/wp-content\/uploads\/2025\/02\/img_1_hotel.png\"},{\"@type\":\"BreadcrumbList\",\"@id\":\"https:\/\/paper-eco.com\/it\/arredamento\/arredamento-hotel\/#breadcrumb\",\"itemListElement\":[{\"@type\":\"ListItem\",\"position\":1,\"name\":\"Home\",\"item\":\"https:\/\/paper-eco.com\/it\/\"},{\"@type\":\"ListItem\",\"position\":2,\"name\":\"Arredamento\",\"item\":\"https:\/\/paper-eco.com\/it\/arredamento\/\"},{\"@type\":\"ListItem\",\"position\":3,\"name\":\"Arredamento hotel\"}]},{\"@type\":\"WebSite\",\"@id\":\"https:\/\/paper-eco.com\/it\/#website\",\"url\":\"https:\/\/paper-eco.com\/it\/\",\"name\":\"Paper Eco\",\"description\":\"\",\"potentialAction\":[{\"@type\":\"SearchAction\",\"target\":{\"@type\":\"EntryPoint\",\"urlTemplate\":\"https:\/\/paper-eco.com\/it\/?s={search_term_string}\"},\"query-input\":{\"@type\":\"PropertyValueSpecification\",\"valueRequired\":true,\"valueName\":\"search_term_string\"}}],\"inLanguage\":\"it-IT\"}]}<\/script>\n<!-- \/ Yoast SEO plugin. -->","yoast_head_json":{"title":"Arredo di cartone per alberghi eco friendly e di design - Paper Eco","description":"Arredo di cartone per hotel: design eco-friendly e soluzioni sostenibili per strutture alberghiere uniche. Scopri Paper Eco!","robots":{"index":"index","follow":"follow","max-snippet":"max-snippet:-1","max-image-preview":"max-image-preview:large","max-video-preview":"max-video-preview:-1"},"canonical":"https:\/\/paper-eco.com\/it\/arredamento\/arredamento-hotel\/","og_locale":"it_IT","og_type":"article","og_title":"Arredo di cartone per alberghi eco friendly e di design - Paper Eco","og_description":"Arredo di cartone per hotel: design eco-friendly e soluzioni sostenibili per strutture alberghiere uniche. Scopri Paper Eco!","og_url":"https:\/\/paper-eco.com\/it\/arredamento\/arredamento-hotel\/","og_site_name":"Paper Eco","article_modified_time":"2025-03-24T23:09:41+00:00","og_image":[{"url":"https:\/\/paper-eco.com\/wp-content\/uploads\/2025\/02\/img_1_hotel.png","type":"","width":"","height":""}],"twitter_card":"summary_large_image","twitter_misc":{"Tempo di lettura stimato":"8 minuti"},"schema":{"@context":"https:\/\/schema.org","@graph":[{"@type":"WebPage","@id":"https:\/\/paper-eco.com\/it\/arredamento\/arredamento-hotel\/","url":"https:\/\/paper-eco.com\/it\/arredamento\/arredamento-hotel\/","name":"Arredo di cartone per alberghi eco friendly e di design - Paper Eco","isPartOf":{"@id":"https:\/\/paper-eco.com\/it\/#website"},"primaryImageOfPage":{"@id":"https:\/\/paper-eco.com\/it\/arredamento\/arredamento-hotel\/#primaryimage"},"image":{"@id":"https:\/\/paper-eco.com\/it\/arredamento\/arredamento-hotel\/#primaryimage"},"thumbnailUrl":"https:\/\/paper-eco.com\/wp-content\/uploads\/2025\/02\/img_1_hotel.png","datePublished":"2024-12-11T11:03:57+00:00","dateModified":"2025-03-24T23:09:41+00:00","description":"Arredo di cartone per hotel: design eco-friendly e soluzioni sostenibili per strutture alberghiere uniche. Scopri Paper Eco!","breadcrumb":{"@id":"https:\/\/paper-eco.com\/it\/arredamento\/arredamento-hotel\/#breadcrumb"},"inLanguage":"it-IT","potentialAction":[{"@type":"ReadAction","target":["https:\/\/paper-eco.com\/it\/arredamento\/arredamento-hotel\/"]}]},{"@type":"ImageObject","inLanguage":"it-IT","@id":"https:\/\/paper-eco.com\/it\/arredamento\/arredamento-hotel\/#primaryimage","url":"https:\/\/paper-eco.com\/wp-content\/uploads\/2025\/02\/img_1_hotel.png","contentUrl":"https:\/\/paper-eco.com\/wp-content\/uploads\/2025\/02\/img_1_hotel.png"},{"@type":"BreadcrumbList","@id":"https:\/\/paper-eco.com\/it\/arredamento\/arredamento-hotel\/#breadcrumb","itemListElement":[{"@type":"ListItem","position":1,"name":"Home","item":"https:\/\/paper-eco.com\/it\/"},{"@type":"ListItem","position":2,"name":"Arredamento","item":"https:\/\/paper-eco.com\/it\/arredamento\/"},{"@type":"ListItem","position":3,"name":"Arredamento hotel"}]},{"@type":"WebSite","@id":"https:\/\/paper-eco.com\/it\/#website","url":"https:\/\/paper-eco.com\/it\/","name":"Paper Eco","description":"","potentialAction":[{"@type":"SearchAction","target":{"@type":"EntryPoint","urlTemplate":"https:\/\/paper-eco.com\/it\/?s={search_term_string}"},"query-input":{"@type":"PropertyValueSpecification","valueRequired":true,"valueName":"search_term_string"}}],"inLanguage":"it-IT"}]}},"_links":{"self":[{"href":"https:\/\/paper-eco.com\/it\/wp-json\/wp\/v2\/pages\/18737","targetHints":{"allow":["GET"]}}],"collection":[{"href":"https:\/\/paper-eco.com\/it\/wp-json\/wp\/v2\/pages"}],"about":[{"href":"https:\/\/paper-eco.com\/it\/wp-json\/wp\/v2\/types\/page"}],"author":[{"embeddable":true,"href":"https:\/\/paper-eco.com\/it\/wp-json\/wp\/v2\/users\/1"}],"replies":[{"embeddable":true,"href":"https:\/\/paper-eco.com\/it\/wp-json\/wp\/v2\/comments?post=18737"}],"version-history":[{"count":37,"href":"https:\/\/paper-eco.com\/it\/wp-json\/wp\/v2\/pages\/18737\/revisions"}],"predecessor-version":[{"id":20653,"href":"https:\/\/paper-eco.com\/it\/wp-json\/wp\/v2\/pages\/18737\/revisions\/20653"}],"up":[{"embeddable":true,"href":"https:\/\/paper-eco.com\/it\/wp-json\/wp\/v2\/pages\/9465"}],"wp:attachment":[{"href":"https:\/\/paper-eco.com\/it\/wp-json\/wp\/v2\/media?parent=18737"}],"curies":[{"name":"wp","href":"https:\/\/api.w.org\/{rel}","templated":true}]}}