{"id":18776,"date":"2024-12-11T11:56:36","date_gmt":"2024-12-11T11:56:36","guid":{"rendered":"https:\/\/newsite.paper-eco.com\/?page_id=18776"},"modified":"2025-03-24T23:11:50","modified_gmt":"2025-03-24T23:11:50","slug":"idee-regalo","status":"publish","type":"page","link":"https:\/\/paper-eco.com\/it\/idee-regalo\/","title":{"rendered":"Idee regalo"},"content":{"rendered":"\t\t<div data-elementor-type=\"wp-page\" data-elementor-id=\"18776\" class=\"elementor elementor-18776\">\n\t\t\t\t<div class=\"elementor-element elementor-element-d914f90 e-con-full e-flex e-con e-parent\" data-id=\"d914f90\" data-element_type=\"container\" data-settings=\"{&quot;background_background&quot;:&quot;classic&quot;}\">\n\t\t<div class=\"elementor-element elementor-element-72017bb e-con-full e-flex e-con e-child\" data-id=\"72017bb\" data-element_type=\"container\">\n\t\t\t\t<\/div>\n\t\t\t\t<\/div>\n\t\t<div class=\"elementor-element elementor-element-19bdf83 e-con-full e-flex e-con e-parent\" data-id=\"19bdf83\" data-element_type=\"container\">\n\t\t\t\t<div class=\"elementor-element elementor-element-f292b5d elementor-widget__width-inherit elementor-widget elementor-widget-lucrezia_core_section_title\" data-id=\"f292b5d\" data-element_type=\"widget\" data-widget_type=\"lucrezia_core_section_title.default\">\n\t\t\t\t<div class=\"elementor-widget-container\">\n\t\t\t\t\t<div class=\"qodef-shortcode qodef-m  qodef-section-title qodef-alignment--left  qodef-title-line--yes\">\n\t\t<h3 class=\"qodef-m-title\" >\n\t\t\t\t\tidee regalo\t\t\t<\/h3>\n\t<\/div>\n\t\t\t\t<\/div>\n\t\t\t\t<\/div>\n\t\t\t\t<\/div>\n\t\t<div class=\"elementor-element elementor-element-b8a563d e-con-full e-flex e-con e-parent\" data-id=\"b8a563d\" data-element_type=\"container\">\n\t\t<div class=\"elementor-element elementor-element-f8dda46 e-con-full e-flex e-con e-child\" data-id=\"f8dda46\" data-element_type=\"container\">\n\t\t<div class=\"elementor-element elementor-element-afcbe5d e-con-full e-flex e-con e-child\" data-id=\"afcbe5d\" data-element_type=\"container\">\n\t\t\t\t<div class=\"elementor-element elementor-element-3947d2d elementor-widget elementor-widget-text-editor\" data-id=\"3947d2d\" data-element_type=\"widget\" data-widget_type=\"text-editor.default\">\n\t\t\t\t<div class=\"elementor-widget-container\">\n\t\t\t\t\t\t\t\t\t<p class=\"p1\"><strong>Cosa scegliere tra le creazioni Paper Eco?<\/strong><\/p><p><em>Sei in difficolt\u00e0 ogni volta che devi pensare e scegliere un regalo da fare alla persona cara?<\/em> Scopri i nostri consigli su alcune <strong>idee regalo originali e sostenibili.<\/strong><\/p>\t\t\t\t\t\t\t\t<\/div>\n\t\t\t\t<\/div>\n\t\t\t\t<\/div>\n\t\t\t\t<\/div>\n\t\t\t\t<\/div>\n\t\t<div class=\"elementor-element elementor-element-6e58ee8 e-con-full e-flex e-con e-parent\" data-id=\"6e58ee8\" data-element_type=\"container\">\n\t\t\t\t<div class=\"elementor-element elementor-element-174e729 elementor-widget__width-inherit elementor-widget elementor-widget-lucrezia_core_section_title\" data-id=\"174e729\" data-element_type=\"widget\" data-widget_type=\"lucrezia_core_section_title.default\">\n\t\t\t\t<div class=\"elementor-widget-container\">\n\t\t\t\t\t<div class=\"qodef-shortcode qodef-m  qodef-section-title qodef-alignment--left  qodef-title-line--yes\">\n\t\t<h3 class=\"qodef-m-title\" >\n\t\t\t\t\tarte, foto e sostenibilit\u00e0: postyks\t\t\t<\/h3>\n\t<\/div>\n\t\t\t\t<\/div>\n\t\t\t\t<\/div>\n\t\t\t\t<\/div>\n\t\t<div class=\"elementor-element elementor-element-163fbdd e-con-full e-flex e-con e-parent\" data-id=\"163fbdd\" data-element_type=\"container\">\n\t\t<div class=\"elementor-element elementor-element-fd7ca1d e-con-full e-flex e-con e-child\" data-id=\"fd7ca1d\" data-element_type=\"container\">\n\t\t<div class=\"elementor-element elementor-element-e110f21 e-con-full e-flex e-con e-child\" data-id=\"e110f21\" data-element_type=\"container\">\n\t\t\t\t<div class=\"elementor-element elementor-element-8724473 elementor-widget elementor-widget-text-editor\" data-id=\"8724473\" data-element_type=\"widget\" data-widget_type=\"text-editor.default\">\n\t\t\t\t<div class=\"elementor-widget-container\">\n\t\t\t\t\t\t\t\t\t<p>Potresti regalare un <strong>Postyks<\/strong>, una cornice in cartone in cui viene inserita una foto a colori stampata su cartone. Dimentica i classici <strong><em>porta foto o album di foto<\/em><\/strong> e scegli una soluzione sostenibile che duri nel tempo e che pu\u00f2 aiutarti ad arredare i tuoi spazi in casa in modo diverso dal solito.<\/p><p>Oppure potresti regalare un oggetto realizzato interamente in cartone e senza l\u2019utilizzo di colla. Sto parlando del cactus in cartone, disponibile in pi\u00f9 formati, una delle creazioni di design pi\u00f9 innovative realizzate da <strong>Paper Eco<\/strong>.<\/p>\t\t\t\t\t\t\t\t<\/div>\n\t\t\t\t<\/div>\n\t\t\t\t<\/div>\n\t\t<div class=\"elementor-element elementor-element-77e4718 e-con-full e-flex e-con e-child\" data-id=\"77e4718\" data-element_type=\"container\">\n\t\t\t\t<div class=\"elementor-element elementor-element-a3230a3 elementor-widget elementor-widget-image\" data-id=\"a3230a3\" data-element_type=\"widget\" data-widget_type=\"image.default\">\n\t\t\t\t<div class=\"elementor-widget-container\">\n\t\t\t\t\t\t\t\t\t\t\t\t\t\t\t<img fetchpriority=\"high\" decoding=\"async\" width=\"886\" height=\"170\" src=\"https:\/\/paper-eco.com\/wp-content\/uploads\/2024\/12\/logo-postyks.png\" class=\"attachment-large size-large wp-image-18997\" alt=\"\" srcset=\"https:\/\/paper-eco.com\/wp-content\/uploads\/2024\/12\/logo-postyks.png 886w, https:\/\/paper-eco.com\/wp-content\/uploads\/2024\/12\/logo-postyks-300x58.png 300w, https:\/\/paper-eco.com\/wp-content\/uploads\/2024\/12\/logo-postyks-768x147.png 768w, https:\/\/paper-eco.com\/wp-content\/uploads\/2024\/12\/logo-postyks-600x115.png 600w\" sizes=\"(max-width: 886px) 100vw, 886px\" \/>\t\t\t\t\t\t\t\t\t\t\t\t\t\t\t<\/div>\n\t\t\t\t<\/div>\n\t\t\t\t<\/div>\n\t\t<div class=\"elementor-element elementor-element-8fa998c e-con-full e-flex e-con e-child\" data-id=\"8fa998c\" data-element_type=\"container\">\n\t\t\t\t<div class=\"elementor-element elementor-element-d51d743 elementor-widget__width-auto elementor-widget elementor-widget-lucrezia_core_button\" data-id=\"d51d743\" data-element_type=\"widget\" data-widget_type=\"lucrezia_core_button.default\">\n\t\t\t\t<div class=\"elementor-widget-container\">\n\t\t\t\t\t<a class=\"qodef-shortcode qodef-m  qodef-button qodef-layout--filled  qodef-html--link\" href=\"https:\/\/postyks.com\/\" target=\"_blank\" data-hover-color=\"#000000\" data-hover-background-color=\"#FFFFFF\" data-hover-border-color=\"#000000\" >\n\t<span class=\"qodef-m-text\">accedi<\/span>\n<\/a>\n\t\t\t\t<\/div>\n\t\t\t\t<\/div>\n\t\t\t\t<\/div>\n\t\t\t\t<\/div>\n\t\t\t\t<\/div>\n\t\t<div class=\"elementor-element elementor-element-9874810 e-con-full e-flex e-con e-parent\" data-id=\"9874810\" data-element_type=\"container\">\n\t\t\t\t<div class=\"elementor-element elementor-element-19af201 elementor-widget__width-inherit elementor-widget elementor-widget-lucrezia_core_section_title\" data-id=\"19af201\" data-element_type=\"widget\" data-widget_type=\"lucrezia_core_section_title.default\">\n\t\t\t\t<div class=\"elementor-widget-container\">\n\t\t\t\t\t<div class=\"qodef-shortcode qodef-m  qodef-section-title qodef-alignment--left  qodef-title-line--yes\">\n\t\t<h3 class=\"qodef-m-title\" >\n\t\t\t\t\tCactus in cartone: un\u2019idea regalo veramente originale \t\t\t<\/h3>\n\t<\/div>\n\t\t\t\t<\/div>\n\t\t\t\t<\/div>\n\t\t\t\t<\/div>\n\t\t<div class=\"elementor-element elementor-element-f3ffbae e-con-full e-flex e-con e-parent\" data-id=\"f3ffbae\" data-element_type=\"container\">\n\t\t<div class=\"elementor-element elementor-element-0e4160c e-con-full e-flex e-con e-child\" data-id=\"0e4160c\" data-element_type=\"container\">\n\t\t<div class=\"elementor-element elementor-element-1a6501c e-con-full e-flex e-con e-child\" data-id=\"1a6501c\" data-element_type=\"container\">\n\t\t\t\t<div class=\"elementor-element elementor-element-fdda2dd elementor-widget elementor-widget-text-editor\" data-id=\"fdda2dd\" data-element_type=\"widget\" data-widget_type=\"text-editor.default\">\n\t\t\t\t<div class=\"elementor-widget-container\">\n\t\t\t\t\t\t\t\t\t<p>Se cerchi un\u2019idea regalo originale, il <strong>cactus in cartone<\/strong> \u00e8 decisamente quello di cui hai bisogno! Disponibile in pi\u00f9 forme e dimensioni, questa \u00e8 un\u2019<strong>idea regalo<\/strong> per la casa veramente d\u2019impatto e, soprattutto, ecologica!<\/p><p>Chi ricever\u00e0 il <strong>cactus in cartone<\/strong> rimarr\u00e0 stupito dalla tua idea regalo originale, perfetta per chi ama l\u2019<strong>arredamento sostenibile<\/strong> e il<strong> design innovativo<\/strong>.<\/p><p><strong>Realizzato interamente in cartone riciclato<\/strong>, senza colla n\u00e9 sostanze chimiche, questo complemento decorativo spicca per il suo design minimalista e moderno. Disponibile in varie forme e dimensioni, il <strong>cactus in cartone<\/strong> \u00e8 facile da assemblare e adatto a ogni ambiente tanto che pu\u00f2 aggiungere un tocco di personalit\u00e0 a casa, ufficio o qualsiasi altro spazio. Il<strong> cactus in cartone<\/strong> \u00e8 una scelta ecologica che unisce estetica e sostenibilit\u00e0, e rappresenta una soluzione ideale per chi cerca un\u2019alternativa green e duratura alle classiche piante decorative.<\/p><p>Le <strong>idee regalo sostenibili <\/strong>stanno diventando sempre pi\u00f9 popolari, rispecchiando una crescente sensibilit\u00e0 verso l\u2019ambiente e un desiderio di fare scelte consapevoli. Che si tratti di oggetti realizzati con materiali riciclati, prodotti artigianali a basso impatto ambientale o articoli progettati per durare nel tempo, un <strong>regalo sostenibile <\/strong>comunica attenzione e rispetto per il pianeta.<\/p><p>Scegliere un <strong>dono ecologico<\/strong> significa non solo regalare qualcosa di unico e spesso personalizzabile, ma anche sostenere piccole realt\u00e0 e brand impegnati nella tutela dell\u2019ambiente, facendo cos\u00ec un doppio gesto di valore.<\/p>\t\t\t\t\t\t\t\t<\/div>\n\t\t\t\t<\/div>\n\t\t\t\t<\/div>\n\t\t<div class=\"elementor-element elementor-element-4c9be4e e-con-full e-flex e-con e-child\" data-id=\"4c9be4e\" data-element_type=\"container\">\n\t\t\t\t<div class=\"elementor-element elementor-element-f16352e elementor-widget elementor-widget-image\" data-id=\"f16352e\" data-element_type=\"widget\" data-widget_type=\"image.default\">\n\t\t\t\t<div class=\"elementor-widget-container\">\n\t\t\t\t\t\t\t\t\t\t\t\t\t\t\t<img decoding=\"async\" width=\"442\" height=\"1024\" src=\"https:\/\/paper-eco.com\/wp-content\/uploads\/2025\/03\/cactus_1-442x1024.webp\" class=\"attachment-large size-large wp-image-20339\" alt=\"\" srcset=\"https:\/\/paper-eco.com\/wp-content\/uploads\/2025\/03\/cactus_1-442x1024.webp 442w, https:\/\/paper-eco.com\/wp-content\/uploads\/2025\/03\/cactus_1-129x300.webp 129w, https:\/\/paper-eco.com\/wp-content\/uploads\/2025\/03\/cactus_1-600x1391.webp 600w, https:\/\/paper-eco.com\/wp-content\/uploads\/2025\/03\/cactus_1.webp 647w\" sizes=\"(max-width: 442px) 100vw, 442px\" \/>\t\t\t\t\t\t\t\t\t\t\t\t\t\t\t<\/div>\n\t\t\t\t<\/div>\n\t\t\t\t<\/div>\n\t\t<div class=\"elementor-element elementor-element-55888a8 e-con-full e-flex e-con e-child\" data-id=\"55888a8\" data-element_type=\"container\">\n\t\t\t\t<div class=\"elementor-element elementor-element-5060aad elementor-widget elementor-widget-image\" data-id=\"5060aad\" data-element_type=\"widget\" data-widget_type=\"image.default\">\n\t\t\t\t<div class=\"elementor-widget-container\">\n\t\t\t\t\t\t\t\t\t\t\t\t\t\t\t<img decoding=\"async\" width=\"794\" height=\"1024\" src=\"https:\/\/paper-eco.com\/wp-content\/uploads\/2025\/03\/cactus_2-794x1024.webp\" class=\"attachment-large size-large wp-image-20340\" alt=\"\" srcset=\"https:\/\/paper-eco.com\/wp-content\/uploads\/2025\/03\/cactus_2-794x1024.webp 794w, https:\/\/paper-eco.com\/wp-content\/uploads\/2025\/03\/cactus_2-233x300.webp 233w, https:\/\/paper-eco.com\/wp-content\/uploads\/2025\/03\/cactus_2-768x990.webp 768w, https:\/\/paper-eco.com\/wp-content\/uploads\/2025\/03\/cactus_2-600x773.webp 600w, https:\/\/paper-eco.com\/wp-content\/uploads\/2025\/03\/cactus_2.webp 900w\" sizes=\"(max-width: 794px) 100vw, 794px\" \/>\t\t\t\t\t\t\t\t\t\t\t\t\t\t\t<\/div>\n\t\t\t\t<\/div>\n\t\t\t\t<div class=\"elementor-element elementor-element-5c84866 elementor-widget elementor-widget-image\" data-id=\"5c84866\" data-element_type=\"widget\" data-widget_type=\"image.default\">\n\t\t\t\t<div class=\"elementor-widget-container\">\n\t\t\t\t\t\t\t\t\t\t\t\t\t\t\t<img loading=\"lazy\" decoding=\"async\" width=\"800\" height=\"800\" src=\"https:\/\/paper-eco.com\/wp-content\/uploads\/2025\/03\/cactus_3.webp\" class=\"attachment-large size-large wp-image-20341\" alt=\"\" srcset=\"https:\/\/paper-eco.com\/wp-content\/uploads\/2025\/03\/cactus_3.webp 800w, https:\/\/paper-eco.com\/wp-content\/uploads\/2025\/03\/cactus_3-300x300.webp 300w, https:\/\/paper-eco.com\/wp-content\/uploads\/2025\/03\/cactus_3-150x150.webp 150w, https:\/\/paper-eco.com\/wp-content\/uploads\/2025\/03\/cactus_3-768x768.webp 768w, https:\/\/paper-eco.com\/wp-content\/uploads\/2025\/03\/cactus_3-650x650.webp 650w, https:\/\/paper-eco.com\/wp-content\/uploads\/2025\/03\/cactus_3-600x600.webp 600w, https:\/\/paper-eco.com\/wp-content\/uploads\/2025\/03\/cactus_3-100x100.webp 100w\" sizes=\"(max-width: 800px) 100vw, 800px\" \/>\t\t\t\t\t\t\t\t\t\t\t\t\t\t\t<\/div>\n\t\t\t\t<\/div>\n\t\t\t\t<\/div>\n\t\t\t\t<\/div>\n\t\t\t\t<\/div>\n\t\t<div class=\"elementor-element elementor-element-ed44cb6 e-con-full e-flex e-con e-parent\" data-id=\"ed44cb6\" data-element_type=\"container\">\n\t\t\t\t<div class=\"elementor-element elementor-element-5c576c1 elementor-widget__width-inherit elementor-widget elementor-widget-lucrezia_core_section_title\" data-id=\"5c576c1\" data-element_type=\"widget\" data-widget_type=\"lucrezia_core_section_title.default\">\n\t\t\t\t<div class=\"elementor-widget-container\">\n\t\t\t\t\t<div class=\"qodef-shortcode qodef-m  qodef-section-title qodef-alignment--left  qodef-title-line--yes\">\n\t\t<h3 class=\"qodef-m-title\" >\n\t\t\t\t\tIdee regalo ecologiche: scegli i prodotti Paper Eco\t\t\t<\/h3>\n\t<\/div>\n\t\t\t\t<\/div>\n\t\t\t\t<\/div>\n\t\t\t\t<\/div>\n\t\t<div class=\"elementor-element elementor-element-107bf5e e-con-full e-flex e-con e-parent\" data-id=\"107bf5e\" data-element_type=\"container\">\n\t\t<div class=\"elementor-element elementor-element-f03986b e-con-full e-flex e-con e-child\" data-id=\"f03986b\" data-element_type=\"container\">\n\t\t<div class=\"elementor-element elementor-element-dd7f6e7 e-con-full e-flex e-con e-child\" data-id=\"dd7f6e7\" data-element_type=\"container\">\n\t\t\t\t<div class=\"elementor-element elementor-element-180c426 elementor-widget elementor-widget-text-editor\" data-id=\"180c426\" data-element_type=\"widget\" data-widget_type=\"text-editor.default\">\n\t\t\t\t<div class=\"elementor-widget-container\">\n\t\t\t\t\t\t\t\t\t<p><em>Conosci persone che prestano particolare attenzione al tema della sostenibilit\u00e0? Vuoi mostrare loro quanto tieni a loro e alla loro causa di interesse? <\/em>Scopri le idee regalo ecologiche create e progettate dal nostro team <strong>Paper Eco<\/strong>.<\/p>\t\t\t\t\t\t\t\t<\/div>\n\t\t\t\t<\/div>\n\t\t\t\t<\/div>\n\t\t<div class=\"elementor-element elementor-element-59afed1 e-con-full e-flex e-con e-child\" data-id=\"59afed1\" data-element_type=\"container\">\n\t\t\t\t<div class=\"elementor-element elementor-element-b3bc9e8 elementor-widget elementor-widget-text-editor\" data-id=\"b3bc9e8\" data-element_type=\"widget\" data-widget_type=\"text-editor.default\">\n\t\t\t\t<div class=\"elementor-widget-container\">\n\t\t\t\t\t\t\t\t\t<strong>Paper Eco<\/strong>, azienda a <strong>Casale sul Sile<\/strong> (TV), pu\u00f2 progettare e personalizzare un\u2019idea regalo sostenibile. La mission dell\u2019azienda trevigiana \u00e8 quella di diffondere un ideale e un&#8217;attenzione sempre pi\u00f9 marcata sul tema della <strong>sostenibilit\u00e0<\/strong> e dell\u2019<strong>ecologia<\/strong>, questioni di particolare interesse di cui abbiamo parlato molto spesso nel nostro <u><a href=\"https:\/\/paper-eco.com\/blog\/\">blog dedicato<\/a>. <\/u>\t\t\t\t\t\t\t\t<\/div>\n\t\t\t\t<\/div>\n\t\t\t\t<\/div>\n\t\t\t\t<\/div>\n\t\t\t\t<\/div>\n\t\t<div class=\"elementor-element elementor-element-67be149 e-con-full e-flex e-con e-parent\" data-id=\"67be149\" data-element_type=\"container\">\n\t\t<div class=\"elementor-element elementor-element-7d678a1 e-con-full e-flex e-con e-child\" data-id=\"7d678a1\" data-element_type=\"container\">\n\t\t<div class=\"elementor-element elementor-element-f05d89d e-con-full e-flex e-con e-child\" data-id=\"f05d89d\" data-element_type=\"container\">\n\t\t\t\t<div class=\"elementor-element elementor-element-622cf64 elementor-widget__width-inherit elementor-widget elementor-widget-lucrezia_core_section_title\" data-id=\"622cf64\" data-element_type=\"widget\" data-widget_type=\"lucrezia_core_section_title.default\">\n\t\t\t\t<div class=\"elementor-widget-container\">\n\t\t\t\t\t<div class=\"qodef-shortcode qodef-m  qodef-section-title qodef-alignment--left  \">\n\t\t<h3 class=\"qodef-m-title\" >\n\t\t\t\t\tentra nel negozio di paper-eco\t\t\t<\/h3>\n\t<\/div>\n\t\t\t\t<\/div>\n\t\t\t\t<\/div>\n\t\t\t\t<div class=\"elementor-element elementor-element-4b4f096 elementor-widget__width-auto elementor-widget elementor-widget-lucrezia_core_button\" data-id=\"4b4f096\" data-element_type=\"widget\" data-widget_type=\"lucrezia_core_button.default\">\n\t\t\t\t<div class=\"elementor-widget-container\">\n\t\t\t\t\t<a class=\"qodef-shortcode qodef-m  qodef-button qodef-layout--filled  qodef-html--link\" href=\"https:\/\/paper-eco.com\/it\/shop\/\" target=\"_self\" data-hover-color=\"#000000\" data-hover-background-color=\"#FFFFFF\" data-hover-border-color=\"#000000\" >\n\t<span class=\"qodef-m-text\">shop<\/span>\n<\/a>\n\t\t\t\t<\/div>\n\t\t\t\t<\/div>\n\t\t\t\t<\/div>\n\t\t<div class=\"elementor-element elementor-element-ec6275b e-con-full e-flex e-con e-child\" data-id=\"ec6275b\" data-element_type=\"container\">\n\t\t\t\t<div class=\"elementor-element elementor-element-3e2cb64 elementor-widget elementor-widget-heading\" data-id=\"3e2cb64\" data-element_type=\"widget\" data-widget_type=\"heading.default\">\n\t\t\t\t<div class=\"elementor-widget-container\">\n\t\t\t\t\t<div class=\"elementor-heading-title elementor-size-default\">scopri le nostre <span style=\"color: #cca77a\">idee regalo\necologiche in cartone<\/span><\/div>\t\t\t\t<\/div>\n\t\t\t\t<\/div>\n\t\t\t\t<\/div>\n\t\t\t\t<\/div>\n\t\t\t\t<\/div>\n\t\t\t\t<\/div>\n\t\t","protected":false},"excerpt":{"rendered":"<p>idee regalo Cosa scegliere tra le creazioni Paper Eco? Sei in difficolt\u00e0 ogni volta che devi pensare e scegliere un regalo da fare alla persona cara? Scopri i nostri consigli su alcune idee regalo originali e sostenibili. arte, foto e sostenibilit\u00e0: postyks Potresti regalare un Postyks, una cornice in cartone in cui viene inserita una [&hellip;]<\/p>\n","protected":false},"author":1,"featured_media":0,"parent":0,"menu_order":0,"comment_status":"closed","ping_status":"closed","template":"page-full-width.php","meta":{"footnotes":""},"class_list":["post-18776","page","type-page","status-publish","hentry"],"yoast_head":"<!-- This site is optimized with the Yoast SEO plugin v25.2 - https:\/\/yoast.com\/wordpress\/plugins\/seo\/ -->\n<title>Idee regalo sostenibili in cartone reciclato - Paper Eco<\/title>\n<meta name=\"description\" content=\"Idee regalo sostenibili e sorprendenti in cartone reciclato ideate da Paper Eco. Un regalo unico e eco-friendly visita il nostro shop on-line\" \/>\n<meta name=\"robots\" content=\"index, follow, max-snippet:-1, max-image-preview:large, max-video-preview:-1\" \/>\n<link rel=\"canonical\" href=\"https:\/\/paper-eco.com\/it\/idee-regalo\/\" \/>\n<meta property=\"og:locale\" content=\"it_IT\" \/>\n<meta property=\"og:type\" content=\"article\" \/>\n<meta property=\"og:title\" content=\"Idee regalo sostenibili in cartone reciclato - Paper Eco\" \/>\n<meta property=\"og:description\" content=\"Idee regalo sostenibili e sorprendenti in cartone reciclato ideate da Paper Eco. Un regalo unico e eco-friendly visita il nostro shop on-line\" \/>\n<meta property=\"og:url\" content=\"https:\/\/paper-eco.com\/it\/idee-regalo\/\" \/>\n<meta property=\"og:site_name\" content=\"Paper Eco\" \/>\n<meta property=\"article:modified_time\" content=\"2025-03-24T23:11:50+00:00\" \/>\n<meta property=\"og:image\" content=\"https:\/\/paper-eco.com\/wp-content\/uploads\/2024\/12\/logo-postyks.png\" \/>\n<meta name=\"twitter:card\" content=\"summary_large_image\" \/>\n<meta name=\"twitter:label1\" content=\"Tempo di lettura stimato\" \/>\n\t<meta name=\"twitter:data1\" content=\"4 minuti\" \/>\n<script type=\"application\/ld+json\" class=\"yoast-schema-graph\">{\"@context\":\"https:\/\/schema.org\",\"@graph\":[{\"@type\":\"WebPage\",\"@id\":\"https:\/\/paper-eco.com\/it\/idee-regalo\/\",\"url\":\"https:\/\/paper-eco.com\/it\/idee-regalo\/\",\"name\":\"Idee regalo sostenibili in cartone reciclato - Paper Eco\",\"isPartOf\":{\"@id\":\"https:\/\/paper-eco.com\/it\/#website\"},\"primaryImageOfPage\":{\"@id\":\"https:\/\/paper-eco.com\/it\/idee-regalo\/#primaryimage\"},\"image\":{\"@id\":\"https:\/\/paper-eco.com\/it\/idee-regalo\/#primaryimage\"},\"thumbnailUrl\":\"https:\/\/paper-eco.com\/wp-content\/uploads\/2024\/12\/logo-postyks.png\",\"datePublished\":\"2024-12-11T11:56:36+00:00\",\"dateModified\":\"2025-03-24T23:11:50+00:00\",\"description\":\"Idee regalo sostenibili e sorprendenti in cartone reciclato ideate da Paper Eco. Un regalo unico e eco-friendly visita il nostro shop on-line\",\"breadcrumb\":{\"@id\":\"https:\/\/paper-eco.com\/it\/idee-regalo\/#breadcrumb\"},\"inLanguage\":\"it-IT\",\"potentialAction\":[{\"@type\":\"ReadAction\",\"target\":[\"https:\/\/paper-eco.com\/it\/idee-regalo\/\"]}]},{\"@type\":\"ImageObject\",\"inLanguage\":\"it-IT\",\"@id\":\"https:\/\/paper-eco.com\/it\/idee-regalo\/#primaryimage\",\"url\":\"https:\/\/paper-eco.com\/wp-content\/uploads\/2024\/12\/logo-postyks.png\",\"contentUrl\":\"https:\/\/paper-eco.com\/wp-content\/uploads\/2024\/12\/logo-postyks.png\"},{\"@type\":\"BreadcrumbList\",\"@id\":\"https:\/\/paper-eco.com\/it\/idee-regalo\/#breadcrumb\",\"itemListElement\":[{\"@type\":\"ListItem\",\"position\":1,\"name\":\"Home\",\"item\":\"https:\/\/paper-eco.com\/it\/\"},{\"@type\":\"ListItem\",\"position\":2,\"name\":\"Idee regalo\"}]},{\"@type\":\"WebSite\",\"@id\":\"https:\/\/paper-eco.com\/it\/#website\",\"url\":\"https:\/\/paper-eco.com\/it\/\",\"name\":\"Paper Eco\",\"description\":\"\",\"potentialAction\":[{\"@type\":\"SearchAction\",\"target\":{\"@type\":\"EntryPoint\",\"urlTemplate\":\"https:\/\/paper-eco.com\/it\/?s={search_term_string}\"},\"query-input\":{\"@type\":\"PropertyValueSpecification\",\"valueRequired\":true,\"valueName\":\"search_term_string\"}}],\"inLanguage\":\"it-IT\"}]}<\/script>\n<!-- \/ Yoast SEO plugin. -->","yoast_head_json":{"title":"Idee regalo sostenibili in cartone reciclato - Paper Eco","description":"Idee regalo sostenibili e sorprendenti in cartone reciclato ideate da Paper Eco. Un regalo unico e eco-friendly visita il nostro shop on-line","robots":{"index":"index","follow":"follow","max-snippet":"max-snippet:-1","max-image-preview":"max-image-preview:large","max-video-preview":"max-video-preview:-1"},"canonical":"https:\/\/paper-eco.com\/it\/idee-regalo\/","og_locale":"it_IT","og_type":"article","og_title":"Idee regalo sostenibili in cartone reciclato - Paper Eco","og_description":"Idee regalo sostenibili e sorprendenti in cartone reciclato ideate da Paper Eco. Un regalo unico e eco-friendly visita il nostro shop on-line","og_url":"https:\/\/paper-eco.com\/it\/idee-regalo\/","og_site_name":"Paper Eco","article_modified_time":"2025-03-24T23:11:50+00:00","og_image":[{"url":"https:\/\/paper-eco.com\/wp-content\/uploads\/2024\/12\/logo-postyks.png","type":"","width":"","height":""}],"twitter_card":"summary_large_image","twitter_misc":{"Tempo di lettura stimato":"4 minuti"},"schema":{"@context":"https:\/\/schema.org","@graph":[{"@type":"WebPage","@id":"https:\/\/paper-eco.com\/it\/idee-regalo\/","url":"https:\/\/paper-eco.com\/it\/idee-regalo\/","name":"Idee regalo sostenibili in cartone reciclato - Paper Eco","isPartOf":{"@id":"https:\/\/paper-eco.com\/it\/#website"},"primaryImageOfPage":{"@id":"https:\/\/paper-eco.com\/it\/idee-regalo\/#primaryimage"},"image":{"@id":"https:\/\/paper-eco.com\/it\/idee-regalo\/#primaryimage"},"thumbnailUrl":"https:\/\/paper-eco.com\/wp-content\/uploads\/2024\/12\/logo-postyks.png","datePublished":"2024-12-11T11:56:36+00:00","dateModified":"2025-03-24T23:11:50+00:00","description":"Idee regalo sostenibili e sorprendenti in cartone reciclato ideate da Paper Eco. Un regalo unico e eco-friendly visita il nostro shop on-line","breadcrumb":{"@id":"https:\/\/paper-eco.com\/it\/idee-regalo\/#breadcrumb"},"inLanguage":"it-IT","potentialAction":[{"@type":"ReadAction","target":["https:\/\/paper-eco.com\/it\/idee-regalo\/"]}]},{"@type":"ImageObject","inLanguage":"it-IT","@id":"https:\/\/paper-eco.com\/it\/idee-regalo\/#primaryimage","url":"https:\/\/paper-eco.com\/wp-content\/uploads\/2024\/12\/logo-postyks.png","contentUrl":"https:\/\/paper-eco.com\/wp-content\/uploads\/2024\/12\/logo-postyks.png"},{"@type":"BreadcrumbList","@id":"https:\/\/paper-eco.com\/it\/idee-regalo\/#breadcrumb","itemListElement":[{"@type":"ListItem","position":1,"name":"Home","item":"https:\/\/paper-eco.com\/it\/"},{"@type":"ListItem","position":2,"name":"Idee regalo"}]},{"@type":"WebSite","@id":"https:\/\/paper-eco.com\/it\/#website","url":"https:\/\/paper-eco.com\/it\/","name":"Paper Eco","description":"","potentialAction":[{"@type":"SearchAction","target":{"@type":"EntryPoint","urlTemplate":"https:\/\/paper-eco.com\/it\/?s={search_term_string}"},"query-input":{"@type":"PropertyValueSpecification","valueRequired":true,"valueName":"search_term_string"}}],"inLanguage":"it-IT"}]}},"_links":{"self":[{"href":"https:\/\/paper-eco.com\/it\/wp-json\/wp\/v2\/pages\/18776","targetHints":{"allow":["GET"]}}],"collection":[{"href":"https:\/\/paper-eco.com\/it\/wp-json\/wp\/v2\/pages"}],"about":[{"href":"https:\/\/paper-eco.com\/it\/wp-json\/wp\/v2\/types\/page"}],"author":[{"embeddable":true,"href":"https:\/\/paper-eco.com\/it\/wp-json\/wp\/v2\/users\/1"}],"replies":[{"embeddable":true,"href":"https:\/\/paper-eco.com\/it\/wp-json\/wp\/v2\/comments?post=18776"}],"version-history":[{"count":52,"href":"https:\/\/paper-eco.com\/it\/wp-json\/wp\/v2\/pages\/18776\/revisions"}],"predecessor-version":[{"id":20674,"href":"https:\/\/paper-eco.com\/it\/wp-json\/wp\/v2\/pages\/18776\/revisions\/20674"}],"wp:attachment":[{"href":"https:\/\/paper-eco.com\/it\/wp-json\/wp\/v2\/media?parent=18776"}],"curies":[{"name":"wp","href":"https:\/\/api.w.org\/{rel}","templated":true}]}}