{"id":9400,"date":"2024-12-09T09:33:03","date_gmt":"2024-12-09T09:33:03","guid":{"rendered":"https:\/\/newsite.paper-eco.com\/?page_id=9400"},"modified":"2025-03-24T23:13:01","modified_gmt":"2025-03-24T23:13:01","slug":"sostenibilita","status":"publish","type":"page","link":"https:\/\/paper-eco.com\/it\/sostenibilita\/","title":{"rendered":"Sostenibilit\u00e0"},"content":{"rendered":"\t\t<div data-elementor-type=\"wp-page\" data-elementor-id=\"9400\" class=\"elementor elementor-9400\">\n\t\t\t\t<div class=\"elementor-element elementor-element-4f07e53 e-con-full e-flex e-con e-parent\" data-id=\"4f07e53\" data-element_type=\"container\">\n\t\t<div class=\"elementor-element elementor-element-2e592fb e-con-full e-flex e-con e-child\" data-id=\"2e592fb\" data-element_type=\"container\">\n\t\t\t\t<div class=\"elementor-element elementor-element-e40db70 elementor-widget elementor-widget-lucrezia_core_custom_font\" data-id=\"e40db70\" data-element_type=\"widget\" data-widget_type=\"lucrezia_core_custom_font.default\">\n\t\t\t\t<div class=\"elementor-widget-container\">\n\t\t\t\t\t<p class=\"qodef-shortcode qodef-m  qodef-custom-font qodef-custom-font-625 qodef-layout--simple qodef-alignment--center qodef--has-appear \" style=\"font-family: poppins;font-size: 6.4vw;line-height: 1.3em;letter-spacing: -3px;font-weight: 500\">\n\t\t\t\t\t\t<span class=\"qodef--word\"><span class=\"qode--char\">d<\/span><span class=\"qode--char\">e<\/span><span class=\"qode--char\">s<\/span><span class=\"qode--char\">i<\/span><span class=\"qode--char\">g<\/span><span class=\"qode--char\">n<\/span><\/span> <span class=\"qodef--word\"><span class=\"qode--char\">s<\/span><span class=\"qode--char\">o<\/span><span class=\"qode--char\">s<\/span><span class=\"qode--char\">t<\/span><span class=\"qode--char\">e<\/span><span class=\"qode--char\">n<\/span><span class=\"qode--char\">i<\/span><span class=\"qode--char\">b<\/span><span class=\"qode--char\">i<\/span><span class=\"qode--char\">l<\/span><span class=\"qode--char\">e<\/span><\/span> <span class=\"qodef--word\"><span class=\"qode--char\">e<\/span><\/span> <span class=\"qodef--word\"><span class=\"qode--char\">e<\/span><span class=\"qode--char\">t<\/span><span class=\"qode--char\">i<\/span><span class=\"qode--char\">c<\/span><span class=\"qode--char\">o<\/span><\/span>\t\t\t<\/p>\n\t\t\t\t<\/div>\n\t\t\t\t<\/div>\n\t\t\t\t<\/div>\n\t\t\t\t<\/div>\n\t\t<div class=\"elementor-element elementor-element-d914f90 e-con-full e-flex e-con e-parent\" data-id=\"d914f90\" data-element_type=\"container\" data-settings=\"{&quot;background_background&quot;:&quot;classic&quot;}\">\n\t\t<div class=\"elementor-element elementor-element-72017bb e-con-full e-flex e-con e-child\" data-id=\"72017bb\" data-element_type=\"container\">\n\t\t\t\t<\/div>\n\t\t\t\t<\/div>\n\t\t<div class=\"elementor-element elementor-element-b8a563d e-con-full e-flex e-con e-parent\" data-id=\"b8a563d\" data-element_type=\"container\">\n\t\t<div class=\"elementor-element elementor-element-f8dda46 e-con-full e-flex e-con e-child\" data-id=\"f8dda46\" data-element_type=\"container\">\n\t\t<div class=\"elementor-element elementor-element-afcbe5d e-con-full e-flex e-con e-child\" data-id=\"afcbe5d\" data-element_type=\"container\">\n\t\t\t\t<div class=\"elementor-element elementor-element-3947d2d elementor-widget elementor-widget-text-editor\" data-id=\"3947d2d\" data-element_type=\"widget\" data-widget_type=\"text-editor.default\">\n\t\t\t\t<div class=\"elementor-widget-container\">\n\t\t\t\t\t\t\t\t\t<p>In un <strong>mondo in continua evoluzione<\/strong>, il tema della <strong>sostenibilit\u00e0<\/strong> non \u00e8 solo una priorit\u00e0, ma una responsabilit\u00e0 verso il nostro pianeta e le generazioni future. La nostra <strong>azienda<\/strong> crede fermamente che ogni azione conti e si impegna a fare scelte consapevoli per ridurre l&#8217;impatto ambientale, contribuendo al benessere del pianeta.<\/p>\t\t\t\t\t\t\t\t<\/div>\n\t\t\t\t<\/div>\n\t\t\t\t<\/div>\n\t\t\t\t<\/div>\n\t\t\t\t<\/div>\n\t\t<div class=\"elementor-element elementor-element-bbf5721 e-con-full e-flex e-con e-parent\" data-id=\"bbf5721\" data-element_type=\"container\">\n\t\t\t\t<div class=\"elementor-element elementor-element-fc80a6d elementor-widget__width-inherit elementor-widget elementor-widget-lucrezia_core_section_title\" data-id=\"fc80a6d\" data-element_type=\"widget\" data-widget_type=\"lucrezia_core_section_title.default\">\n\t\t\t\t<div class=\"elementor-widget-container\">\n\t\t\t\t\t<div class=\"qodef-shortcode qodef-m  qodef-section-title qodef-alignment--left  qodef-title-line--yes\">\n\t\t<h3 class=\"qodef-m-title\" >\n\t\t\t\t\tle scelte di paper eco a tema sostenibilit\u00e0\t\t\t<\/h3>\n\t<\/div>\n\t\t\t\t<\/div>\n\t\t\t\t<\/div>\n\t\t\t\t<\/div>\n\t\t<div class=\"elementor-element elementor-element-3653d4f e-con-full e-flex e-con e-parent\" data-id=\"3653d4f\" data-element_type=\"container\">\n\t\t<div class=\"elementor-element elementor-element-637c3fb e-con-full e-flex e-con e-child\" data-id=\"637c3fb\" data-element_type=\"container\">\n\t\t<div class=\"elementor-element elementor-element-6a57f07 e-con-full e-flex e-con e-child\" data-id=\"6a57f07\" data-element_type=\"container\">\n\t\t\t\t<div class=\"elementor-element elementor-element-edfae5c elementor-widget elementor-widget-text-editor\" data-id=\"edfae5c\" data-element_type=\"widget\" data-widget_type=\"text-editor.default\">\n\t\t\t\t<div class=\"elementor-widget-container\">\n\t\t\t\t\t\t\t\t\t<p>Lavoriamo costantemente per implementare processi e materiali che rispettano l&#8217;ambiente e che promuovono un uso responsabile delle risorse naturali. Le nostre iniziative di sostenibilit\u00e0 includono:<\/p>\t\t\t\t\t\t\t\t<\/div>\n\t\t\t\t<\/div>\n\t\t\t\t<\/div>\n\t\t<div class=\"elementor-element elementor-element-3e9e837 e-con-full e-flex e-con e-child\" data-id=\"3e9e837\" data-element_type=\"container\">\n\t\t\t\t<div class=\"elementor-element elementor-element-02b32c4 elementor-widget elementor-widget-image\" data-id=\"02b32c4\" data-element_type=\"widget\" data-widget_type=\"image.default\">\n\t\t\t\t<div class=\"elementor-widget-container\">\n\t\t\t\t\t\t\t\t\t\t\t\t\t\t\t<img decoding=\"async\" width=\"150\" height=\"150\" src=\"https:\/\/paper-eco.com\/wp-content\/uploads\/2025\/02\/sostenibilita_icona_ecofriendly-150x150.png\" class=\"attachment-thumbnail size-thumbnail wp-image-19085\" alt=\"\" srcset=\"https:\/\/paper-eco.com\/wp-content\/uploads\/2025\/02\/sostenibilita_icona_ecofriendly-150x150.png 150w, https:\/\/paper-eco.com\/wp-content\/uploads\/2025\/02\/sostenibilita_icona_ecofriendly-100x100.png 100w, https:\/\/paper-eco.com\/wp-content\/uploads\/2025\/02\/sostenibilita_icona_ecofriendly.png 256w\" sizes=\"(max-width: 150px) 100vw, 150px\" \/>\t\t\t\t\t\t\t\t\t\t\t\t\t\t\t<\/div>\n\t\t\t\t<\/div>\n\t\t\t\t<div class=\"elementor-element elementor-element-7977e55 elementor-widget elementor-widget-qi_addons_for_elementor_icon_with_text\" data-id=\"7977e55\" data-element_type=\"widget\" data-widget_type=\"qi_addons_for_elementor_icon_with_text.default\">\n\t\t\t\t<div class=\"elementor-widget-container\">\n\t\t\t\t\t<div class=\"qodef-shortcode qodef-m qodef-qi-icon-with-text qodef-layout--top qodef-icon-boxed qodef-- qodef-alignment--center\" >\n\t\t<div class=\"qodef-m-content\">\n\t\t\t\t\t<h4 class=\"qodef-m-title\">\n\t\t\t\t\t<span class=\"qodef-m-title-text\">Materiali eco-friendly<\/span>\n\t\t\t<\/h4>\n\t\t\t<div class=\"qodef-m-text\"><p>utilizziamo il cartone per minimizzare gli sprechi e promuovere un ciclo produttivo sostenibile<\/p><\/div>\n\t\t\t<\/div>\n<\/div>\n\t\t\t\t<\/div>\n\t\t\t\t<\/div>\n\t\t\t\t<\/div>\n\t\t<div class=\"elementor-element elementor-element-de49b53 e-con-full e-flex e-con e-child\" data-id=\"de49b53\" data-element_type=\"container\">\n\t\t\t\t<div class=\"elementor-element elementor-element-612f07e elementor-widget elementor-widget-image\" data-id=\"612f07e\" data-element_type=\"widget\" data-widget_type=\"image.default\">\n\t\t\t\t<div class=\"elementor-widget-container\">\n\t\t\t\t\t\t\t\t\t\t\t\t\t\t\t<img decoding=\"async\" width=\"150\" height=\"150\" src=\"https:\/\/paper-eco.com\/wp-content\/uploads\/2025\/02\/sostenibilita_icona_riciclo-150x150.png\" class=\"attachment-thumbnail size-thumbnail wp-image-19087\" alt=\"\" srcset=\"https:\/\/paper-eco.com\/wp-content\/uploads\/2025\/02\/sostenibilita_icona_riciclo-150x150.png 150w, https:\/\/paper-eco.com\/wp-content\/uploads\/2025\/02\/sostenibilita_icona_riciclo-100x100.png 100w, https:\/\/paper-eco.com\/wp-content\/uploads\/2025\/02\/sostenibilita_icona_riciclo.png 256w\" sizes=\"(max-width: 150px) 100vw, 150px\" \/>\t\t\t\t\t\t\t\t\t\t\t\t\t\t\t<\/div>\n\t\t\t\t<\/div>\n\t\t\t\t<div class=\"elementor-element elementor-element-bb995c3 elementor-widget elementor-widget-qi_addons_for_elementor_icon_with_text\" data-id=\"bb995c3\" data-element_type=\"widget\" data-widget_type=\"qi_addons_for_elementor_icon_with_text.default\">\n\t\t\t\t<div class=\"elementor-widget-container\">\n\t\t\t\t\t<div class=\"qodef-shortcode qodef-m qodef-qi-icon-with-text qodef-layout--top qodef-icon-boxed qodef-- qodef-alignment--center\" >\n\t\t<div class=\"qodef-m-content\">\n\t\t\t\t\t<h4 class=\"qodef-m-title\">\n\t\t\t\t\t<span class=\"qodef-m-title-text\">Riduzione degli sprechi<\/span>\n\t\t\t<\/h4>\n\t\t\t<div class=\"qodef-m-text\"><p>adottiamo soluzioni che riducono al minimo l\u2019utilizzo di materie prime e incentivano la circolarit\u00e0 dei prodotti, dando una seconda vita ai materiali al termine del loro ciclo di utilizzo.<\/p><\/div>\n\t\t\t<\/div>\n<\/div>\n\t\t\t\t<\/div>\n\t\t\t\t<\/div>\n\t\t\t\t<\/div>\n\t\t\t\t<\/div>\n\t\t\t\t<\/div>\n\t\t<div class=\"elementor-element elementor-element-e5e6f63 e-con-full e-flex e-con e-parent\" data-id=\"e5e6f63\" data-element_type=\"container\">\n\t\t<div class=\"elementor-element elementor-element-1832430 e-con-full e-flex e-con e-child\" data-id=\"1832430\" data-element_type=\"container\">\n\t\t<div class=\"elementor-element elementor-element-b9e9508 e-con-full e-flex e-con e-child\" data-id=\"b9e9508\" data-element_type=\"container\">\n\t\t\t\t<div class=\"elementor-element elementor-element-e879da9 elementor-widget elementor-widget-text-editor\" data-id=\"e879da9\" data-element_type=\"widget\" data-widget_type=\"text-editor.default\">\n\t\t\t\t<div class=\"elementor-widget-container\">\n\t\t\t\t\t\t\t\t\t<p>I nostri prodotti in cartone sono progettati non solo per rispondere a esigenze funzionali ed estetiche, ma anche per rispettare l\u2019ambiente. Ad esempio i nostri <strong>arredamenti e complementi d&#8217;arredo<\/strong> sono completamente riciclabili, resistenti e a ridotto impatto ambientale.<\/p>\t\t\t\t\t\t\t\t<\/div>\n\t\t\t\t<\/div>\n\t\t\t\t<\/div>\n\t\t<div class=\"elementor-element elementor-element-a41a9aa e-con-full e-flex e-con e-child\" data-id=\"a41a9aa\" data-element_type=\"container\">\n\t\t\t\t<div class=\"elementor-element elementor-element-6951f6b elementor-widget elementor-widget-text-editor\" data-id=\"6951f6b\" data-element_type=\"widget\" data-widget_type=\"text-editor.default\">\n\t\t\t\t<div class=\"elementor-widget-container\">\n\t\t\t\t\t\t\t\t\t<p>La <strong>sostenibilit\u00e0<\/strong> per noi significa anche <strong>responsabilit\u00e0 sociale<\/strong>. Collaboriamo con fornitori che condividono i nostri stessi valori e sosteniamo progetti di riforestazione e rigenerazione degli ecosistemi. Parte del nostro impegno \u00e8 anche sensibilizzare i nostri clienti verso scelte pi\u00f9 consapevoli e responsabili.<\/p>\t\t\t\t\t\t\t\t<\/div>\n\t\t\t\t<\/div>\n\t\t\t\t<\/div>\n\t\t<div class=\"elementor-element elementor-element-21bb08f e-con-full e-flex e-con e-child\" data-id=\"21bb08f\" data-element_type=\"container\">\n\t\t\t\t<div class=\"elementor-element elementor-element-6cbfcc6 elementor-widget elementor-widget-heading\" data-id=\"6cbfcc6\" data-element_type=\"widget\" data-widget_type=\"heading.default\">\n\t\t\t\t<div class=\"elementor-widget-container\">\n\t\t\t\t\t<h4 class=\"elementor-heading-title elementor-size-default\">Entra nella community Paper Eco e unisciti al cambiamento<\/h4>\t\t\t\t<\/div>\n\t\t\t\t<\/div>\n\t\t\t\t<div class=\"elementor-element elementor-element-65b47df elementor-widget elementor-widget-text-editor\" data-id=\"65b47df\" data-element_type=\"widget\" data-widget_type=\"text-editor.default\">\n\t\t\t\t<div class=\"elementor-widget-container\">\n\t\t\t\t\t\t\t\t\t<p>Crediamo che il cambiamento inizi con piccoli gesti. Ecco perch\u00e9 invitiamo i nostri clienti e partner a unirsi a noi in questo percorso verso la sostenibilit\u00e0. Insieme possiamo fare la differenza, lavorando per un futuro in cui ambiente e innovazione camminano di pari passo.<\/p>\t\t\t\t\t\t\t\t<\/div>\n\t\t\t\t<\/div>\n\t\t\t\t<\/div>\n\t\t\t\t<\/div>\n\t\t\t\t<\/div>\n\t\t<div class=\"elementor-element elementor-element-1f0c9ae e-con-full e-flex e-con e-parent\" data-id=\"1f0c9ae\" data-element_type=\"container\">\n\t\t<div class=\"elementor-element elementor-element-e7ca31a e-con-full e-flex e-con e-child\" data-id=\"e7ca31a\" data-element_type=\"container\">\n\t\t\t\t<div class=\"elementor-element elementor-element-39d1ed8 elementor-widget__width-initial elementor-widget elementor-widget-lucrezia_core_custom_font\" data-id=\"39d1ed8\" data-element_type=\"widget\" data-widget_type=\"lucrezia_core_custom_font.default\">\n\t\t\t\t<div class=\"elementor-widget-container\">\n\t\t\t\t\t<h1 class=\"qodef-shortcode qodef-m  qodef-custom-font qodef-custom-font-760 qodef-layout--simple qodef-alignment--center  qodef--has-hover\" >\n\t\t\t\t\t\tvuoi lavorare con noi?\t\t\t<\/h1>\n\t\t\t\t<\/div>\n\t\t\t\t<\/div>\n\t\t\t\t<div class=\"elementor-element elementor-element-534ca71 elementor-widget__width-initial elementor-widget elementor-widget-lucrezia_core_custom_font\" data-id=\"534ca71\" data-element_type=\"widget\" data-widget_type=\"lucrezia_core_custom_font.default\">\n\t\t\t\t<div class=\"elementor-widget-container\">\n\t\t\t\t\t<h1 class=\"qodef-shortcode qodef-m  qodef-custom-font qodef-custom-font-823 qodef-layout--simple qodef-alignment--center  qodef--has-hover\" >\n\t\t<a itemprop=\"url\" href=\"https:\/\/paper-eco.com\/it\/contatti\/\" target=\"_self\">\n\t\t\t\t\t\tcontattaci\t\t\t\t<\/a>\n\t<\/h1>\n\t\t\t\t<\/div>\n\t\t\t\t<\/div>\n\t\t\t\t<\/div>\n\t\t\t\t<\/div>\n\t\t\t\t<\/div>\n\t\t","protected":false},"excerpt":{"rendered":"<p>design sostenibile e etico In un mondo in continua evoluzione, il tema della sostenibilit\u00e0 non \u00e8 solo una priorit\u00e0, ma una responsabilit\u00e0 verso il nostro pianeta e le generazioni future. La nostra azienda crede fermamente che ogni azione conti e si impegna a fare scelte consapevoli per ridurre l&#8217;impatto ambientale, contribuendo al benessere del pianeta. [&hellip;]<\/p>\n","protected":false},"author":1,"featured_media":0,"parent":0,"menu_order":0,"comment_status":"closed","ping_status":"closed","template":"page-full-width.php","meta":{"footnotes":""},"class_list":["post-9400","page","type-page","status-publish","hentry"],"yoast_head":"<!-- This site is optimized with the Yoast SEO plugin v25.2 - https:\/\/yoast.com\/wordpress\/plugins\/seo\/ -->\n<title>Prodotti di arredo sostenibili di cartone - Paper Eco<\/title>\n<meta name=\"description\" content=\"Scopri subito tutti i prodotti di arredo sostenibili di cartone riciclato nel sito di Paper Eco. La sostenibilit\u00e0 \u00e8 la nostra forza.\" \/>\n<meta name=\"robots\" content=\"index, follow, max-snippet:-1, max-image-preview:large, max-video-preview:-1\" \/>\n<link rel=\"canonical\" href=\"https:\/\/paper-eco.com\/it\/sostenibilita\/\" \/>\n<meta property=\"og:locale\" content=\"it_IT\" \/>\n<meta property=\"og:type\" content=\"article\" \/>\n<meta property=\"og:title\" content=\"Prodotti di arredo sostenibili di cartone - Paper Eco\" \/>\n<meta property=\"og:description\" content=\"Scopri subito tutti i prodotti di arredo sostenibili di cartone riciclato nel sito di Paper Eco. La sostenibilit\u00e0 \u00e8 la nostra forza.\" \/>\n<meta property=\"og:url\" content=\"https:\/\/paper-eco.com\/it\/sostenibilita\/\" \/>\n<meta property=\"og:site_name\" content=\"Paper Eco\" \/>\n<meta property=\"article:modified_time\" content=\"2025-03-24T23:13:01+00:00\" \/>\n<meta property=\"og:image\" content=\"https:\/\/paper-eco.com\/wp-content\/uploads\/2025\/02\/sostenibilita_icona_ecofriendly-150x150.png\" \/>\n<meta name=\"twitter:card\" content=\"summary_large_image\" \/>\n<meta name=\"twitter:label1\" content=\"Tempo di lettura stimato\" \/>\n\t<meta name=\"twitter:data1\" content=\"2 minuti\" \/>\n<script type=\"application\/ld+json\" class=\"yoast-schema-graph\">{\"@context\":\"https:\/\/schema.org\",\"@graph\":[{\"@type\":\"WebPage\",\"@id\":\"https:\/\/paper-eco.com\/it\/sostenibilita\/\",\"url\":\"https:\/\/paper-eco.com\/it\/sostenibilita\/\",\"name\":\"Prodotti di arredo sostenibili di cartone - Paper Eco\",\"isPartOf\":{\"@id\":\"https:\/\/paper-eco.com\/it\/#website\"},\"primaryImageOfPage\":{\"@id\":\"https:\/\/paper-eco.com\/it\/sostenibilita\/#primaryimage\"},\"image\":{\"@id\":\"https:\/\/paper-eco.com\/it\/sostenibilita\/#primaryimage\"},\"thumbnailUrl\":\"https:\/\/paper-eco.com\/wp-content\/uploads\/2025\/02\/sostenibilita_icona_ecofriendly-150x150.png\",\"datePublished\":\"2024-12-09T09:33:03+00:00\",\"dateModified\":\"2025-03-24T23:13:01+00:00\",\"description\":\"Scopri subito tutti i prodotti di arredo sostenibili di cartone riciclato nel sito di Paper Eco. La sostenibilit\u00e0 \u00e8 la nostra forza.\",\"breadcrumb\":{\"@id\":\"https:\/\/paper-eco.com\/it\/sostenibilita\/#breadcrumb\"},\"inLanguage\":\"it-IT\",\"potentialAction\":[{\"@type\":\"ReadAction\",\"target\":[\"https:\/\/paper-eco.com\/it\/sostenibilita\/\"]}]},{\"@type\":\"ImageObject\",\"inLanguage\":\"it-IT\",\"@id\":\"https:\/\/paper-eco.com\/it\/sostenibilita\/#primaryimage\",\"url\":\"https:\/\/paper-eco.com\/wp-content\/uploads\/2025\/02\/sostenibilita_icona_ecofriendly-150x150.png\",\"contentUrl\":\"https:\/\/paper-eco.com\/wp-content\/uploads\/2025\/02\/sostenibilita_icona_ecofriendly-150x150.png\"},{\"@type\":\"BreadcrumbList\",\"@id\":\"https:\/\/paper-eco.com\/it\/sostenibilita\/#breadcrumb\",\"itemListElement\":[{\"@type\":\"ListItem\",\"position\":1,\"name\":\"Home\",\"item\":\"https:\/\/paper-eco.com\/it\/\"},{\"@type\":\"ListItem\",\"position\":2,\"name\":\"Sostenibilit\u00e0\"}]},{\"@type\":\"WebSite\",\"@id\":\"https:\/\/paper-eco.com\/it\/#website\",\"url\":\"https:\/\/paper-eco.com\/it\/\",\"name\":\"Paper Eco\",\"description\":\"\",\"potentialAction\":[{\"@type\":\"SearchAction\",\"target\":{\"@type\":\"EntryPoint\",\"urlTemplate\":\"https:\/\/paper-eco.com\/it\/?s={search_term_string}\"},\"query-input\":{\"@type\":\"PropertyValueSpecification\",\"valueRequired\":true,\"valueName\":\"search_term_string\"}}],\"inLanguage\":\"it-IT\"}]}<\/script>\n<!-- \/ Yoast SEO plugin. -->","yoast_head_json":{"title":"Prodotti di arredo sostenibili di cartone - Paper Eco","description":"Scopri subito tutti i prodotti di arredo sostenibili di cartone riciclato nel sito di Paper Eco. La sostenibilit\u00e0 \u00e8 la nostra forza.","robots":{"index":"index","follow":"follow","max-snippet":"max-snippet:-1","max-image-preview":"max-image-preview:large","max-video-preview":"max-video-preview:-1"},"canonical":"https:\/\/paper-eco.com\/it\/sostenibilita\/","og_locale":"it_IT","og_type":"article","og_title":"Prodotti di arredo sostenibili di cartone - Paper Eco","og_description":"Scopri subito tutti i prodotti di arredo sostenibili di cartone riciclato nel sito di Paper Eco. La sostenibilit\u00e0 \u00e8 la nostra forza.","og_url":"https:\/\/paper-eco.com\/it\/sostenibilita\/","og_site_name":"Paper Eco","article_modified_time":"2025-03-24T23:13:01+00:00","og_image":[{"url":"https:\/\/paper-eco.com\/wp-content\/uploads\/2025\/02\/sostenibilita_icona_ecofriendly-150x150.png","type":"","width":"","height":""}],"twitter_card":"summary_large_image","twitter_misc":{"Tempo di lettura stimato":"2 minuti"},"schema":{"@context":"https:\/\/schema.org","@graph":[{"@type":"WebPage","@id":"https:\/\/paper-eco.com\/it\/sostenibilita\/","url":"https:\/\/paper-eco.com\/it\/sostenibilita\/","name":"Prodotti di arredo sostenibili di cartone - Paper Eco","isPartOf":{"@id":"https:\/\/paper-eco.com\/it\/#website"},"primaryImageOfPage":{"@id":"https:\/\/paper-eco.com\/it\/sostenibilita\/#primaryimage"},"image":{"@id":"https:\/\/paper-eco.com\/it\/sostenibilita\/#primaryimage"},"thumbnailUrl":"https:\/\/paper-eco.com\/wp-content\/uploads\/2025\/02\/sostenibilita_icona_ecofriendly-150x150.png","datePublished":"2024-12-09T09:33:03+00:00","dateModified":"2025-03-24T23:13:01+00:00","description":"Scopri subito tutti i prodotti di arredo sostenibili di cartone riciclato nel sito di Paper Eco. La sostenibilit\u00e0 \u00e8 la nostra forza.","breadcrumb":{"@id":"https:\/\/paper-eco.com\/it\/sostenibilita\/#breadcrumb"},"inLanguage":"it-IT","potentialAction":[{"@type":"ReadAction","target":["https:\/\/paper-eco.com\/it\/sostenibilita\/"]}]},{"@type":"ImageObject","inLanguage":"it-IT","@id":"https:\/\/paper-eco.com\/it\/sostenibilita\/#primaryimage","url":"https:\/\/paper-eco.com\/wp-content\/uploads\/2025\/02\/sostenibilita_icona_ecofriendly-150x150.png","contentUrl":"https:\/\/paper-eco.com\/wp-content\/uploads\/2025\/02\/sostenibilita_icona_ecofriendly-150x150.png"},{"@type":"BreadcrumbList","@id":"https:\/\/paper-eco.com\/it\/sostenibilita\/#breadcrumb","itemListElement":[{"@type":"ListItem","position":1,"name":"Home","item":"https:\/\/paper-eco.com\/it\/"},{"@type":"ListItem","position":2,"name":"Sostenibilit\u00e0"}]},{"@type":"WebSite","@id":"https:\/\/paper-eco.com\/it\/#website","url":"https:\/\/paper-eco.com\/it\/","name":"Paper Eco","description":"","potentialAction":[{"@type":"SearchAction","target":{"@type":"EntryPoint","urlTemplate":"https:\/\/paper-eco.com\/it\/?s={search_term_string}"},"query-input":{"@type":"PropertyValueSpecification","valueRequired":true,"valueName":"search_term_string"}}],"inLanguage":"it-IT"}]}},"_links":{"self":[{"href":"https:\/\/paper-eco.com\/it\/wp-json\/wp\/v2\/pages\/9400","targetHints":{"allow":["GET"]}}],"collection":[{"href":"https:\/\/paper-eco.com\/it\/wp-json\/wp\/v2\/pages"}],"about":[{"href":"https:\/\/paper-eco.com\/it\/wp-json\/wp\/v2\/types\/page"}],"author":[{"embeddable":true,"href":"https:\/\/paper-eco.com\/it\/wp-json\/wp\/v2\/users\/1"}],"replies":[{"embeddable":true,"href":"https:\/\/paper-eco.com\/it\/wp-json\/wp\/v2\/comments?post=9400"}],"version-history":[{"count":64,"href":"https:\/\/paper-eco.com\/it\/wp-json\/wp\/v2\/pages\/9400\/revisions"}],"predecessor-version":[{"id":20641,"href":"https:\/\/paper-eco.com\/it\/wp-json\/wp\/v2\/pages\/9400\/revisions\/20641"}],"wp:attachment":[{"href":"https:\/\/paper-eco.com\/it\/wp-json\/wp\/v2\/media?parent=9400"}],"curies":[{"name":"wp","href":"https:\/\/api.w.org\/{rel}","templated":true}]}}