{"id":9430,"date":"2024-12-09T10:35:35","date_gmt":"2024-12-09T10:35:35","guid":{"rendered":"https:\/\/newsite.paper-eco.com\/?page_id=9430"},"modified":"2025-03-24T22:24:12","modified_gmt":"2025-03-24T22:24:12","slug":"mission","status":"publish","type":"page","link":"https:\/\/paper-eco.com\/it\/chi-siamo\/mission\/","title":{"rendered":"Mission"},"content":{"rendered":"\t\t<div data-elementor-type=\"wp-page\" data-elementor-id=\"9430\" class=\"elementor elementor-9430\">\n\t\t\t\t<div class=\"elementor-element elementor-element-d914f90 e-con-full e-flex e-con e-parent\" data-id=\"d914f90\" data-element_type=\"container\" data-settings=\"{&quot;background_background&quot;:&quot;classic&quot;}\">\n\t\t<div class=\"elementor-element elementor-element-72017bb e-con-full e-flex e-con e-child\" data-id=\"72017bb\" data-element_type=\"container\">\n\t\t\t\t<\/div>\n\t\t\t\t<\/div>\n\t\t<div class=\"elementor-element elementor-element-b8a563d e-con-full e-flex e-con e-parent\" data-id=\"b8a563d\" data-element_type=\"container\">\n\t\t<div class=\"elementor-element elementor-element-f8dda46 e-con-full e-flex e-con e-child\" data-id=\"f8dda46\" data-element_type=\"container\">\n\t\t<div class=\"elementor-element elementor-element-afcbe5d e-con-full e-flex e-con e-child\" data-id=\"afcbe5d\" data-element_type=\"container\">\n\t\t\t\t<div class=\"elementor-element elementor-element-42714df elementor-widget elementor-widget-image\" data-id=\"42714df\" data-element_type=\"widget\" data-widget_type=\"image.default\">\n\t\t\t\t<div class=\"elementor-widget-container\">\n\t\t\t\t\t\t\t\t\t\t\t\t\t\t\t<img fetchpriority=\"high\" decoding=\"async\" width=\"1024\" height=\"454\" src=\"https:\/\/paper-eco.com\/wp-content\/uploads\/2025\/02\/img_mission-1024x454.jpg\" class=\"attachment-large size-large wp-image-19064\" alt=\"\" srcset=\"https:\/\/paper-eco.com\/wp-content\/uploads\/2025\/02\/img_mission-1024x454.jpg 1024w, https:\/\/paper-eco.com\/wp-content\/uploads\/2025\/02\/img_mission-300x133.jpg 300w, https:\/\/paper-eco.com\/wp-content\/uploads\/2025\/02\/img_mission-768x340.jpg 768w, https:\/\/paper-eco.com\/wp-content\/uploads\/2025\/02\/img_mission-600x266.jpg 600w, https:\/\/paper-eco.com\/wp-content\/uploads\/2025\/02\/img_mission.jpg 1424w\" sizes=\"(max-width: 1024px) 100vw, 1024px\" \/>\t\t\t\t\t\t\t\t\t\t\t\t\t\t\t<\/div>\n\t\t\t\t<\/div>\n\t\t\t\t<\/div>\n\t\t<div class=\"elementor-element elementor-element-6056afc e-con-full e-flex e-con e-child\" data-id=\"6056afc\" data-element_type=\"container\">\n\t\t\t\t<div class=\"elementor-element elementor-element-452a0d3 elementor-widget elementor-widget-text-editor\" data-id=\"452a0d3\" data-element_type=\"widget\" data-widget_type=\"text-editor.default\">\n\t\t\t\t<div class=\"elementor-widget-container\">\n\t\t\t\t\t\t\t\t\t<p><strong>La nostra mission<\/strong> \u00e8 semplice e profonda: contribuire alla diffusione di comportamenti e azioni di protezione verso l\u2019ambiente. Crediamo fermamente che ogni <strong>piccolo gesto<\/strong> possa generare un impatto <strong>positivo<\/strong> e duraturo, e che insieme possiamo costruire un mondo pi\u00f9 verde e sostenibile.<\/p><p>Ci impegniamo a rendere la tutela dell\u2019<strong>ambiente<\/strong> accessibile a tutti, proponendo soluzioni innovative e responsabili per ridurre il nostro impatto ecologico e promuovere una cultura sostenibile. Dal risparmio delle risorse alla riduzione dei rifiuti, dalle <strong>energie rinnovabili<\/strong> alla <strong>responsabilit\u00e0 sociale<\/strong>, ogni nostra iniziativa \u00e8 orientata a sensibilizzare e a creare nuove opportunit\u00e0 di cambiamento.<\/p>\t\t\t\t\t\t\t\t<\/div>\n\t\t\t\t<\/div>\n\t\t\t\t<\/div>\n\t\t\t\t<\/div>\n\t\t\t\t<\/div>\n\t\t<div class=\"elementor-element elementor-element-19bdf83 e-con-full e-flex e-con e-parent\" data-id=\"19bdf83\" data-element_type=\"container\">\n\t\t\t\t<div class=\"elementor-element elementor-element-f292b5d elementor-widget__width-inherit elementor-widget elementor-widget-lucrezia_core_section_title\" data-id=\"f292b5d\" data-element_type=\"widget\" data-widget_type=\"lucrezia_core_section_title.default\">\n\t\t\t\t<div class=\"elementor-widget-container\">\n\t\t\t\t\t<div class=\"qodef-shortcode qodef-m  qodef-section-title qodef-alignment--left  qodef-title-line--yes\">\n\t\t<h4 class=\"qodef-m-title\" >\n\t\t\t\t\tPaper Eco: tra educazione, riciclo ed eventi di sensibilizzazione\t\t\t<\/h4>\n\t<\/div>\n\t\t\t\t<\/div>\n\t\t\t\t<\/div>\n\t\t\t\t<\/div>\n\t\t<div class=\"elementor-element elementor-element-2a86d47 e-con-full e-flex e-con e-parent\" data-id=\"2a86d47\" data-element_type=\"container\">\n\t\t<div class=\"elementor-element elementor-element-351361d e-con-full e-flex e-con e-child\" data-id=\"351361d\" data-element_type=\"container\">\n\t\t\t\t<div class=\"elementor-element elementor-element-647279d elementor-widget elementor-widget-text-editor\" data-id=\"647279d\" data-element_type=\"widget\" data-widget_type=\"text-editor.default\">\n\t\t\t\t<div class=\"elementor-widget-container\">\n\t\t\t\t\t\t\t\t\t<p><strong>Paper Eco, <\/strong>azienda di <strong>Casale sul Sile<\/strong> (Treviso), specializzata nella creazione di packaging e arredamento in cartone, svolge diverse azioni come:<\/p><ul><li><strong>Educazione e sensibilizzazione: <\/strong>organizziamo attivit\u00e0, eventi e campagne di sensibilizzazione per diffondere la consapevolezza sul tema della sostenibilit\u00e0. A questo proposito vogliamo ispirare aziende, scuole e comunit\u00e0 locali a fare scelte ecologiche. Un esempio di queste azioni di sensibilizzazione sulle tematiche ambientali \u00e8 l\u2019iniziativa <strong>IoAgisco2<\/strong> che abbiamo organizzato qualche anno fa.<\/li><li><strong>Riduzione dei rifiuti e sviluppo di economia circolare: <\/strong>il nostro obiettivo \u00e8 quello di diffondere una cultura del riuso e del riciclo. A questo proposito supportiamo progetti di <strong>economia circolare<\/strong> per dare nuova vita a materiali e oggetti destinati allo smaltimento.<\/li><li><strong>Diffusione di realizzazioni in cartone riciclato: <\/strong>tutti i prodotti <strong>Paper Eco<\/strong> &#8211; come puoi osservare nello shop &#8211; sono creati in cartone riciclato.<\/li><\/ul><p>Crediamo fortemente nel fatto che ogni piccolo contributo possa realmente fare la differenza in questo pianeta. <strong>Insieme<\/strong>, possiamo costruire un futuro migliore<\/p>\t\t\t\t\t\t\t\t<\/div>\n\t\t\t\t<\/div>\n\t\t\t\t<\/div>\n\t\t<div class=\"elementor-element elementor-element-6de71c7 e-con-full e-flex e-con e-child\" data-id=\"6de71c7\" data-element_type=\"container\">\n\t\t\t\t<div class=\"elementor-element elementor-element-e054586 elementor-widget elementor-widget-heading\" data-id=\"e054586\" data-element_type=\"widget\" data-widget_type=\"heading.default\">\n\t\t\t\t<div class=\"elementor-widget-container\">\n\t\t\t\t\t<div class=\"elementor-heading-title elementor-size-default\"><span style=\"color: #cca77a\">insieme.<\/span><br \/>\n  per un <br \/>\n<span style=\"color: #009245\">futuro<\/span> migliore<\/div>\t\t\t\t<\/div>\n\t\t\t\t<\/div>\n\t\t\t\t<\/div>\n\t\t\t\t<\/div>\n\t\t<div class=\"elementor-element elementor-element-c2c9642 e-con-full e-flex e-con e-parent\" data-id=\"c2c9642\" data-element_type=\"container\">\n\t\t<div class=\"elementor-element elementor-element-70d076b e-con-full e-flex e-con e-child\" data-id=\"70d076b\" data-element_type=\"container\">\n\t\t\t\t<div class=\"elementor-element elementor-element-b1dc2c0 elementor-widget__width-initial elementor-widget elementor-widget-lucrezia_core_custom_font\" data-id=\"b1dc2c0\" data-element_type=\"widget\" data-widget_type=\"lucrezia_core_custom_font.default\">\n\t\t\t\t<div class=\"elementor-widget-container\">\n\t\t\t\t\t<h1 class=\"qodef-shortcode qodef-m  qodef-custom-font qodef-custom-font-597 qodef-layout--simple qodef-alignment--center  qodef--has-hover\" >\n\t\t\t\t\t\tvuoi lavorare con noi?\t\t\t<\/h1>\n\t\t\t\t<\/div>\n\t\t\t\t<\/div>\n\t\t\t\t<div class=\"elementor-element elementor-element-488b0f1 elementor-widget__width-initial elementor-widget elementor-widget-lucrezia_core_custom_font\" data-id=\"488b0f1\" data-element_type=\"widget\" data-widget_type=\"lucrezia_core_custom_font.default\">\n\t\t\t\t<div class=\"elementor-widget-container\">\n\t\t\t\t\t<h1 class=\"qodef-shortcode qodef-m  qodef-custom-font qodef-custom-font-753 qodef-layout--simple qodef-alignment--center  qodef--has-hover\" >\n\t\t<a itemprop=\"url\" href=\"https:\/\/paper-eco.com\/it\/contatti\/\" target=\"_self\">\n\t\t\t\t\t\tcontattaci\t\t\t\t<\/a>\n\t<\/h1>\n\t\t\t\t<\/div>\n\t\t\t\t<\/div>\n\t\t\t\t<\/div>\n\t\t\t\t<\/div>\n\t\t\t\t<\/div>\n\t\t","protected":false},"excerpt":{"rendered":"<p>La nostra mission \u00e8 semplice e profonda: contribuire alla diffusione di comportamenti e azioni di protezione verso l\u2019ambiente. Crediamo fermamente che ogni piccolo gesto possa generare un impatto positivo e duraturo, e che insieme possiamo costruire un mondo pi\u00f9 verde e sostenibile. Ci impegniamo a rendere la tutela dell\u2019ambiente accessibile a tutti, proponendo soluzioni innovative [&hellip;]<\/p>\n","protected":false},"author":1,"featured_media":0,"parent":3596,"menu_order":0,"comment_status":"closed","ping_status":"closed","template":"page-full-width.php","meta":{"footnotes":""},"class_list":["post-9430","page","type-page","status-publish","hentry"],"yoast_head":"<!-- This site is optimized with the Yoast SEO plugin v25.2 - https:\/\/yoast.com\/wordpress\/plugins\/seo\/ -->\n<title>Prodotti in cartone sostenibili ed eco friendly - Paper Eco<\/title>\n<meta name=\"description\" content=\"Scegli i prodotti in cartone sostenibili ed eco friendly di Paper Eco per arredare con design e stile ogni ambiente rispettando l&#039;ambiente\" \/>\n<meta name=\"robots\" content=\"index, follow, max-snippet:-1, max-image-preview:large, max-video-preview:-1\" \/>\n<link rel=\"canonical\" href=\"https:\/\/paper-eco.com\/it\/chi-siamo\/mission\/\" \/>\n<meta property=\"og:locale\" content=\"it_IT\" \/>\n<meta property=\"og:type\" content=\"article\" \/>\n<meta property=\"og:title\" content=\"Prodotti in cartone sostenibili ed eco friendly - Paper Eco\" \/>\n<meta property=\"og:description\" content=\"Scegli i prodotti in cartone sostenibili ed eco friendly di Paper Eco per arredare con design e stile ogni ambiente rispettando l&#039;ambiente\" \/>\n<meta property=\"og:url\" content=\"https:\/\/paper-eco.com\/it\/chi-siamo\/mission\/\" \/>\n<meta property=\"og:site_name\" content=\"Paper Eco\" \/>\n<meta property=\"article:modified_time\" content=\"2025-03-24T22:24:12+00:00\" \/>\n<meta property=\"og:image\" content=\"https:\/\/paper-eco.com\/wp-content\/uploads\/2025\/02\/img_mission-1024x454.jpg\" \/>\n<meta name=\"twitter:card\" content=\"summary_large_image\" \/>\n<meta name=\"twitter:label1\" content=\"Tempo di lettura stimato\" \/>\n\t<meta name=\"twitter:data1\" content=\"2 minuti\" \/>\n<script type=\"application\/ld+json\" class=\"yoast-schema-graph\">{\"@context\":\"https:\/\/schema.org\",\"@graph\":[{\"@type\":\"WebPage\",\"@id\":\"https:\/\/paper-eco.com\/it\/chi-siamo\/mission\/\",\"url\":\"https:\/\/paper-eco.com\/it\/chi-siamo\/mission\/\",\"name\":\"Prodotti in cartone sostenibili ed eco friendly - Paper Eco\",\"isPartOf\":{\"@id\":\"https:\/\/paper-eco.com\/it\/#website\"},\"primaryImageOfPage\":{\"@id\":\"https:\/\/paper-eco.com\/it\/chi-siamo\/mission\/#primaryimage\"},\"image\":{\"@id\":\"https:\/\/paper-eco.com\/it\/chi-siamo\/mission\/#primaryimage\"},\"thumbnailUrl\":\"https:\/\/paper-eco.com\/wp-content\/uploads\/2025\/02\/img_mission-1024x454.jpg\",\"datePublished\":\"2024-12-09T10:35:35+00:00\",\"dateModified\":\"2025-03-24T22:24:12+00:00\",\"description\":\"Scegli i prodotti in cartone sostenibili ed eco friendly di Paper Eco per arredare con design e stile ogni ambiente rispettando l'ambiente\",\"breadcrumb\":{\"@id\":\"https:\/\/paper-eco.com\/it\/chi-siamo\/mission\/#breadcrumb\"},\"inLanguage\":\"it-IT\",\"potentialAction\":[{\"@type\":\"ReadAction\",\"target\":[\"https:\/\/paper-eco.com\/it\/chi-siamo\/mission\/\"]}]},{\"@type\":\"ImageObject\",\"inLanguage\":\"it-IT\",\"@id\":\"https:\/\/paper-eco.com\/it\/chi-siamo\/mission\/#primaryimage\",\"url\":\"https:\/\/paper-eco.com\/wp-content\/uploads\/2025\/02\/img_mission-1024x454.jpg\",\"contentUrl\":\"https:\/\/paper-eco.com\/wp-content\/uploads\/2025\/02\/img_mission-1024x454.jpg\"},{\"@type\":\"BreadcrumbList\",\"@id\":\"https:\/\/paper-eco.com\/it\/chi-siamo\/mission\/#breadcrumb\",\"itemListElement\":[{\"@type\":\"ListItem\",\"position\":1,\"name\":\"Home\",\"item\":\"https:\/\/paper-eco.com\/it\/\"},{\"@type\":\"ListItem\",\"position\":2,\"name\":\"Chi siamo\",\"item\":\"https:\/\/paper-eco.com\/it\/chi-siamo\/\"},{\"@type\":\"ListItem\",\"position\":3,\"name\":\"Mission\"}]},{\"@type\":\"WebSite\",\"@id\":\"https:\/\/paper-eco.com\/it\/#website\",\"url\":\"https:\/\/paper-eco.com\/it\/\",\"name\":\"Paper Eco\",\"description\":\"\",\"potentialAction\":[{\"@type\":\"SearchAction\",\"target\":{\"@type\":\"EntryPoint\",\"urlTemplate\":\"https:\/\/paper-eco.com\/it\/?s={search_term_string}\"},\"query-input\":{\"@type\":\"PropertyValueSpecification\",\"valueRequired\":true,\"valueName\":\"search_term_string\"}}],\"inLanguage\":\"it-IT\"}]}<\/script>\n<!-- \/ Yoast SEO plugin. -->","yoast_head_json":{"title":"Prodotti in cartone sostenibili ed eco friendly - Paper Eco","description":"Scegli i prodotti in cartone sostenibili ed eco friendly di Paper Eco per arredare con design e stile ogni ambiente rispettando l'ambiente","robots":{"index":"index","follow":"follow","max-snippet":"max-snippet:-1","max-image-preview":"max-image-preview:large","max-video-preview":"max-video-preview:-1"},"canonical":"https:\/\/paper-eco.com\/it\/chi-siamo\/mission\/","og_locale":"it_IT","og_type":"article","og_title":"Prodotti in cartone sostenibili ed eco friendly - Paper Eco","og_description":"Scegli i prodotti in cartone sostenibili ed eco friendly di Paper Eco per arredare con design e stile ogni ambiente rispettando l'ambiente","og_url":"https:\/\/paper-eco.com\/it\/chi-siamo\/mission\/","og_site_name":"Paper Eco","article_modified_time":"2025-03-24T22:24:12+00:00","og_image":[{"url":"https:\/\/paper-eco.com\/wp-content\/uploads\/2025\/02\/img_mission-1024x454.jpg","type":"","width":"","height":""}],"twitter_card":"summary_large_image","twitter_misc":{"Tempo di lettura stimato":"2 minuti"},"schema":{"@context":"https:\/\/schema.org","@graph":[{"@type":"WebPage","@id":"https:\/\/paper-eco.com\/it\/chi-siamo\/mission\/","url":"https:\/\/paper-eco.com\/it\/chi-siamo\/mission\/","name":"Prodotti in cartone sostenibili ed eco friendly - Paper Eco","isPartOf":{"@id":"https:\/\/paper-eco.com\/it\/#website"},"primaryImageOfPage":{"@id":"https:\/\/paper-eco.com\/it\/chi-siamo\/mission\/#primaryimage"},"image":{"@id":"https:\/\/paper-eco.com\/it\/chi-siamo\/mission\/#primaryimage"},"thumbnailUrl":"https:\/\/paper-eco.com\/wp-content\/uploads\/2025\/02\/img_mission-1024x454.jpg","datePublished":"2024-12-09T10:35:35+00:00","dateModified":"2025-03-24T22:24:12+00:00","description":"Scegli i prodotti in cartone sostenibili ed eco friendly di Paper Eco per arredare con design e stile ogni ambiente rispettando l'ambiente","breadcrumb":{"@id":"https:\/\/paper-eco.com\/it\/chi-siamo\/mission\/#breadcrumb"},"inLanguage":"it-IT","potentialAction":[{"@type":"ReadAction","target":["https:\/\/paper-eco.com\/it\/chi-siamo\/mission\/"]}]},{"@type":"ImageObject","inLanguage":"it-IT","@id":"https:\/\/paper-eco.com\/it\/chi-siamo\/mission\/#primaryimage","url":"https:\/\/paper-eco.com\/wp-content\/uploads\/2025\/02\/img_mission-1024x454.jpg","contentUrl":"https:\/\/paper-eco.com\/wp-content\/uploads\/2025\/02\/img_mission-1024x454.jpg"},{"@type":"BreadcrumbList","@id":"https:\/\/paper-eco.com\/it\/chi-siamo\/mission\/#breadcrumb","itemListElement":[{"@type":"ListItem","position":1,"name":"Home","item":"https:\/\/paper-eco.com\/it\/"},{"@type":"ListItem","position":2,"name":"Chi siamo","item":"https:\/\/paper-eco.com\/it\/chi-siamo\/"},{"@type":"ListItem","position":3,"name":"Mission"}]},{"@type":"WebSite","@id":"https:\/\/paper-eco.com\/it\/#website","url":"https:\/\/paper-eco.com\/it\/","name":"Paper Eco","description":"","potentialAction":[{"@type":"SearchAction","target":{"@type":"EntryPoint","urlTemplate":"https:\/\/paper-eco.com\/it\/?s={search_term_string}"},"query-input":{"@type":"PropertyValueSpecification","valueRequired":true,"valueName":"search_term_string"}}],"inLanguage":"it-IT"}]}},"_links":{"self":[{"href":"https:\/\/paper-eco.com\/it\/wp-json\/wp\/v2\/pages\/9430","targetHints":{"allow":["GET"]}}],"collection":[{"href":"https:\/\/paper-eco.com\/it\/wp-json\/wp\/v2\/pages"}],"about":[{"href":"https:\/\/paper-eco.com\/it\/wp-json\/wp\/v2\/types\/page"}],"author":[{"embeddable":true,"href":"https:\/\/paper-eco.com\/it\/wp-json\/wp\/v2\/users\/1"}],"replies":[{"embeddable":true,"href":"https:\/\/paper-eco.com\/it\/wp-json\/wp\/v2\/comments?post=9430"}],"version-history":[{"count":52,"href":"https:\/\/paper-eco.com\/it\/wp-json\/wp\/v2\/pages\/9430\/revisions"}],"predecessor-version":[{"id":20635,"href":"https:\/\/paper-eco.com\/it\/wp-json\/wp\/v2\/pages\/9430\/revisions\/20635"}],"up":[{"embeddable":true,"href":"https:\/\/paper-eco.com\/it\/wp-json\/wp\/v2\/pages\/3596"}],"wp:attachment":[{"href":"https:\/\/paper-eco.com\/it\/wp-json\/wp\/v2\/media?parent=9430"}],"curies":[{"name":"wp","href":"https:\/\/api.w.org\/{rel}","templated":true}]}}