{"id":9454,"date":"2024-12-09T10:50:02","date_gmt":"2024-12-09T10:50:02","guid":{"rendered":"https:\/\/newsite.paper-eco.com\/?page_id=9454"},"modified":"2025-03-24T23:11:09","modified_gmt":"2025-03-24T23:11:09","slug":"vision","status":"publish","type":"page","link":"https:\/\/paper-eco.com\/it\/chi-siamo\/vision\/","title":{"rendered":"Vision"},"content":{"rendered":"\t\t<div data-elementor-type=\"wp-page\" data-elementor-id=\"9454\" class=\"elementor elementor-9454\">\n\t\t\t\t<div class=\"elementor-element elementor-element-d914f90 e-con-full e-flex e-con e-parent\" data-id=\"d914f90\" data-element_type=\"container\" data-settings=\"{&quot;background_background&quot;:&quot;classic&quot;}\">\n\t\t<div class=\"elementor-element elementor-element-72017bb e-con-full e-flex e-con e-child\" data-id=\"72017bb\" data-element_type=\"container\">\n\t\t\t\t<\/div>\n\t\t\t\t<\/div>\n\t\t<div class=\"elementor-element elementor-element-b8a563d e-con-full e-flex e-con e-parent\" data-id=\"b8a563d\" data-element_type=\"container\">\n\t\t<div class=\"elementor-element elementor-element-f8dda46 e-con-full e-flex e-con e-child\" data-id=\"f8dda46\" data-element_type=\"container\">\n\t\t<div class=\"elementor-element elementor-element-afcbe5d e-con-full e-flex e-con e-child\" data-id=\"afcbe5d\" data-element_type=\"container\">\n\t\t\t\t<div class=\"elementor-element elementor-element-e054586 elementor-widget elementor-widget-heading\" data-id=\"e054586\" data-element_type=\"widget\" data-widget_type=\"heading.default\">\n\t\t\t\t<div class=\"elementor-widget-container\">\n\t\t\t\t\t<div class=\"elementor-heading-title elementor-size-default\">\u00c8 possibile un\n   <span style=\"color: #009245\">futuro<\/span>\nsostenibile\n  con il <span style=\"color: #cca77a\">cartone\n    riciclato<\/span>?<\/div>\t\t\t\t<\/div>\n\t\t\t\t<\/div>\n\t\t\t\t<\/div>\n\t\t<div class=\"elementor-element elementor-element-6056afc e-con-full e-flex e-con e-child\" data-id=\"6056afc\" data-element_type=\"container\">\n\t\t\t\t<div class=\"elementor-element elementor-element-452a0d3 elementor-widget elementor-widget-text-editor\" data-id=\"452a0d3\" data-element_type=\"widget\" data-widget_type=\"text-editor.default\">\n\t\t\t\t<div class=\"elementor-widget-container\">\n\t\t\t\t\t\t\t\t\t<p>La <strong>vision<\/strong> della nostra azienda \u00e8 fortemente ancorata alla promozione di un <strong>futuro pi\u00f9 sostenibile ed ecologico<\/strong>, in cui il <strong>packaging<\/strong> e gli oggetti di uso quotidiano siano sempre pi\u00f9 realizzati in <strong>cartone riciclato<\/strong>. Come abbiamo esplicitato nella <span style=\"text-decoration: underline;\"><a href=\"https:\/\/paper-eco.com\/mission\/\">pagina dedicata<\/a><\/span>, la nostra <strong>mission <\/strong>\u00e8 quella di contribuire alla diminuzione dell\u2019utilizzo di materiali non riciclabili, <strong>notoriamente dannosi per il pianeta<\/strong>, creando un&#8217;alternativa <strong>ecologica, innovativa e di design<\/strong>.<\/p><p>In quest\u2019ottica, ci dedichiamo alla progettazione e produzione di <strong>mobili e oggetti d\u2019arredamento di design, packaging e sistemi di protezione<\/strong>, tutti esclusivamente realizzati con il nostro speciale <strong>cartone riciclato<\/strong>.<\/p><p>Questo materiale non solo offre un&#8217;ottima <strong>resistenza e funzionalit\u00e0<\/strong>, ma consente anche di esprimere un&#8217;<strong>estetica moderna e accattivante<\/strong>, dimostrando che la sostenibilit\u00e0 pu\u00f2 andare di pari passo con il <strong>design<\/strong>. Siamo convinti che un <strong>cambiamento positivo<\/strong> sia possibile e che, insieme, possiamo costruire un futuro in cui il cartone riciclato diventi protagonista in ogni ambito della vita quotidiana, contribuendo a preservare il nostro pianeta per le generazioni future.<\/p>\t\t\t\t\t\t\t\t<\/div>\n\t\t\t\t<\/div>\n\t\t\t\t<\/div>\n\t\t\t\t<\/div>\n\t\t\t\t<\/div>\n\t\t<div class=\"elementor-element elementor-element-c2c9642 e-con-full e-flex e-con e-parent\" data-id=\"c2c9642\" data-element_type=\"container\">\n\t\t<div class=\"elementor-element elementor-element-70d076b e-con-full e-flex e-con e-child\" data-id=\"70d076b\" data-element_type=\"container\">\n\t\t\t\t<div class=\"elementor-element elementor-element-b1dc2c0 elementor-widget__width-initial elementor-widget elementor-widget-lucrezia_core_custom_font\" data-id=\"b1dc2c0\" data-element_type=\"widget\" data-widget_type=\"lucrezia_core_custom_font.default\">\n\t\t\t\t<div class=\"elementor-widget-container\">\n\t\t\t\t\t<h1 class=\"qodef-shortcode qodef-m  qodef-custom-font qodef-custom-font-526 qodef-layout--simple qodef-alignment--center  qodef--has-hover\" >\n\t\t\t\t\t\tvuoi lavorare con noi?\t\t\t<\/h1>\n\t\t\t\t<\/div>\n\t\t\t\t<\/div>\n\t\t\t\t<div class=\"elementor-element elementor-element-488b0f1 elementor-widget__width-initial elementor-widget elementor-widget-lucrezia_core_custom_font\" data-id=\"488b0f1\" data-element_type=\"widget\" data-widget_type=\"lucrezia_core_custom_font.default\">\n\t\t\t\t<div class=\"elementor-widget-container\">\n\t\t\t\t\t<h1 class=\"qodef-shortcode qodef-m  qodef-custom-font qodef-custom-font-710 qodef-layout--simple qodef-alignment--center  qodef--has-hover\" >\n\t\t<a itemprop=\"url\" href=\"https:\/\/paper-eco.com\/it\/contatti\/\" target=\"_self\">\n\t\t\t\t\t\tcontattaci\t\t\t\t<\/a>\n\t<\/h1>\n\t\t\t\t<\/div>\n\t\t\t\t<\/div>\n\t\t\t\t<\/div>\n\t\t\t\t<\/div>\n\t\t\t\t<\/div>\n\t\t","protected":false},"excerpt":{"rendered":"<p>\u00c8 possibile un futuro sostenibile con il cartone riciclato? La vision della nostra azienda \u00e8 fortemente ancorata alla promozione di un futuro pi\u00f9 sostenibile ed ecologico, in cui il packaging e gli oggetti di uso quotidiano siano sempre pi\u00f9 realizzati in cartone riciclato. Come abbiamo esplicitato nella pagina dedicata, la nostra mission \u00e8 quella di [&hellip;]<\/p>\n","protected":false},"author":1,"featured_media":0,"parent":3596,"menu_order":0,"comment_status":"closed","ping_status":"closed","template":"page-full-width.php","meta":{"footnotes":""},"class_list":["post-9454","page","type-page","status-publish","hentry"],"yoast_head":"<!-- This site is optimized with the Yoast SEO plugin v25.2 - https:\/\/yoast.com\/wordpress\/plugins\/seo\/ -->\n<title>Prodotti sostenibili ed eco friendly per l&#039;ambiente - Paper Eco<\/title>\n<meta name=\"description\" content=\"Prodotti sostenibili ed eco friendly per rispettare l&#039;ambiente. Scopri Paper Eco per arredamento e per packaging personalizzato in cartone\" \/>\n<meta name=\"robots\" content=\"index, follow, max-snippet:-1, max-image-preview:large, max-video-preview:-1\" \/>\n<link rel=\"canonical\" href=\"https:\/\/paper-eco.com\/it\/chi-siamo\/vision\/\" \/>\n<meta property=\"og:locale\" content=\"it_IT\" \/>\n<meta property=\"og:type\" content=\"article\" \/>\n<meta property=\"og:title\" content=\"Prodotti sostenibili ed eco friendly per l&#039;ambiente - Paper Eco\" \/>\n<meta property=\"og:description\" content=\"Prodotti sostenibili ed eco friendly per rispettare l&#039;ambiente. Scopri Paper Eco per arredamento e per packaging personalizzato in cartone\" \/>\n<meta property=\"og:url\" content=\"https:\/\/paper-eco.com\/it\/chi-siamo\/vision\/\" \/>\n<meta property=\"og:site_name\" content=\"Paper Eco\" \/>\n<meta property=\"article:modified_time\" content=\"2025-03-24T23:11:09+00:00\" \/>\n<meta name=\"twitter:card\" content=\"summary_large_image\" \/>\n<meta name=\"twitter:label1\" content=\"Tempo di lettura stimato\" \/>\n\t<meta name=\"twitter:data1\" content=\"1 minuto\" \/>\n<script type=\"application\/ld+json\" class=\"yoast-schema-graph\">{\"@context\":\"https:\/\/schema.org\",\"@graph\":[{\"@type\":\"WebPage\",\"@id\":\"https:\/\/paper-eco.com\/it\/chi-siamo\/vision\/\",\"url\":\"https:\/\/paper-eco.com\/it\/chi-siamo\/vision\/\",\"name\":\"Prodotti sostenibili ed eco friendly per l'ambiente - Paper Eco\",\"isPartOf\":{\"@id\":\"https:\/\/paper-eco.com\/it\/#website\"},\"datePublished\":\"2024-12-09T10:50:02+00:00\",\"dateModified\":\"2025-03-24T23:11:09+00:00\",\"description\":\"Prodotti sostenibili ed eco friendly per rispettare l'ambiente. Scopri Paper Eco per arredamento e per packaging personalizzato in cartone\",\"breadcrumb\":{\"@id\":\"https:\/\/paper-eco.com\/it\/chi-siamo\/vision\/#breadcrumb\"},\"inLanguage\":\"it-IT\",\"potentialAction\":[{\"@type\":\"ReadAction\",\"target\":[\"https:\/\/paper-eco.com\/it\/chi-siamo\/vision\/\"]}]},{\"@type\":\"BreadcrumbList\",\"@id\":\"https:\/\/paper-eco.com\/it\/chi-siamo\/vision\/#breadcrumb\",\"itemListElement\":[{\"@type\":\"ListItem\",\"position\":1,\"name\":\"Home\",\"item\":\"https:\/\/paper-eco.com\/it\/\"},{\"@type\":\"ListItem\",\"position\":2,\"name\":\"Chi siamo\",\"item\":\"https:\/\/paper-eco.com\/it\/chi-siamo\/\"},{\"@type\":\"ListItem\",\"position\":3,\"name\":\"Vision\"}]},{\"@type\":\"WebSite\",\"@id\":\"https:\/\/paper-eco.com\/it\/#website\",\"url\":\"https:\/\/paper-eco.com\/it\/\",\"name\":\"Paper Eco\",\"description\":\"\",\"potentialAction\":[{\"@type\":\"SearchAction\",\"target\":{\"@type\":\"EntryPoint\",\"urlTemplate\":\"https:\/\/paper-eco.com\/it\/?s={search_term_string}\"},\"query-input\":{\"@type\":\"PropertyValueSpecification\",\"valueRequired\":true,\"valueName\":\"search_term_string\"}}],\"inLanguage\":\"it-IT\"}]}<\/script>\n<!-- \/ Yoast SEO plugin. -->","yoast_head_json":{"title":"Prodotti sostenibili ed eco friendly per l'ambiente - Paper Eco","description":"Prodotti sostenibili ed eco friendly per rispettare l'ambiente. Scopri Paper Eco per arredamento e per packaging personalizzato in cartone","robots":{"index":"index","follow":"follow","max-snippet":"max-snippet:-1","max-image-preview":"max-image-preview:large","max-video-preview":"max-video-preview:-1"},"canonical":"https:\/\/paper-eco.com\/it\/chi-siamo\/vision\/","og_locale":"it_IT","og_type":"article","og_title":"Prodotti sostenibili ed eco friendly per l'ambiente - Paper Eco","og_description":"Prodotti sostenibili ed eco friendly per rispettare l'ambiente. Scopri Paper Eco per arredamento e per packaging personalizzato in cartone","og_url":"https:\/\/paper-eco.com\/it\/chi-siamo\/vision\/","og_site_name":"Paper Eco","article_modified_time":"2025-03-24T23:11:09+00:00","twitter_card":"summary_large_image","twitter_misc":{"Tempo di lettura stimato":"1 minuto"},"schema":{"@context":"https:\/\/schema.org","@graph":[{"@type":"WebPage","@id":"https:\/\/paper-eco.com\/it\/chi-siamo\/vision\/","url":"https:\/\/paper-eco.com\/it\/chi-siamo\/vision\/","name":"Prodotti sostenibili ed eco friendly per l'ambiente - Paper Eco","isPartOf":{"@id":"https:\/\/paper-eco.com\/it\/#website"},"datePublished":"2024-12-09T10:50:02+00:00","dateModified":"2025-03-24T23:11:09+00:00","description":"Prodotti sostenibili ed eco friendly per rispettare l'ambiente. Scopri Paper Eco per arredamento e per packaging personalizzato in cartone","breadcrumb":{"@id":"https:\/\/paper-eco.com\/it\/chi-siamo\/vision\/#breadcrumb"},"inLanguage":"it-IT","potentialAction":[{"@type":"ReadAction","target":["https:\/\/paper-eco.com\/it\/chi-siamo\/vision\/"]}]},{"@type":"BreadcrumbList","@id":"https:\/\/paper-eco.com\/it\/chi-siamo\/vision\/#breadcrumb","itemListElement":[{"@type":"ListItem","position":1,"name":"Home","item":"https:\/\/paper-eco.com\/it\/"},{"@type":"ListItem","position":2,"name":"Chi siamo","item":"https:\/\/paper-eco.com\/it\/chi-siamo\/"},{"@type":"ListItem","position":3,"name":"Vision"}]},{"@type":"WebSite","@id":"https:\/\/paper-eco.com\/it\/#website","url":"https:\/\/paper-eco.com\/it\/","name":"Paper Eco","description":"","potentialAction":[{"@type":"SearchAction","target":{"@type":"EntryPoint","urlTemplate":"https:\/\/paper-eco.com\/it\/?s={search_term_string}"},"query-input":{"@type":"PropertyValueSpecification","valueRequired":true,"valueName":"search_term_string"}}],"inLanguage":"it-IT"}]}},"_links":{"self":[{"href":"https:\/\/paper-eco.com\/it\/wp-json\/wp\/v2\/pages\/9454","targetHints":{"allow":["GET"]}}],"collection":[{"href":"https:\/\/paper-eco.com\/it\/wp-json\/wp\/v2\/pages"}],"about":[{"href":"https:\/\/paper-eco.com\/it\/wp-json\/wp\/v2\/types\/page"}],"author":[{"embeddable":true,"href":"https:\/\/paper-eco.com\/it\/wp-json\/wp\/v2\/users\/1"}],"replies":[{"embeddable":true,"href":"https:\/\/paper-eco.com\/it\/wp-json\/wp\/v2\/comments?post=9454"}],"version-history":[{"count":34,"href":"https:\/\/paper-eco.com\/it\/wp-json\/wp\/v2\/pages\/9454\/revisions"}],"predecessor-version":[{"id":20638,"href":"https:\/\/paper-eco.com\/it\/wp-json\/wp\/v2\/pages\/9454\/revisions\/20638"}],"up":[{"embeddable":true,"href":"https:\/\/paper-eco.com\/it\/wp-json\/wp\/v2\/pages\/3596"}],"wp:attachment":[{"href":"https:\/\/paper-eco.com\/it\/wp-json\/wp\/v2\/media?parent=9454"}],"curies":[{"name":"wp","href":"https:\/\/api.w.org\/{rel}","templated":true}]}}