{"id":18783,"date":"2024-12-16T10:08:33","date_gmt":"2024-12-16T10:08:33","guid":{"rendered":"https:\/\/newsite.paper-eco.com\/?post_type=product&#038;p=18783"},"modified":"2025-05-05T10:14:03","modified_gmt":"2025-05-05T10:14:03","slug":"quadra-tavolo-in-cartone","status":"publish","type":"product","link":"https:\/\/paper-eco.com\/it\/shop\/arredo-fiere-eventi\/quadra-tavolo-in-cartone\/","title":{"rendered":"Quadra &#8211; tavolo in cartone"},"content":{"rendered":"<p>Il <strong>tavolino in cartone Quadra <\/strong>\u00e8 la scelta perfetta per chi cerca un elemento d&#8217;arredo:<\/p>\n<ul>\n<li><strong>innovativo;<\/strong><\/li>\n<li><strong>sostenibile;<\/strong><\/li>\n<li><strong>versatile;<\/strong><\/li>\n<li><strong>di design.<\/strong><\/li>\n<\/ul>\n<p>Nonostante la leggerezza del materiale, il tavolino offre una robustezza sorprendente, capace di sostenere il <strong>peso di libri, dispositivi elettronici e oggetti decorativi senza deformarsi<\/strong>. La superficie del tavolino \u00e8 infatti ampia e stabile, perfetta per ospitare una vasta variet\u00e0 di oggetti.<\/p>\n<p>Il <strong>tavolino in cartone Quadra<\/strong> \u00e8 un pezzo d&#8217;arredo che non solo decora la tua casa, ma lo fa in modo responsabile, riducendo l&#8217;impatto ambientale e promuovendo una vita pi\u00f9 consapevole. <strong>\u00c8 una dichiarazione di stile<\/strong>, un&#8217;espressione di creativit\u00e0 e un impegno verso un mondo pi\u00f9 sostenibile. Con questo tavolino, ogni giorno \u00e8 un&#8217;opportunit\u00e0 per vivere in modo pi\u00f9 artistico, innovativo e rispettoso dell&#8217;ambiente.<\/p>\n<p>Il montaggio \u00e8 un gioco da ragazzi, grazie alla sua struttura modulare e intuitiva tanto che puoi assemblarlo in pochi minuti, senza bisogno di attrezzi complicati.<\/p>\n","protected":false},"excerpt":{"rendered":"<p>Tavolo dal piano quadrato realizzato per la sala riprese di un gruppo editoriale. Pratico ed essenziale, con piano monocolore o trasparente in plexiglass 100 riciclato, personalizzabile con il logo dell\u2019azienda. Le gambe \u2013 anche estraibili per essere staccate dal piano &#8211; incrociate verso gli angoli assicurano perfetta stabilit\u00e0 alla struttura.<\/p>\n<p>&nbsp;<\/p>\n<p><strong>Dimensioni:<\/strong><\/p>\n<p><strong>Altezza: 73 cm<\/strong><\/p>\n<p><strong>Larghezza: 100 cm<\/strong><\/p>\n<p><strong>Profondit\u00e0: 100 cm<\/strong><\/p>\n","protected":false},"featured_media":19734,"template":"","meta":[],"product_brand":[],"product_cat":[224,225,227,226],"product_tag":[],"class_list":{"0":"post-18783","1":"product","2":"type-product","3":"status-publish","4":"has-post-thumbnail","6":"product_cat-arredo-fiere-eventi","7":"product_cat-arredo-hotel","8":"product_cat-arredo-ufficio-coworking","9":"product_cat-arredo-negozio","11":"first","12":"instock","13":"taxable","14":"shipping-taxable","15":"purchasable","16":"product-type-simple"},"yoast_head":"<!-- This site is optimized with the Yoast SEO plugin v25.2 - https:\/\/yoast.com\/wordpress\/plugins\/seo\/ -->\n<title>Quadra tavolo quadrato in cartone riciclato - Paper Eco<\/title>\n<meta name=\"description\" content=\"Il tavolo quadrato in cartone Quadra \u00e8 la scelta perfetta per chi cerca un elemento d&#039;arredo particolare e sostenibile. Scopri di pi\u00f9 nello shop\" \/>\n<meta name=\"robots\" content=\"index, follow, max-snippet:-1, max-image-preview:large, max-video-preview:-1\" \/>\n<link rel=\"canonical\" href=\"https:\/\/paper-eco.com\/it\/shop\/arredo-fiere-eventi\/quadra-tavolo-in-cartone\/\" \/>\n<meta property=\"og:locale\" content=\"it_IT\" \/>\n<meta property=\"og:type\" content=\"article\" \/>\n<meta property=\"og:title\" content=\"Quadra tavolo quadrato in cartone riciclato - Paper Eco\" \/>\n<meta property=\"og:description\" content=\"Il tavolo quadrato in cartone Quadra \u00e8 la scelta perfetta per chi cerca un elemento d&#039;arredo particolare e sostenibile. Scopri di pi\u00f9 nello shop\" \/>\n<meta property=\"og:url\" content=\"https:\/\/paper-eco.com\/it\/shop\/arredo-fiere-eventi\/quadra-tavolo-in-cartone\/\" \/>\n<meta property=\"og:site_name\" content=\"Paper Eco\" \/>\n<meta property=\"article:modified_time\" content=\"2025-05-05T10:14:03+00:00\" \/>\n<meta property=\"og:image\" content=\"https:\/\/paper-eco.com\/wp-content\/uploads\/2024\/12\/quadra.jpg\" \/>\n\t<meta property=\"og:image:width\" content=\"1500\" \/>\n\t<meta property=\"og:image:height\" content=\"1500\" \/>\n\t<meta property=\"og:image:type\" content=\"image\/jpeg\" \/>\n<meta name=\"twitter:card\" content=\"summary_large_image\" \/>\n<meta name=\"twitter:label1\" content=\"Tempo di lettura stimato\" \/>\n\t<meta name=\"twitter:data1\" content=\"2 minuti\" \/>\n<script type=\"application\/ld+json\" class=\"yoast-schema-graph\">{\"@context\":\"https:\/\/schema.org\",\"@graph\":[{\"@type\":\"WebPage\",\"@id\":\"https:\/\/paper-eco.com\/it\/shop\/arredo-fiere-eventi\/quadra-tavolo-in-cartone\/\",\"url\":\"https:\/\/paper-eco.com\/it\/shop\/arredo-fiere-eventi\/quadra-tavolo-in-cartone\/\",\"name\":\"Quadra tavolo quadrato in cartone riciclato - Paper Eco\",\"isPartOf\":{\"@id\":\"https:\/\/paper-eco.com\/it\/#website\"},\"primaryImageOfPage\":{\"@id\":\"https:\/\/paper-eco.com\/it\/shop\/arredo-fiere-eventi\/quadra-tavolo-in-cartone\/#primaryimage\"},\"image\":{\"@id\":\"https:\/\/paper-eco.com\/it\/shop\/arredo-fiere-eventi\/quadra-tavolo-in-cartone\/#primaryimage\"},\"thumbnailUrl\":\"https:\/\/paper-eco.com\/wp-content\/uploads\/2024\/12\/quadra.jpg\",\"datePublished\":\"2024-12-16T10:08:33+00:00\",\"dateModified\":\"2025-05-05T10:14:03+00:00\",\"description\":\"Il tavolo quadrato in cartone Quadra \u00e8 la scelta perfetta per chi cerca un elemento d'arredo particolare e sostenibile. Scopri di pi\u00f9 nello shop\",\"breadcrumb\":{\"@id\":\"https:\/\/paper-eco.com\/it\/shop\/arredo-fiere-eventi\/quadra-tavolo-in-cartone\/#breadcrumb\"},\"inLanguage\":\"it-IT\",\"potentialAction\":[{\"@type\":\"ReadAction\",\"target\":[\"https:\/\/paper-eco.com\/it\/shop\/arredo-fiere-eventi\/quadra-tavolo-in-cartone\/\"]}]},{\"@type\":\"ImageObject\",\"inLanguage\":\"it-IT\",\"@id\":\"https:\/\/paper-eco.com\/it\/shop\/arredo-fiere-eventi\/quadra-tavolo-in-cartone\/#primaryimage\",\"url\":\"https:\/\/paper-eco.com\/wp-content\/uploads\/2024\/12\/quadra.jpg\",\"contentUrl\":\"https:\/\/paper-eco.com\/wp-content\/uploads\/2024\/12\/quadra.jpg\",\"width\":1500,\"height\":1500},{\"@type\":\"BreadcrumbList\",\"@id\":\"https:\/\/paper-eco.com\/it\/shop\/arredo-fiere-eventi\/quadra-tavolo-in-cartone\/#breadcrumb\",\"itemListElement\":[{\"@type\":\"ListItem\",\"position\":1,\"name\":\"Home\",\"item\":\"https:\/\/paper-eco.com\/it\/\"},{\"@type\":\"ListItem\",\"position\":2,\"name\":\"Negozio\",\"item\":\"https:\/\/paper-eco.com\/it\/negozio\/\"},{\"@type\":\"ListItem\",\"position\":3,\"name\":\"Quadra &#8211; tavolo in cartone\"}]},{\"@type\":\"WebSite\",\"@id\":\"https:\/\/paper-eco.com\/it\/#website\",\"url\":\"https:\/\/paper-eco.com\/it\/\",\"name\":\"Paper Eco\",\"description\":\"\",\"potentialAction\":[{\"@type\":\"SearchAction\",\"target\":{\"@type\":\"EntryPoint\",\"urlTemplate\":\"https:\/\/paper-eco.com\/it\/?s={search_term_string}\"},\"query-input\":{\"@type\":\"PropertyValueSpecification\",\"valueRequired\":true,\"valueName\":\"search_term_string\"}}],\"inLanguage\":\"it-IT\"}]}<\/script>\n<!-- \/ Yoast SEO plugin. -->","yoast_head_json":{"title":"Quadra tavolo quadrato in cartone riciclato - Paper Eco","description":"Il tavolo quadrato in cartone Quadra \u00e8 la scelta perfetta per chi cerca un elemento d'arredo particolare e sostenibile. Scopri di pi\u00f9 nello shop","robots":{"index":"index","follow":"follow","max-snippet":"max-snippet:-1","max-image-preview":"max-image-preview:large","max-video-preview":"max-video-preview:-1"},"canonical":"https:\/\/paper-eco.com\/it\/shop\/arredo-fiere-eventi\/quadra-tavolo-in-cartone\/","og_locale":"it_IT","og_type":"article","og_title":"Quadra tavolo quadrato in cartone riciclato - Paper Eco","og_description":"Il tavolo quadrato in cartone Quadra \u00e8 la scelta perfetta per chi cerca un elemento d'arredo particolare e sostenibile. Scopri di pi\u00f9 nello shop","og_url":"https:\/\/paper-eco.com\/it\/shop\/arredo-fiere-eventi\/quadra-tavolo-in-cartone\/","og_site_name":"Paper Eco","article_modified_time":"2025-05-05T10:14:03+00:00","og_image":[{"width":1500,"height":1500,"url":"https:\/\/paper-eco.com\/wp-content\/uploads\/2024\/12\/quadra.jpg","type":"image\/jpeg"}],"twitter_card":"summary_large_image","twitter_misc":{"Tempo di lettura stimato":"2 minuti"},"schema":{"@context":"https:\/\/schema.org","@graph":[{"@type":"WebPage","@id":"https:\/\/paper-eco.com\/it\/shop\/arredo-fiere-eventi\/quadra-tavolo-in-cartone\/","url":"https:\/\/paper-eco.com\/it\/shop\/arredo-fiere-eventi\/quadra-tavolo-in-cartone\/","name":"Quadra tavolo quadrato in cartone riciclato - Paper Eco","isPartOf":{"@id":"https:\/\/paper-eco.com\/it\/#website"},"primaryImageOfPage":{"@id":"https:\/\/paper-eco.com\/it\/shop\/arredo-fiere-eventi\/quadra-tavolo-in-cartone\/#primaryimage"},"image":{"@id":"https:\/\/paper-eco.com\/it\/shop\/arredo-fiere-eventi\/quadra-tavolo-in-cartone\/#primaryimage"},"thumbnailUrl":"https:\/\/paper-eco.com\/wp-content\/uploads\/2024\/12\/quadra.jpg","datePublished":"2024-12-16T10:08:33+00:00","dateModified":"2025-05-05T10:14:03+00:00","description":"Il tavolo quadrato in cartone Quadra \u00e8 la scelta perfetta per chi cerca un elemento d'arredo particolare e sostenibile. Scopri di pi\u00f9 nello shop","breadcrumb":{"@id":"https:\/\/paper-eco.com\/it\/shop\/arredo-fiere-eventi\/quadra-tavolo-in-cartone\/#breadcrumb"},"inLanguage":"it-IT","potentialAction":[{"@type":"ReadAction","target":["https:\/\/paper-eco.com\/it\/shop\/arredo-fiere-eventi\/quadra-tavolo-in-cartone\/"]}]},{"@type":"ImageObject","inLanguage":"it-IT","@id":"https:\/\/paper-eco.com\/it\/shop\/arredo-fiere-eventi\/quadra-tavolo-in-cartone\/#primaryimage","url":"https:\/\/paper-eco.com\/wp-content\/uploads\/2024\/12\/quadra.jpg","contentUrl":"https:\/\/paper-eco.com\/wp-content\/uploads\/2024\/12\/quadra.jpg","width":1500,"height":1500},{"@type":"BreadcrumbList","@id":"https:\/\/paper-eco.com\/it\/shop\/arredo-fiere-eventi\/quadra-tavolo-in-cartone\/#breadcrumb","itemListElement":[{"@type":"ListItem","position":1,"name":"Home","item":"https:\/\/paper-eco.com\/it\/"},{"@type":"ListItem","position":2,"name":"Negozio","item":"https:\/\/paper-eco.com\/it\/negozio\/"},{"@type":"ListItem","position":3,"name":"Quadra &#8211; tavolo in cartone"}]},{"@type":"WebSite","@id":"https:\/\/paper-eco.com\/it\/#website","url":"https:\/\/paper-eco.com\/it\/","name":"Paper Eco","description":"","potentialAction":[{"@type":"SearchAction","target":{"@type":"EntryPoint","urlTemplate":"https:\/\/paper-eco.com\/it\/?s={search_term_string}"},"query-input":{"@type":"PropertyValueSpecification","valueRequired":true,"valueName":"search_term_string"}}],"inLanguage":"it-IT"}]}},"_links":{"self":[{"href":"https:\/\/paper-eco.com\/it\/wp-json\/wp\/v2\/product\/18783","targetHints":{"allow":["GET"]}}],"collection":[{"href":"https:\/\/paper-eco.com\/it\/wp-json\/wp\/v2\/product"}],"about":[{"href":"https:\/\/paper-eco.com\/it\/wp-json\/wp\/v2\/types\/product"}],"wp:featuredmedia":[{"embeddable":true,"href":"https:\/\/paper-eco.com\/it\/wp-json\/wp\/v2\/media\/19734"}],"wp:attachment":[{"href":"https:\/\/paper-eco.com\/it\/wp-json\/wp\/v2\/media?parent=18783"}],"wp:term":[{"taxonomy":"product_brand","embeddable":true,"href":"https:\/\/paper-eco.com\/it\/wp-json\/wp\/v2\/product_brand?post=18783"},{"taxonomy":"product_cat","embeddable":true,"href":"https:\/\/paper-eco.com\/it\/wp-json\/wp\/v2\/product_cat?post=18783"},{"taxonomy":"product_tag","embeddable":true,"href":"https:\/\/paper-eco.com\/it\/wp-json\/wp\/v2\/product_tag?post=18783"}],"curies":[{"name":"wp","href":"https:\/\/api.w.org\/{rel}","templated":true}]}}