{"id":18795,"date":"2024-12-16T10:08:34","date_gmt":"2024-12-16T10:08:34","guid":{"rendered":"https:\/\/newsite.paper-eco.com\/?post_type=product&#038;p=18795"},"modified":"2025-05-05T10:08:15","modified_gmt":"2025-05-05T10:08:15","slug":"guest-sedia-in-cartone","status":"publish","type":"product","link":"https:\/\/paper-eco.com\/it\/shop\/arredo-fiere-eventi\/guest-sedia-in-cartone\/","title":{"rendered":"Guest &#8211; sedia in cartone"},"content":{"rendered":"<p>Una <strong>sedia in cartone Guest<\/strong> \u00e8 un simbolo di progetto di design sostenibile versatile per qualsiasi ambiente interno (ad esempio pu\u00f2 essere utilizzato in ufficio o in un salotto).\u00a0 Grazie alle sue linee e al suo design, pu\u00f2 fondersi facilmente con diversi stili di arredamento e pu\u00f2 essere una soluzione ricercata per molte aziende e privati.<\/p>\n<p>Esteticamente, la <strong>sedia in cartone<\/strong> si distingue per la sua eleganza minimalista. Oltre al design accattivante, la <strong>sedia in cartone<\/strong> \u00e8 estremamente pratica. \u00c8 sorprendentemente leggera, il che la rende facile da spostare e riposizionare secondo le necessit\u00e0.<\/p>\n<p>La <strong>sedia in cartone<\/strong> <strong>Guest<\/strong> \u00e8 un invito a ripensare il nostro modo di vivere, dimostrando che il comfort e il design possono andare di pari passo con la sostenibilit\u00e0.<\/p>\n","protected":false},"excerpt":{"rendered":"<p>Poltrona nata per gli spazi di una trasmissione televisiva. Comoda, accogliente e resistente. Linee semplici e decise le conferiscono un carattere di assoluta protagonista.<\/p>\n<p>&nbsp;<\/p>\n<p><strong>Dimensioni:<\/strong><\/p>\n<p>Altezza: 95 cm<\/p>\n<p>Larghezza: 68 cm<\/p>\n<p>Profondit\u00e0: 71.5 cm<\/p>\n","protected":false},"featured_media":21090,"template":"","meta":[],"product_brand":[],"product_cat":[224,225,227,226],"product_tag":[],"class_list":{"0":"post-18795","1":"product","2":"type-product","3":"status-publish","4":"has-post-thumbnail","6":"product_cat-arredo-fiere-eventi","7":"product_cat-arredo-hotel","8":"product_cat-arredo-ufficio-coworking","9":"product_cat-arredo-negozio","11":"first","12":"instock","13":"taxable","14":"shipping-taxable","15":"purchasable","16":"product-type-simple"},"yoast_head":"<!-- This site is optimized with the Yoast SEO plugin v25.2 - https:\/\/yoast.com\/wordpress\/plugins\/seo\/ -->\n<title>Guest - sedia in cartone - Paper Eco<\/title>\n<meta name=\"robots\" content=\"index, follow, max-snippet:-1, max-image-preview:large, max-video-preview:-1\" \/>\n<link rel=\"canonical\" href=\"https:\/\/paper-eco.com\/it\/shop\/arredo-fiere-eventi\/guest-sedia-in-cartone\/\" \/>\n<meta property=\"og:locale\" content=\"it_IT\" \/>\n<meta property=\"og:type\" content=\"article\" \/>\n<meta property=\"og:title\" content=\"Guest - sedia in cartone - Paper Eco\" \/>\n<meta property=\"og:description\" content=\"Poltrona nata per gli spazi di una trasmissione televisiva. Comoda, accogliente e resistente. Linee semplici e decise le conferiscono un carattere di assoluta protagonista.  &nbsp;  Dimensioni:  Altezza: 95 cm  Larghezza: 68 cm  Profondit\u00e0: 71.5 cm\" \/>\n<meta property=\"og:url\" content=\"https:\/\/paper-eco.com\/it\/shop\/arredo-fiere-eventi\/guest-sedia-in-cartone\/\" \/>\n<meta property=\"og:site_name\" content=\"Paper Eco\" \/>\n<meta property=\"article:modified_time\" content=\"2025-05-05T10:08:15+00:00\" \/>\n<meta property=\"og:image\" content=\"https:\/\/paper-eco.com\/wp-content\/uploads\/2024\/12\/agisco-2-2.jpg\" \/>\n\t<meta property=\"og:image:width\" content=\"1000\" \/>\n\t<meta property=\"og:image:height\" content=\"1000\" \/>\n\t<meta property=\"og:image:type\" content=\"image\/jpeg\" \/>\n<meta name=\"twitter:card\" content=\"summary_large_image\" \/>\n<meta name=\"twitter:label1\" content=\"Tempo di lettura stimato\" \/>\n\t<meta name=\"twitter:data1\" content=\"1 minuto\" \/>\n<script type=\"application\/ld+json\" class=\"yoast-schema-graph\">{\"@context\":\"https:\/\/schema.org\",\"@graph\":[{\"@type\":\"WebPage\",\"@id\":\"https:\/\/paper-eco.com\/it\/shop\/arredo-fiere-eventi\/guest-sedia-in-cartone\/\",\"url\":\"https:\/\/paper-eco.com\/it\/shop\/arredo-fiere-eventi\/guest-sedia-in-cartone\/\",\"name\":\"Guest - sedia in cartone - Paper Eco\",\"isPartOf\":{\"@id\":\"https:\/\/paper-eco.com\/it\/#website\"},\"primaryImageOfPage\":{\"@id\":\"https:\/\/paper-eco.com\/it\/shop\/arredo-fiere-eventi\/guest-sedia-in-cartone\/#primaryimage\"},\"image\":{\"@id\":\"https:\/\/paper-eco.com\/it\/shop\/arredo-fiere-eventi\/guest-sedia-in-cartone\/#primaryimage\"},\"thumbnailUrl\":\"https:\/\/paper-eco.com\/wp-content\/uploads\/2024\/12\/DSC_9165-copia.webp\",\"datePublished\":\"2024-12-16T10:08:34+00:00\",\"dateModified\":\"2025-05-05T10:08:15+00:00\",\"breadcrumb\":{\"@id\":\"https:\/\/paper-eco.com\/it\/shop\/arredo-fiere-eventi\/guest-sedia-in-cartone\/#breadcrumb\"},\"inLanguage\":\"it-IT\",\"potentialAction\":[{\"@type\":\"ReadAction\",\"target\":[\"https:\/\/paper-eco.com\/it\/shop\/arredo-fiere-eventi\/guest-sedia-in-cartone\/\"]}]},{\"@type\":\"ImageObject\",\"inLanguage\":\"it-IT\",\"@id\":\"https:\/\/paper-eco.com\/it\/shop\/arredo-fiere-eventi\/guest-sedia-in-cartone\/#primaryimage\",\"url\":\"https:\/\/paper-eco.com\/wp-content\/uploads\/2024\/12\/DSC_9165-copia.webp\",\"contentUrl\":\"https:\/\/paper-eco.com\/wp-content\/uploads\/2024\/12\/DSC_9165-copia.webp\",\"width\":1500,\"height\":1500,\"caption\":\"Paper eco - Guest - Sedia in cartone\"},{\"@type\":\"BreadcrumbList\",\"@id\":\"https:\/\/paper-eco.com\/it\/shop\/arredo-fiere-eventi\/guest-sedia-in-cartone\/#breadcrumb\",\"itemListElement\":[{\"@type\":\"ListItem\",\"position\":1,\"name\":\"Home\",\"item\":\"https:\/\/paper-eco.com\/it\/\"},{\"@type\":\"ListItem\",\"position\":2,\"name\":\"Negozio\",\"item\":\"https:\/\/paper-eco.com\/it\/negozio\/\"},{\"@type\":\"ListItem\",\"position\":3,\"name\":\"Guest &#8211; sedia in cartone\"}]},{\"@type\":\"WebSite\",\"@id\":\"https:\/\/paper-eco.com\/it\/#website\",\"url\":\"https:\/\/paper-eco.com\/it\/\",\"name\":\"Paper Eco\",\"description\":\"\",\"potentialAction\":[{\"@type\":\"SearchAction\",\"target\":{\"@type\":\"EntryPoint\",\"urlTemplate\":\"https:\/\/paper-eco.com\/it\/?s={search_term_string}\"},\"query-input\":{\"@type\":\"PropertyValueSpecification\",\"valueRequired\":true,\"valueName\":\"search_term_string\"}}],\"inLanguage\":\"it-IT\"}]}<\/script>\n<!-- \/ Yoast SEO plugin. -->","yoast_head_json":{"title":"Guest - sedia in cartone - Paper Eco","robots":{"index":"index","follow":"follow","max-snippet":"max-snippet:-1","max-image-preview":"max-image-preview:large","max-video-preview":"max-video-preview:-1"},"canonical":"https:\/\/paper-eco.com\/it\/shop\/arredo-fiere-eventi\/guest-sedia-in-cartone\/","og_locale":"it_IT","og_type":"article","og_title":"Guest - sedia in cartone - Paper Eco","og_description":"Poltrona nata per gli spazi di una trasmissione televisiva. Comoda, accogliente e resistente. Linee semplici e decise le conferiscono un carattere di assoluta protagonista.  &nbsp;  Dimensioni:  Altezza: 95 cm  Larghezza: 68 cm  Profondit\u00e0: 71.5 cm","og_url":"https:\/\/paper-eco.com\/it\/shop\/arredo-fiere-eventi\/guest-sedia-in-cartone\/","og_site_name":"Paper Eco","article_modified_time":"2025-05-05T10:08:15+00:00","og_image":[{"width":1000,"height":1000,"url":"https:\/\/paper-eco.com\/wp-content\/uploads\/2024\/12\/agisco-2-2.jpg","type":"image\/jpeg"}],"twitter_card":"summary_large_image","twitter_misc":{"Tempo di lettura stimato":"1 minuto"},"schema":{"@context":"https:\/\/schema.org","@graph":[{"@type":"WebPage","@id":"https:\/\/paper-eco.com\/it\/shop\/arredo-fiere-eventi\/guest-sedia-in-cartone\/","url":"https:\/\/paper-eco.com\/it\/shop\/arredo-fiere-eventi\/guest-sedia-in-cartone\/","name":"Guest - sedia in cartone - Paper Eco","isPartOf":{"@id":"https:\/\/paper-eco.com\/it\/#website"},"primaryImageOfPage":{"@id":"https:\/\/paper-eco.com\/it\/shop\/arredo-fiere-eventi\/guest-sedia-in-cartone\/#primaryimage"},"image":{"@id":"https:\/\/paper-eco.com\/it\/shop\/arredo-fiere-eventi\/guest-sedia-in-cartone\/#primaryimage"},"thumbnailUrl":"https:\/\/paper-eco.com\/wp-content\/uploads\/2024\/12\/DSC_9165-copia.webp","datePublished":"2024-12-16T10:08:34+00:00","dateModified":"2025-05-05T10:08:15+00:00","breadcrumb":{"@id":"https:\/\/paper-eco.com\/it\/shop\/arredo-fiere-eventi\/guest-sedia-in-cartone\/#breadcrumb"},"inLanguage":"it-IT","potentialAction":[{"@type":"ReadAction","target":["https:\/\/paper-eco.com\/it\/shop\/arredo-fiere-eventi\/guest-sedia-in-cartone\/"]}]},{"@type":"ImageObject","inLanguage":"it-IT","@id":"https:\/\/paper-eco.com\/it\/shop\/arredo-fiere-eventi\/guest-sedia-in-cartone\/#primaryimage","url":"https:\/\/paper-eco.com\/wp-content\/uploads\/2024\/12\/DSC_9165-copia.webp","contentUrl":"https:\/\/paper-eco.com\/wp-content\/uploads\/2024\/12\/DSC_9165-copia.webp","width":1500,"height":1500,"caption":"Paper eco - Guest - Sedia in cartone"},{"@type":"BreadcrumbList","@id":"https:\/\/paper-eco.com\/it\/shop\/arredo-fiere-eventi\/guest-sedia-in-cartone\/#breadcrumb","itemListElement":[{"@type":"ListItem","position":1,"name":"Home","item":"https:\/\/paper-eco.com\/it\/"},{"@type":"ListItem","position":2,"name":"Negozio","item":"https:\/\/paper-eco.com\/it\/negozio\/"},{"@type":"ListItem","position":3,"name":"Guest &#8211; sedia in cartone"}]},{"@type":"WebSite","@id":"https:\/\/paper-eco.com\/it\/#website","url":"https:\/\/paper-eco.com\/it\/","name":"Paper Eco","description":"","potentialAction":[{"@type":"SearchAction","target":{"@type":"EntryPoint","urlTemplate":"https:\/\/paper-eco.com\/it\/?s={search_term_string}"},"query-input":{"@type":"PropertyValueSpecification","valueRequired":true,"valueName":"search_term_string"}}],"inLanguage":"it-IT"}]}},"_links":{"self":[{"href":"https:\/\/paper-eco.com\/it\/wp-json\/wp\/v2\/product\/18795","targetHints":{"allow":["GET"]}}],"collection":[{"href":"https:\/\/paper-eco.com\/it\/wp-json\/wp\/v2\/product"}],"about":[{"href":"https:\/\/paper-eco.com\/it\/wp-json\/wp\/v2\/types\/product"}],"wp:featuredmedia":[{"embeddable":true,"href":"https:\/\/paper-eco.com\/it\/wp-json\/wp\/v2\/media\/21090"}],"wp:attachment":[{"href":"https:\/\/paper-eco.com\/it\/wp-json\/wp\/v2\/media?parent=18795"}],"wp:term":[{"taxonomy":"product_brand","embeddable":true,"href":"https:\/\/paper-eco.com\/it\/wp-json\/wp\/v2\/product_brand?post=18795"},{"taxonomy":"product_cat","embeddable":true,"href":"https:\/\/paper-eco.com\/it\/wp-json\/wp\/v2\/product_cat?post=18795"},{"taxonomy":"product_tag","embeddable":true,"href":"https:\/\/paper-eco.com\/it\/wp-json\/wp\/v2\/product_tag?post=18795"}],"curies":[{"name":"wp","href":"https:\/\/api.w.org\/{rel}","templated":true}]}}