{"id":18798,"date":"2024-12-16T10:08:34","date_gmt":"2024-12-16T10:08:34","guid":{"rendered":"https:\/\/newsite.paper-eco.com\/?post_type=product&#038;p=18798"},"modified":"2025-05-27T09:37:00","modified_gmt":"2025-05-27T09:37:00","slug":"under-tavolino-in-cartone","status":"publish","type":"product","link":"https:\/\/paper-eco.com\/it\/shop\/arredo-fiere-eventi\/under-tavolino-in-cartone\/","title":{"rendered":"Under &#8211; tavolino in cartone"},"content":{"rendered":"<p>Benvenuti nell&#8217;era del design sostenibile, dove ogni elemento d&#8217;arredo non solo arricchisce lo spazio, ma contribuisce anche a un futuro pi\u00f9 verde. Il nostro tavolino in cartone \u00e8 l&#8217;incarnazione perfetta di questa filosofia, unendo estetica, funzionalit\u00e0 e sostenibilit\u00e0 in un unico prodotto.<\/p>\n<ul>\n<li><strong>Design elegante e versatile: <\/strong>il nostro tavolino in cartone \u00e8 progettato per adattarsi a qualsiasi ambiente, dalla casa all&#8217;ufficio, aggiungendo un tocco di stile e modernit\u00e0. Il design minimalista e le linee pulite lo rendono un complemento d&#8217;arredo elegante e discreto, perfetto per ogni spazio. La superficie liscia e robusta offre un supporto stabile per libri, piante, tazze e molto altro.<\/li>\n<li><strong>Leggero e resistente: <\/strong>non lasciarti ingannare dalla leggerezza del cartone. Grazie alla struttura ondulata e al design ingegnoso, il nostro tavolino \u00e8 incredibilmente resistente e durevole. Pu\u00f2 sopportare il peso di oggetti quotidiani senza perdere stabilit\u00e0, garantendo al contempo una facile trasportabilit\u00e0 e flessibilit\u00e0 di utilizzo.<\/li>\n<li><strong>Sostenibile: <\/strong>scegliere il nostro tavolino in cartone significa fare una scelta consapevole per l&#8217;ambiente. La produzione di cartone richiede meno energia e risorse rispetto ai materiali tradizionali come il legno o il metallo. Inoltre, il cartone \u00e8 biodegradabile, il che significa che il tavolino pu\u00f2 essere facilmente riciclato al termine del suo ciclo di vita, riducendo cos\u00ec l&#8217;impatto ambientale complessivo.<\/li>\n<\/ul>\n","protected":false},"excerpt":{"rendered":"<p>Tavolo basso destinato all\u2019ufficio come al living. Comodo e spazioso, perfetto per studi medici, aree destinate all\u2019incontro o all\u2019attesa. Complemento interessante per connotare con creativit\u00e0 anche il living, mixato ad arredi di altri materiali e stili.<\/p>\n<p>&nbsp;<\/p>\n","protected":false},"featured_media":19736,"template":"","meta":[],"product_brand":[],"product_cat":[224,225,227,226],"product_tag":[],"class_list":{"0":"post-18798","1":"product","2":"type-product","3":"status-publish","4":"has-post-thumbnail","6":"product_cat-arredo-fiere-eventi","7":"product_cat-arredo-hotel","8":"product_cat-arredo-ufficio-coworking","9":"product_cat-arredo-negozio","11":"first","12":"instock","13":"taxable","14":"shipping-taxable","15":"purchasable","16":"product-type-simple"},"yoast_head":"<!-- This site is optimized with the Yoast SEO plugin v25.2 - https:\/\/yoast.com\/wordpress\/plugins\/seo\/ -->\n<title>Under - tavolino in cartone - Paper Eco<\/title>\n<meta name=\"robots\" content=\"index, follow, max-snippet:-1, max-image-preview:large, max-video-preview:-1\" \/>\n<link rel=\"canonical\" href=\"https:\/\/paper-eco.com\/it\/shop\/arredo-fiere-eventi\/under-tavolino-in-cartone\/\" \/>\n<meta property=\"og:locale\" content=\"it_IT\" \/>\n<meta property=\"og:type\" content=\"article\" \/>\n<meta property=\"og:title\" content=\"Under - tavolino in cartone - Paper Eco\" \/>\n<meta property=\"og:description\" content=\"Tavolo basso destinato all\u2019ufficio come al living. Comodo e spazioso, perfetto per studi medici, aree destinate all\u2019incontro o all\u2019attesa. Complemento interessante per connotare con creativit\u00e0 anche il living, mixato ad arredi di altri materiali e stili.  &nbsp;\" \/>\n<meta property=\"og:url\" content=\"https:\/\/paper-eco.com\/it\/shop\/arredo-fiere-eventi\/under-tavolino-in-cartone\/\" \/>\n<meta property=\"og:site_name\" content=\"Paper Eco\" \/>\n<meta property=\"article:modified_time\" content=\"2025-05-27T09:37:00+00:00\" \/>\n<meta property=\"og:image\" content=\"https:\/\/paper-eco.com\/wp-content\/uploads\/2024\/12\/under.jpg\" \/>\n\t<meta property=\"og:image:width\" content=\"1500\" \/>\n\t<meta property=\"og:image:height\" content=\"1500\" \/>\n\t<meta property=\"og:image:type\" content=\"image\/jpeg\" \/>\n<meta name=\"twitter:card\" content=\"summary_large_image\" \/>\n<meta name=\"twitter:label1\" content=\"Tempo di lettura stimato\" \/>\n\t<meta name=\"twitter:data1\" content=\"2 minuti\" \/>\n<script type=\"application\/ld+json\" class=\"yoast-schema-graph\">{\"@context\":\"https:\/\/schema.org\",\"@graph\":[{\"@type\":\"WebPage\",\"@id\":\"https:\/\/paper-eco.com\/it\/shop\/arredo-fiere-eventi\/under-tavolino-in-cartone\/\",\"url\":\"https:\/\/paper-eco.com\/it\/shop\/arredo-fiere-eventi\/under-tavolino-in-cartone\/\",\"name\":\"Under - tavolino in cartone - Paper Eco\",\"isPartOf\":{\"@id\":\"https:\/\/paper-eco.com\/it\/#website\"},\"primaryImageOfPage\":{\"@id\":\"https:\/\/paper-eco.com\/it\/shop\/arredo-fiere-eventi\/under-tavolino-in-cartone\/#primaryimage\"},\"image\":{\"@id\":\"https:\/\/paper-eco.com\/it\/shop\/arredo-fiere-eventi\/under-tavolino-in-cartone\/#primaryimage\"},\"thumbnailUrl\":\"https:\/\/paper-eco.com\/wp-content\/uploads\/2024\/12\/under.jpg\",\"datePublished\":\"2024-12-16T10:08:34+00:00\",\"dateModified\":\"2025-05-27T09:37:00+00:00\",\"breadcrumb\":{\"@id\":\"https:\/\/paper-eco.com\/it\/shop\/arredo-fiere-eventi\/under-tavolino-in-cartone\/#breadcrumb\"},\"inLanguage\":\"it-IT\",\"potentialAction\":[{\"@type\":\"ReadAction\",\"target\":[\"https:\/\/paper-eco.com\/it\/shop\/arredo-fiere-eventi\/under-tavolino-in-cartone\/\"]}]},{\"@type\":\"ImageObject\",\"inLanguage\":\"it-IT\",\"@id\":\"https:\/\/paper-eco.com\/it\/shop\/arredo-fiere-eventi\/under-tavolino-in-cartone\/#primaryimage\",\"url\":\"https:\/\/paper-eco.com\/wp-content\/uploads\/2024\/12\/under.jpg\",\"contentUrl\":\"https:\/\/paper-eco.com\/wp-content\/uploads\/2024\/12\/under.jpg\",\"width\":1500,\"height\":1500},{\"@type\":\"BreadcrumbList\",\"@id\":\"https:\/\/paper-eco.com\/it\/shop\/arredo-fiere-eventi\/under-tavolino-in-cartone\/#breadcrumb\",\"itemListElement\":[{\"@type\":\"ListItem\",\"position\":1,\"name\":\"Home\",\"item\":\"https:\/\/paper-eco.com\/it\/\"},{\"@type\":\"ListItem\",\"position\":2,\"name\":\"Negozio\",\"item\":\"https:\/\/paper-eco.com\/it\/negozio\/\"},{\"@type\":\"ListItem\",\"position\":3,\"name\":\"Under &#8211; tavolino in cartone\"}]},{\"@type\":\"WebSite\",\"@id\":\"https:\/\/paper-eco.com\/it\/#website\",\"url\":\"https:\/\/paper-eco.com\/it\/\",\"name\":\"Paper Eco\",\"description\":\"\",\"potentialAction\":[{\"@type\":\"SearchAction\",\"target\":{\"@type\":\"EntryPoint\",\"urlTemplate\":\"https:\/\/paper-eco.com\/it\/?s={search_term_string}\"},\"query-input\":{\"@type\":\"PropertyValueSpecification\",\"valueRequired\":true,\"valueName\":\"search_term_string\"}}],\"inLanguage\":\"it-IT\"}]}<\/script>\n<!-- \/ Yoast SEO plugin. -->","yoast_head_json":{"title":"Under - tavolino in cartone - Paper Eco","robots":{"index":"index","follow":"follow","max-snippet":"max-snippet:-1","max-image-preview":"max-image-preview:large","max-video-preview":"max-video-preview:-1"},"canonical":"https:\/\/paper-eco.com\/it\/shop\/arredo-fiere-eventi\/under-tavolino-in-cartone\/","og_locale":"it_IT","og_type":"article","og_title":"Under - tavolino in cartone - Paper Eco","og_description":"Tavolo basso destinato all\u2019ufficio come al living. Comodo e spazioso, perfetto per studi medici, aree destinate all\u2019incontro o all\u2019attesa. Complemento interessante per connotare con creativit\u00e0 anche il living, mixato ad arredi di altri materiali e stili.  &nbsp;","og_url":"https:\/\/paper-eco.com\/it\/shop\/arredo-fiere-eventi\/under-tavolino-in-cartone\/","og_site_name":"Paper Eco","article_modified_time":"2025-05-27T09:37:00+00:00","og_image":[{"width":1500,"height":1500,"url":"https:\/\/paper-eco.com\/wp-content\/uploads\/2024\/12\/under.jpg","type":"image\/jpeg"}],"twitter_card":"summary_large_image","twitter_misc":{"Tempo di lettura stimato":"2 minuti"},"schema":{"@context":"https:\/\/schema.org","@graph":[{"@type":"WebPage","@id":"https:\/\/paper-eco.com\/it\/shop\/arredo-fiere-eventi\/under-tavolino-in-cartone\/","url":"https:\/\/paper-eco.com\/it\/shop\/arredo-fiere-eventi\/under-tavolino-in-cartone\/","name":"Under - tavolino in cartone - Paper Eco","isPartOf":{"@id":"https:\/\/paper-eco.com\/it\/#website"},"primaryImageOfPage":{"@id":"https:\/\/paper-eco.com\/it\/shop\/arredo-fiere-eventi\/under-tavolino-in-cartone\/#primaryimage"},"image":{"@id":"https:\/\/paper-eco.com\/it\/shop\/arredo-fiere-eventi\/under-tavolino-in-cartone\/#primaryimage"},"thumbnailUrl":"https:\/\/paper-eco.com\/wp-content\/uploads\/2024\/12\/under.jpg","datePublished":"2024-12-16T10:08:34+00:00","dateModified":"2025-05-27T09:37:00+00:00","breadcrumb":{"@id":"https:\/\/paper-eco.com\/it\/shop\/arredo-fiere-eventi\/under-tavolino-in-cartone\/#breadcrumb"},"inLanguage":"it-IT","potentialAction":[{"@type":"ReadAction","target":["https:\/\/paper-eco.com\/it\/shop\/arredo-fiere-eventi\/under-tavolino-in-cartone\/"]}]},{"@type":"ImageObject","inLanguage":"it-IT","@id":"https:\/\/paper-eco.com\/it\/shop\/arredo-fiere-eventi\/under-tavolino-in-cartone\/#primaryimage","url":"https:\/\/paper-eco.com\/wp-content\/uploads\/2024\/12\/under.jpg","contentUrl":"https:\/\/paper-eco.com\/wp-content\/uploads\/2024\/12\/under.jpg","width":1500,"height":1500},{"@type":"BreadcrumbList","@id":"https:\/\/paper-eco.com\/it\/shop\/arredo-fiere-eventi\/under-tavolino-in-cartone\/#breadcrumb","itemListElement":[{"@type":"ListItem","position":1,"name":"Home","item":"https:\/\/paper-eco.com\/it\/"},{"@type":"ListItem","position":2,"name":"Negozio","item":"https:\/\/paper-eco.com\/it\/negozio\/"},{"@type":"ListItem","position":3,"name":"Under &#8211; tavolino in cartone"}]},{"@type":"WebSite","@id":"https:\/\/paper-eco.com\/it\/#website","url":"https:\/\/paper-eco.com\/it\/","name":"Paper Eco","description":"","potentialAction":[{"@type":"SearchAction","target":{"@type":"EntryPoint","urlTemplate":"https:\/\/paper-eco.com\/it\/?s={search_term_string}"},"query-input":{"@type":"PropertyValueSpecification","valueRequired":true,"valueName":"search_term_string"}}],"inLanguage":"it-IT"}]}},"_links":{"self":[{"href":"https:\/\/paper-eco.com\/it\/wp-json\/wp\/v2\/product\/18798","targetHints":{"allow":["GET"]}}],"collection":[{"href":"https:\/\/paper-eco.com\/it\/wp-json\/wp\/v2\/product"}],"about":[{"href":"https:\/\/paper-eco.com\/it\/wp-json\/wp\/v2\/types\/product"}],"wp:featuredmedia":[{"embeddable":true,"href":"https:\/\/paper-eco.com\/it\/wp-json\/wp\/v2\/media\/19736"}],"wp:attachment":[{"href":"https:\/\/paper-eco.com\/it\/wp-json\/wp\/v2\/media?parent=18798"}],"wp:term":[{"taxonomy":"product_brand","embeddable":true,"href":"https:\/\/paper-eco.com\/it\/wp-json\/wp\/v2\/product_brand?post=18798"},{"taxonomy":"product_cat","embeddable":true,"href":"https:\/\/paper-eco.com\/it\/wp-json\/wp\/v2\/product_cat?post=18798"},{"taxonomy":"product_tag","embeddable":true,"href":"https:\/\/paper-eco.com\/it\/wp-json\/wp\/v2\/product_tag?post=18798"}],"curies":[{"name":"wp","href":"https:\/\/api.w.org\/{rel}","templated":true}]}}