{"id":18804,"date":"2024-12-16T10:08:34","date_gmt":"2024-12-16T10:08:34","guid":{"rendered":"https:\/\/newsite.paper-eco.com\/?post_type=product&#038;p=18804"},"modified":"2025-05-05T10:09:09","modified_gmt":"2025-05-05T10:09:09","slug":"queen-sedia-in-cartone","status":"publish","type":"product","link":"https:\/\/paper-eco.com\/it\/shop\/arredo-fiere-eventi\/queen-sedia-in-cartone\/","title":{"rendered":"Queen &#8211; sedia in cartone"},"content":{"rendered":"<p>La <strong>sedia in cartone<\/strong> <strong>Queen<\/strong> \u00e8 simbolo di design sostenibile ed \u00e8 portatrice di messaggi legati all\u2019<strong>etica <\/strong>e alla <strong>sostenibilit\u00e0<\/strong>. Scegliere una <strong>sedia in cartone Queen<\/strong>, cos\u00ec come gli altri oggetti <strong>Paper Eco<\/strong>, \u00e8 un passo avanti verso un futuro pi\u00f9 <strong>green<\/strong> in cui si utilizzano risorse rinnovabili e si riduce l&#8217;impatto ambientale.<\/p>\n<p>Il design della <strong>sedia in cartone<\/strong> \u00e8 versatile e pu\u00f2 adattarsi a qualsiasi ambiente aziendale, fieristico e privato. Inoltre, offre il massimo comfort. La seduta e lo schienale sono modellati per seguire le curve naturali del corpo, garantendo un supporto ottimale durante lunghe sessioni di lavoro o momenti di relax. Nonostante il materiale insolito, la <strong>sedia Queen <\/strong>pu\u00f2 sostenere un peso significativo grazie alla disposizione intelligente degli strati di cartone, che distribuiscono il carico in modo uniforme.<\/p>\n<p>In conclusione, la <strong>sedia in cartone <\/strong>rappresenta una perfetta fusione di funzionalit\u00e0 e design. \u00c8 un pezzo di arredamento che non solo risponde alle esigenze pratiche quotidiane, ma eleva anche l&#8217;estetica dello spazio in cui viene inserita. Con la <strong>sedia in cartone Queen, <\/strong>ogni dettaglio \u00e8 curato, ogni necessit\u00e0 \u00e8 soddisfatta e ogni ambiente diventa pi\u00f9 elegante e funzionale.<\/p>\n","protected":false},"excerpt":{"rendered":"<p>Personalizza il tuo ufficio con una poltrona in cartone riciclato veramente distintiva. Modernit\u00e0, funzionalit\u00e0 e comodit\u00e0: l\u2019essenza della poltrona sostenibile Queen.<\/p>\n<p>&nbsp;<\/p>\n<p><strong>Dimensioni:<\/strong><\/p>\n<p>Altezza: 91 cm<\/p>\n<p>Larghezza: 70.5 cm<\/p>\n<p>Profondit\u00e0: 62 cm<\/p>\n","protected":false},"featured_media":18902,"template":"","meta":[],"product_brand":[],"product_cat":[224,225,227,226],"product_tag":[],"class_list":{"0":"post-18804","1":"product","2":"type-product","3":"status-publish","4":"has-post-thumbnail","6":"product_cat-arredo-fiere-eventi","7":"product_cat-arredo-hotel","8":"product_cat-arredo-ufficio-coworking","9":"product_cat-arredo-negozio","11":"first","12":"instock","13":"taxable","14":"shipping-taxable","15":"purchasable","16":"product-type-simple"},"yoast_head":"<!-- This site is optimized with the Yoast SEO plugin v25.2 - https:\/\/yoast.com\/wordpress\/plugins\/seo\/ -->\n<title>Queen - sedia in cartone - Paper Eco<\/title>\n<meta name=\"robots\" content=\"index, follow, max-snippet:-1, max-image-preview:large, max-video-preview:-1\" \/>\n<link rel=\"canonical\" href=\"https:\/\/paper-eco.com\/it\/shop\/arredo-fiere-eventi\/queen-sedia-in-cartone\/\" \/>\n<meta property=\"og:locale\" content=\"it_IT\" \/>\n<meta property=\"og:type\" content=\"article\" \/>\n<meta property=\"og:title\" content=\"Queen - sedia in cartone - Paper Eco\" \/>\n<meta property=\"og:description\" content=\"Personalizza il tuo ufficio con una poltrona in cartone riciclato veramente distintiva. Modernit\u00e0, funzionalit\u00e0 e comodit\u00e0: l\u2019essenza della poltrona sostenibile Queen.  &nbsp;  Dimensioni:  Altezza: 91 cm  Larghezza: 70.5 cm  Profondit\u00e0: 62 cm\" \/>\n<meta property=\"og:url\" content=\"https:\/\/paper-eco.com\/it\/shop\/arredo-fiere-eventi\/queen-sedia-in-cartone\/\" \/>\n<meta property=\"og:site_name\" content=\"Paper Eco\" \/>\n<meta property=\"article:modified_time\" content=\"2025-05-05T10:09:09+00:00\" \/>\n<meta property=\"og:image\" content=\"https:\/\/paper-eco.com\/wp-content\/uploads\/2024\/12\/01_sedute_paper_eco_queen.png\" \/>\n\t<meta property=\"og:image:width\" content=\"1500\" \/>\n\t<meta property=\"og:image:height\" content=\"1500\" \/>\n\t<meta property=\"og:image:type\" content=\"image\/png\" \/>\n<meta name=\"twitter:card\" content=\"summary_large_image\" \/>\n<meta name=\"twitter:label1\" content=\"Tempo di lettura stimato\" \/>\n\t<meta name=\"twitter:data1\" content=\"2 minuti\" \/>\n<script type=\"application\/ld+json\" class=\"yoast-schema-graph\">{\"@context\":\"https:\/\/schema.org\",\"@graph\":[{\"@type\":\"WebPage\",\"@id\":\"https:\/\/paper-eco.com\/it\/shop\/arredo-fiere-eventi\/queen-sedia-in-cartone\/\",\"url\":\"https:\/\/paper-eco.com\/it\/shop\/arredo-fiere-eventi\/queen-sedia-in-cartone\/\",\"name\":\"Queen - sedia in cartone - Paper Eco\",\"isPartOf\":{\"@id\":\"https:\/\/paper-eco.com\/it\/#website\"},\"primaryImageOfPage\":{\"@id\":\"https:\/\/paper-eco.com\/it\/shop\/arredo-fiere-eventi\/queen-sedia-in-cartone\/#primaryimage\"},\"image\":{\"@id\":\"https:\/\/paper-eco.com\/it\/shop\/arredo-fiere-eventi\/queen-sedia-in-cartone\/#primaryimage\"},\"thumbnailUrl\":\"https:\/\/paper-eco.com\/wp-content\/uploads\/2024\/12\/01_sedute_paper_eco_queen.png\",\"datePublished\":\"2024-12-16T10:08:34+00:00\",\"dateModified\":\"2025-05-05T10:09:09+00:00\",\"breadcrumb\":{\"@id\":\"https:\/\/paper-eco.com\/it\/shop\/arredo-fiere-eventi\/queen-sedia-in-cartone\/#breadcrumb\"},\"inLanguage\":\"it-IT\",\"potentialAction\":[{\"@type\":\"ReadAction\",\"target\":[\"https:\/\/paper-eco.com\/it\/shop\/arredo-fiere-eventi\/queen-sedia-in-cartone\/\"]}]},{\"@type\":\"ImageObject\",\"inLanguage\":\"it-IT\",\"@id\":\"https:\/\/paper-eco.com\/it\/shop\/arredo-fiere-eventi\/queen-sedia-in-cartone\/#primaryimage\",\"url\":\"https:\/\/paper-eco.com\/wp-content\/uploads\/2024\/12\/01_sedute_paper_eco_queen.png\",\"contentUrl\":\"https:\/\/paper-eco.com\/wp-content\/uploads\/2024\/12\/01_sedute_paper_eco_queen.png\",\"width\":1500,\"height\":1500},{\"@type\":\"BreadcrumbList\",\"@id\":\"https:\/\/paper-eco.com\/it\/shop\/arredo-fiere-eventi\/queen-sedia-in-cartone\/#breadcrumb\",\"itemListElement\":[{\"@type\":\"ListItem\",\"position\":1,\"name\":\"Home\",\"item\":\"https:\/\/paper-eco.com\/it\/\"},{\"@type\":\"ListItem\",\"position\":2,\"name\":\"Negozio\",\"item\":\"https:\/\/paper-eco.com\/it\/negozio\/\"},{\"@type\":\"ListItem\",\"position\":3,\"name\":\"Queen &#8211; sedia in cartone\"}]},{\"@type\":\"WebSite\",\"@id\":\"https:\/\/paper-eco.com\/it\/#website\",\"url\":\"https:\/\/paper-eco.com\/it\/\",\"name\":\"Paper Eco\",\"description\":\"\",\"potentialAction\":[{\"@type\":\"SearchAction\",\"target\":{\"@type\":\"EntryPoint\",\"urlTemplate\":\"https:\/\/paper-eco.com\/it\/?s={search_term_string}\"},\"query-input\":{\"@type\":\"PropertyValueSpecification\",\"valueRequired\":true,\"valueName\":\"search_term_string\"}}],\"inLanguage\":\"it-IT\"}]}<\/script>\n<!-- \/ Yoast SEO plugin. -->","yoast_head_json":{"title":"Queen - sedia in cartone - Paper Eco","robots":{"index":"index","follow":"follow","max-snippet":"max-snippet:-1","max-image-preview":"max-image-preview:large","max-video-preview":"max-video-preview:-1"},"canonical":"https:\/\/paper-eco.com\/it\/shop\/arredo-fiere-eventi\/queen-sedia-in-cartone\/","og_locale":"it_IT","og_type":"article","og_title":"Queen - sedia in cartone - Paper Eco","og_description":"Personalizza il tuo ufficio con una poltrona in cartone riciclato veramente distintiva. Modernit\u00e0, funzionalit\u00e0 e comodit\u00e0: l\u2019essenza della poltrona sostenibile Queen.  &nbsp;  Dimensioni:  Altezza: 91 cm  Larghezza: 70.5 cm  Profondit\u00e0: 62 cm","og_url":"https:\/\/paper-eco.com\/it\/shop\/arredo-fiere-eventi\/queen-sedia-in-cartone\/","og_site_name":"Paper Eco","article_modified_time":"2025-05-05T10:09:09+00:00","og_image":[{"width":1500,"height":1500,"url":"https:\/\/paper-eco.com\/wp-content\/uploads\/2024\/12\/01_sedute_paper_eco_queen.png","type":"image\/png"}],"twitter_card":"summary_large_image","twitter_misc":{"Tempo di lettura stimato":"2 minuti"},"schema":{"@context":"https:\/\/schema.org","@graph":[{"@type":"WebPage","@id":"https:\/\/paper-eco.com\/it\/shop\/arredo-fiere-eventi\/queen-sedia-in-cartone\/","url":"https:\/\/paper-eco.com\/it\/shop\/arredo-fiere-eventi\/queen-sedia-in-cartone\/","name":"Queen - sedia in cartone - Paper Eco","isPartOf":{"@id":"https:\/\/paper-eco.com\/it\/#website"},"primaryImageOfPage":{"@id":"https:\/\/paper-eco.com\/it\/shop\/arredo-fiere-eventi\/queen-sedia-in-cartone\/#primaryimage"},"image":{"@id":"https:\/\/paper-eco.com\/it\/shop\/arredo-fiere-eventi\/queen-sedia-in-cartone\/#primaryimage"},"thumbnailUrl":"https:\/\/paper-eco.com\/wp-content\/uploads\/2024\/12\/01_sedute_paper_eco_queen.png","datePublished":"2024-12-16T10:08:34+00:00","dateModified":"2025-05-05T10:09:09+00:00","breadcrumb":{"@id":"https:\/\/paper-eco.com\/it\/shop\/arredo-fiere-eventi\/queen-sedia-in-cartone\/#breadcrumb"},"inLanguage":"it-IT","potentialAction":[{"@type":"ReadAction","target":["https:\/\/paper-eco.com\/it\/shop\/arredo-fiere-eventi\/queen-sedia-in-cartone\/"]}]},{"@type":"ImageObject","inLanguage":"it-IT","@id":"https:\/\/paper-eco.com\/it\/shop\/arredo-fiere-eventi\/queen-sedia-in-cartone\/#primaryimage","url":"https:\/\/paper-eco.com\/wp-content\/uploads\/2024\/12\/01_sedute_paper_eco_queen.png","contentUrl":"https:\/\/paper-eco.com\/wp-content\/uploads\/2024\/12\/01_sedute_paper_eco_queen.png","width":1500,"height":1500},{"@type":"BreadcrumbList","@id":"https:\/\/paper-eco.com\/it\/shop\/arredo-fiere-eventi\/queen-sedia-in-cartone\/#breadcrumb","itemListElement":[{"@type":"ListItem","position":1,"name":"Home","item":"https:\/\/paper-eco.com\/it\/"},{"@type":"ListItem","position":2,"name":"Negozio","item":"https:\/\/paper-eco.com\/it\/negozio\/"},{"@type":"ListItem","position":3,"name":"Queen &#8211; sedia in cartone"}]},{"@type":"WebSite","@id":"https:\/\/paper-eco.com\/it\/#website","url":"https:\/\/paper-eco.com\/it\/","name":"Paper Eco","description":"","potentialAction":[{"@type":"SearchAction","target":{"@type":"EntryPoint","urlTemplate":"https:\/\/paper-eco.com\/it\/?s={search_term_string}"},"query-input":{"@type":"PropertyValueSpecification","valueRequired":true,"valueName":"search_term_string"}}],"inLanguage":"it-IT"}]}},"_links":{"self":[{"href":"https:\/\/paper-eco.com\/it\/wp-json\/wp\/v2\/product\/18804","targetHints":{"allow":["GET"]}}],"collection":[{"href":"https:\/\/paper-eco.com\/it\/wp-json\/wp\/v2\/product"}],"about":[{"href":"https:\/\/paper-eco.com\/it\/wp-json\/wp\/v2\/types\/product"}],"wp:featuredmedia":[{"embeddable":true,"href":"https:\/\/paper-eco.com\/it\/wp-json\/wp\/v2\/media\/18902"}],"wp:attachment":[{"href":"https:\/\/paper-eco.com\/it\/wp-json\/wp\/v2\/media?parent=18804"}],"wp:term":[{"taxonomy":"product_brand","embeddable":true,"href":"https:\/\/paper-eco.com\/it\/wp-json\/wp\/v2\/product_brand?post=18804"},{"taxonomy":"product_cat","embeddable":true,"href":"https:\/\/paper-eco.com\/it\/wp-json\/wp\/v2\/product_cat?post=18804"},{"taxonomy":"product_tag","embeddable":true,"href":"https:\/\/paper-eco.com\/it\/wp-json\/wp\/v2\/product_tag?post=18804"}],"curies":[{"name":"wp","href":"https:\/\/api.w.org\/{rel}","templated":true}]}}