{"id":18805,"date":"2024-12-16T10:08:34","date_gmt":"2024-12-16T10:08:34","guid":{"rendered":"https:\/\/newsite.paper-eco.com\/?post_type=product&#038;p=18805"},"modified":"2025-05-05T09:38:02","modified_gmt":"2025-05-05T09:38:02","slug":"cube-complemento-darredo-in-cartone","status":"publish","type":"product","link":"https:\/\/paper-eco.com\/it\/shop\/arredo-fiere-eventi\/cube-complemento-darredo-in-cartone\/","title":{"rendered":"Cube &#8211; complemento d&#8217;arredo in cartone"},"content":{"rendered":"<p><strong>Cube<\/strong>\u00a0\u00e8 pi\u00f9 di un semplice complemento d&#8217;arredo che permette a chiunque di diventare un artista, trasformando gli spazi con soluzioni uniche e personalizzate.<\/p>\n<h3>Cube: il complemento d&#8217;arredo con design flessibile e personalizzabile<\/h3>\n<p><b>Cube<\/b>\u00a0\u00e8 un\u00a0<strong>prodotto in cartone<\/strong>\u00a0che offre infinite possibilit\u00e0 di composizione. Puoi utilizzarlo in vari punti della casa, sia come singolo elemento decorativo che come parte di una struttura pi\u00f9 complessa. Grazie alla sua modularit\u00e0, Cube pu\u00f2 essere sovrapposto, creando delle colonne che possono ospitare oggetti, foto e altri elementi decorativi, trasformando l&#8217;ambiente in un&#8217;esperienza visiva piacevole e unica.<\/p>\n<h3>Soluzione ideale per vetrine ed esposizioni<\/h3>\n<p>Spesso utilizzato come\u00a0<strong>arredo vetrina<\/strong>, Cube \u00e8 perfetto per esporre capi d&#8217;abbigliamento, oggettistica o altri prodotti, creando un effetto visivo accattivante e attrattivo per il pubblico. La sua struttura modulare permette di giocare con diverse configurazioni, rendendo ogni allestimento dinamico e originale. Disponibile in\u00a0<strong>varie misure<\/strong>, Cube consente di sperimentare con sovrapposizioni e combinazioni, offrendo la libert\u00e0 di creare composizioni uniche e personalizzate.<\/p>\n<h3>Eco-Friendly e innovativo<\/h3>\n<p>Realizzato in cartone, Cube rappresenta una scelta eco-friendly, contribuendo a un design sostenibile e responsabile. La sua leggerezza e facilit\u00e0 di montaggio lo rendono non solo versatile ma anche pratico per chi cerca soluzioni d&#8217;arredo innovative e rispettose dell&#8217;ambiente.<\/p>\n","protected":false},"excerpt":{"rendered":"<p><b>Cube<\/b>\u00a0\u00e8 un complemento d&#8217;arredo in cartone che puoi comporre come vuoi. Lo puoi usare in vari punti della casa oppure puoi sovrapporlo uno sopra l&#8217;altro, creando una colonna. In questa &#8220;colonna&#8221; di Cube puoi inserire oggetti, delle foto o altro in modo da creare un ambiente piacevole e unico agli occhi di chi osserva.<\/p>\n<p><b>Cube<\/b>\u00a0viene usato spesso come arredo vetrina perch\u00e8 ci si pu\u00f2 appoggiare un capo d&#8217;abbigliamento o dell&#8217;oggettistica e cos\u00ec si crea un bellissimo effetto, attrattivo per il pubblico.<\/p>\n","protected":false},"featured_media":18904,"template":"","meta":[],"product_brand":[],"product_cat":[224,225,227,226],"product_tag":[],"class_list":{"0":"post-18805","1":"product","2":"type-product","3":"status-publish","4":"has-post-thumbnail","6":"product_cat-arredo-fiere-eventi","7":"product_cat-arredo-hotel","8":"product_cat-arredo-ufficio-coworking","9":"product_cat-arredo-negozio","11":"first","12":"instock","13":"taxable","14":"shipping-taxable","15":"purchasable","16":"product-type-simple"},"yoast_head":"<!-- This site is optimized with the Yoast SEO plugin v25.2 - https:\/\/yoast.com\/wordpress\/plugins\/seo\/ -->\n<title>Cube - complemento d&#039;arredo in cartone - Paper Eco<\/title>\n<meta name=\"robots\" content=\"index, follow, max-snippet:-1, max-image-preview:large, max-video-preview:-1\" \/>\n<link rel=\"canonical\" href=\"https:\/\/paper-eco.com\/it\/shop\/arredo-fiere-eventi\/cube-complemento-darredo-in-cartone\/\" \/>\n<meta property=\"og:locale\" content=\"it_IT\" \/>\n<meta property=\"og:type\" content=\"article\" \/>\n<meta property=\"og:title\" content=\"Cube - complemento d&#039;arredo in cartone - Paper Eco\" \/>\n<meta property=\"og:description\" content=\"Cube\u00a0\u00e8 un complemento d&#039;arredo in cartone che puoi comporre come vuoi. Lo puoi usare in vari punti della casa oppure puoi sovrapporlo uno sopra l&#039;altro, creando una colonna. In questa &quot;colonna&quot; di Cube puoi inserire oggetti, delle foto o altro in modo da creare un ambiente piacevole e unico agli occhi di chi osserva.  Cube\u00a0viene usato spesso come arredo vetrina perch\u00e8 ci si pu\u00f2 appoggiare un capo d&#039;abbigliamento o dell&#039;oggettistica e cos\u00ec si crea un bellissimo effetto, attrattivo per il pubblico.\" \/>\n<meta property=\"og:url\" content=\"https:\/\/paper-eco.com\/it\/shop\/arredo-fiere-eventi\/cube-complemento-darredo-in-cartone\/\" \/>\n<meta property=\"og:site_name\" content=\"Paper Eco\" \/>\n<meta property=\"article:modified_time\" content=\"2025-05-05T09:38:02+00:00\" \/>\n<meta property=\"og:image\" content=\"https:\/\/paper-eco.com\/wp-content\/uploads\/2024\/12\/03_ufficio_paper_eco_cubes.png\" \/>\n\t<meta property=\"og:image:width\" content=\"1500\" \/>\n\t<meta property=\"og:image:height\" content=\"1500\" \/>\n\t<meta property=\"og:image:type\" content=\"image\/png\" \/>\n<meta name=\"twitter:card\" content=\"summary_large_image\" \/>\n<meta name=\"twitter:label1\" content=\"Tempo di lettura stimato\" \/>\n\t<meta name=\"twitter:data1\" content=\"2 minuti\" \/>\n<script type=\"application\/ld+json\" class=\"yoast-schema-graph\">{\"@context\":\"https:\/\/schema.org\",\"@graph\":[{\"@type\":\"WebPage\",\"@id\":\"https:\/\/paper-eco.com\/it\/shop\/arredo-fiere-eventi\/cube-complemento-darredo-in-cartone\/\",\"url\":\"https:\/\/paper-eco.com\/it\/shop\/arredo-fiere-eventi\/cube-complemento-darredo-in-cartone\/\",\"name\":\"Cube - complemento d'arredo in cartone - Paper Eco\",\"isPartOf\":{\"@id\":\"https:\/\/paper-eco.com\/it\/#website\"},\"primaryImageOfPage\":{\"@id\":\"https:\/\/paper-eco.com\/it\/shop\/arredo-fiere-eventi\/cube-complemento-darredo-in-cartone\/#primaryimage\"},\"image\":{\"@id\":\"https:\/\/paper-eco.com\/it\/shop\/arredo-fiere-eventi\/cube-complemento-darredo-in-cartone\/#primaryimage\"},\"thumbnailUrl\":\"https:\/\/paper-eco.com\/wp-content\/uploads\/2024\/12\/03_ufficio_paper_eco_cubes.png\",\"datePublished\":\"2024-12-16T10:08:34+00:00\",\"dateModified\":\"2025-05-05T09:38:02+00:00\",\"breadcrumb\":{\"@id\":\"https:\/\/paper-eco.com\/it\/shop\/arredo-fiere-eventi\/cube-complemento-darredo-in-cartone\/#breadcrumb\"},\"inLanguage\":\"it-IT\",\"potentialAction\":[{\"@type\":\"ReadAction\",\"target\":[\"https:\/\/paper-eco.com\/it\/shop\/arredo-fiere-eventi\/cube-complemento-darredo-in-cartone\/\"]}]},{\"@type\":\"ImageObject\",\"inLanguage\":\"it-IT\",\"@id\":\"https:\/\/paper-eco.com\/it\/shop\/arredo-fiere-eventi\/cube-complemento-darredo-in-cartone\/#primaryimage\",\"url\":\"https:\/\/paper-eco.com\/wp-content\/uploads\/2024\/12\/03_ufficio_paper_eco_cubes.png\",\"contentUrl\":\"https:\/\/paper-eco.com\/wp-content\/uploads\/2024\/12\/03_ufficio_paper_eco_cubes.png\",\"width\":1500,\"height\":1500},{\"@type\":\"BreadcrumbList\",\"@id\":\"https:\/\/paper-eco.com\/it\/shop\/arredo-fiere-eventi\/cube-complemento-darredo-in-cartone\/#breadcrumb\",\"itemListElement\":[{\"@type\":\"ListItem\",\"position\":1,\"name\":\"Home\",\"item\":\"https:\/\/paper-eco.com\/it\/\"},{\"@type\":\"ListItem\",\"position\":2,\"name\":\"Negozio\",\"item\":\"https:\/\/paper-eco.com\/it\/negozio\/\"},{\"@type\":\"ListItem\",\"position\":3,\"name\":\"Cube &#8211; complemento d&#8217;arredo in cartone\"}]},{\"@type\":\"WebSite\",\"@id\":\"https:\/\/paper-eco.com\/it\/#website\",\"url\":\"https:\/\/paper-eco.com\/it\/\",\"name\":\"Paper Eco\",\"description\":\"\",\"potentialAction\":[{\"@type\":\"SearchAction\",\"target\":{\"@type\":\"EntryPoint\",\"urlTemplate\":\"https:\/\/paper-eco.com\/it\/?s={search_term_string}\"},\"query-input\":{\"@type\":\"PropertyValueSpecification\",\"valueRequired\":true,\"valueName\":\"search_term_string\"}}],\"inLanguage\":\"it-IT\"}]}<\/script>\n<!-- \/ Yoast SEO plugin. -->","yoast_head_json":{"title":"Cube - complemento d'arredo in cartone - Paper Eco","robots":{"index":"index","follow":"follow","max-snippet":"max-snippet:-1","max-image-preview":"max-image-preview:large","max-video-preview":"max-video-preview:-1"},"canonical":"https:\/\/paper-eco.com\/it\/shop\/arredo-fiere-eventi\/cube-complemento-darredo-in-cartone\/","og_locale":"it_IT","og_type":"article","og_title":"Cube - complemento d'arredo in cartone - Paper Eco","og_description":"Cube\u00a0\u00e8 un complemento d'arredo in cartone che puoi comporre come vuoi. Lo puoi usare in vari punti della casa oppure puoi sovrapporlo uno sopra l'altro, creando una colonna. In questa \"colonna\" di Cube puoi inserire oggetti, delle foto o altro in modo da creare un ambiente piacevole e unico agli occhi di chi osserva.  Cube\u00a0viene usato spesso come arredo vetrina perch\u00e8 ci si pu\u00f2 appoggiare un capo d'abbigliamento o dell'oggettistica e cos\u00ec si crea un bellissimo effetto, attrattivo per il pubblico.","og_url":"https:\/\/paper-eco.com\/it\/shop\/arredo-fiere-eventi\/cube-complemento-darredo-in-cartone\/","og_site_name":"Paper Eco","article_modified_time":"2025-05-05T09:38:02+00:00","og_image":[{"width":1500,"height":1500,"url":"https:\/\/paper-eco.com\/wp-content\/uploads\/2024\/12\/03_ufficio_paper_eco_cubes.png","type":"image\/png"}],"twitter_card":"summary_large_image","twitter_misc":{"Tempo di lettura stimato":"2 minuti"},"schema":{"@context":"https:\/\/schema.org","@graph":[{"@type":"WebPage","@id":"https:\/\/paper-eco.com\/it\/shop\/arredo-fiere-eventi\/cube-complemento-darredo-in-cartone\/","url":"https:\/\/paper-eco.com\/it\/shop\/arredo-fiere-eventi\/cube-complemento-darredo-in-cartone\/","name":"Cube - complemento d'arredo in cartone - Paper Eco","isPartOf":{"@id":"https:\/\/paper-eco.com\/it\/#website"},"primaryImageOfPage":{"@id":"https:\/\/paper-eco.com\/it\/shop\/arredo-fiere-eventi\/cube-complemento-darredo-in-cartone\/#primaryimage"},"image":{"@id":"https:\/\/paper-eco.com\/it\/shop\/arredo-fiere-eventi\/cube-complemento-darredo-in-cartone\/#primaryimage"},"thumbnailUrl":"https:\/\/paper-eco.com\/wp-content\/uploads\/2024\/12\/03_ufficio_paper_eco_cubes.png","datePublished":"2024-12-16T10:08:34+00:00","dateModified":"2025-05-05T09:38:02+00:00","breadcrumb":{"@id":"https:\/\/paper-eco.com\/it\/shop\/arredo-fiere-eventi\/cube-complemento-darredo-in-cartone\/#breadcrumb"},"inLanguage":"it-IT","potentialAction":[{"@type":"ReadAction","target":["https:\/\/paper-eco.com\/it\/shop\/arredo-fiere-eventi\/cube-complemento-darredo-in-cartone\/"]}]},{"@type":"ImageObject","inLanguage":"it-IT","@id":"https:\/\/paper-eco.com\/it\/shop\/arredo-fiere-eventi\/cube-complemento-darredo-in-cartone\/#primaryimage","url":"https:\/\/paper-eco.com\/wp-content\/uploads\/2024\/12\/03_ufficio_paper_eco_cubes.png","contentUrl":"https:\/\/paper-eco.com\/wp-content\/uploads\/2024\/12\/03_ufficio_paper_eco_cubes.png","width":1500,"height":1500},{"@type":"BreadcrumbList","@id":"https:\/\/paper-eco.com\/it\/shop\/arredo-fiere-eventi\/cube-complemento-darredo-in-cartone\/#breadcrumb","itemListElement":[{"@type":"ListItem","position":1,"name":"Home","item":"https:\/\/paper-eco.com\/it\/"},{"@type":"ListItem","position":2,"name":"Negozio","item":"https:\/\/paper-eco.com\/it\/negozio\/"},{"@type":"ListItem","position":3,"name":"Cube &#8211; complemento d&#8217;arredo in cartone"}]},{"@type":"WebSite","@id":"https:\/\/paper-eco.com\/it\/#website","url":"https:\/\/paper-eco.com\/it\/","name":"Paper Eco","description":"","potentialAction":[{"@type":"SearchAction","target":{"@type":"EntryPoint","urlTemplate":"https:\/\/paper-eco.com\/it\/?s={search_term_string}"},"query-input":{"@type":"PropertyValueSpecification","valueRequired":true,"valueName":"search_term_string"}}],"inLanguage":"it-IT"}]}},"_links":{"self":[{"href":"https:\/\/paper-eco.com\/it\/wp-json\/wp\/v2\/product\/18805","targetHints":{"allow":["GET"]}}],"collection":[{"href":"https:\/\/paper-eco.com\/it\/wp-json\/wp\/v2\/product"}],"about":[{"href":"https:\/\/paper-eco.com\/it\/wp-json\/wp\/v2\/types\/product"}],"wp:featuredmedia":[{"embeddable":true,"href":"https:\/\/paper-eco.com\/it\/wp-json\/wp\/v2\/media\/18904"}],"wp:attachment":[{"href":"https:\/\/paper-eco.com\/it\/wp-json\/wp\/v2\/media?parent=18805"}],"wp:term":[{"taxonomy":"product_brand","embeddable":true,"href":"https:\/\/paper-eco.com\/it\/wp-json\/wp\/v2\/product_brand?post=18805"},{"taxonomy":"product_cat","embeddable":true,"href":"https:\/\/paper-eco.com\/it\/wp-json\/wp\/v2\/product_cat?post=18805"},{"taxonomy":"product_tag","embeddable":true,"href":"https:\/\/paper-eco.com\/it\/wp-json\/wp\/v2\/product_tag?post=18805"}],"curies":[{"name":"wp","href":"https:\/\/api.w.org\/{rel}","templated":true}]}}