{"id":18809,"date":"2024-12-16T10:08:35","date_gmt":"2024-12-16T10:08:35","guid":{"rendered":"https:\/\/newsite.paper-eco.com\/?post_type=product&#038;p=18809"},"modified":"2025-05-21T12:44:23","modified_gmt":"2025-05-21T12:44:23","slug":"show-espositore-in-cartone","status":"publish","type":"product","link":"https:\/\/paper-eco.com\/it\/shop\/allestimenti-fieristici\/show-espositore-in-cartone\/","title":{"rendered":"Show &#8211; espositore in cartone"},"content":{"rendered":"<p><strong>Show<\/strong> \u00e8 un espositore in cartone riciclato pratico, leggero e con ampio spazio di personalizzazione stampa. Funzionale, con un design essenziale adatto ad ogni tipo di fiera, evento o negozio che voglia comunicare un impegno nell\u2019ambito della sostenibilit\u00e0 ambientale.<strong> Show<\/strong> espositore in cartone \u00e8 un esempio di design innovativo e funzionalit\u00e0, ma anche un simbolo di sostenibilit\u00e0 e rispetto per l\u2019ambiente.\u00a0 <strong>Show<\/strong>, il nostro espositore in cartone, pu\u00f2 essere la soluzione che cerchi per un evento, uno stand, un ufficio oppure un negozio.<\/p>\n<ul>\n<li>Materiali eco-friendly: i nostri espositori sono realizzati al 100% in cartone riciclato e riciclabile e sono una soluzione funzionale per la tua azienda.<\/li>\n<li>Design d\u2019impatto e funzionale: ogni espositore in cartone \u00e8 progettato con particolare attenzione alla funzionalit\u00e0, senza rinunciare all\u2019impatto estetico. L\u2019espositore Show pu\u00f2 essere realizzato su misura secondo le esigenze del cliente.<\/li>\n<li>Ecosostenibilit\u00e0: scegliendo Show espositore per riviste e d\u00e9pliant, ma anche le altre realizzazioni in cartone di Paper Eco sarai parte di una comunit\u00e0 veramente attenta alla sostenibilit\u00e0 e al futuro del pianeta.<\/li>\n<\/ul>\n","protected":false},"excerpt":{"rendered":"<p>Espositore di design in cartone riciclato da terra, composto da pi\u00f9 ripiani e con ampio spazio di personalizzazione stampa. Il design si abbina alla sostenibilit\u00e0 per offrirti una soluzione ecologica e distintiva per ogni evento\/fiera.<\/p>\n<p>&nbsp;<\/p>\n<p><strong>Dimensioni:<\/strong><\/p>\n<p><strong>Altezza: 150 cm<\/strong><\/p>\n<p><strong>Larghezza: 60 cm<\/strong><\/p>\n<p><strong>Profondit\u00e0: 39.5 cm<\/strong><\/p>\n","protected":false},"featured_media":18913,"template":"","meta":[],"product_brand":[],"product_cat":[222],"product_tag":[],"class_list":{"0":"post-18809","1":"product","2":"type-product","3":"status-publish","4":"has-post-thumbnail","6":"product_cat-allestimenti-fieristici","8":"first","9":"instock","10":"taxable","11":"shipping-taxable","12":"purchasable","13":"product-type-simple"},"yoast_head":"<!-- This site is optimized with the Yoast SEO plugin v25.2 - https:\/\/yoast.com\/wordpress\/plugins\/seo\/ -->\n<title>Show - espositore in cartone - Paper Eco<\/title>\n<meta name=\"robots\" content=\"index, follow, max-snippet:-1, max-image-preview:large, max-video-preview:-1\" \/>\n<link rel=\"canonical\" href=\"https:\/\/paper-eco.com\/it\/shop\/allestimenti-fieristici\/show-espositore-in-cartone\/\" \/>\n<meta property=\"og:locale\" content=\"it_IT\" \/>\n<meta property=\"og:type\" content=\"article\" \/>\n<meta property=\"og:title\" content=\"Show - espositore in cartone - Paper Eco\" \/>\n<meta property=\"og:description\" content=\"Espositore di design in cartone riciclato da terra, composto da pi\u00f9 ripiani e con ampio spazio di personalizzazione stampa. Il design si abbina alla sostenibilit\u00e0 per offrirti una soluzione ecologica e distintiva per ogni evento\/fiera.  &nbsp;  Dimensioni:  Altezza: 150 cm  Larghezza: 60 cm  Profondit\u00e0: 39.5 cm\" \/>\n<meta property=\"og:url\" content=\"https:\/\/paper-eco.com\/it\/shop\/allestimenti-fieristici\/show-espositore-in-cartone\/\" \/>\n<meta property=\"og:site_name\" content=\"Paper Eco\" \/>\n<meta property=\"article:modified_time\" content=\"2025-05-21T12:44:23+00:00\" \/>\n<meta property=\"og:image\" content=\"https:\/\/paper-eco.com\/wp-content\/uploads\/2024\/12\/06_espositori_paper_eco_show.png\" \/>\n\t<meta property=\"og:image:width\" content=\"1500\" \/>\n\t<meta property=\"og:image:height\" content=\"1500\" \/>\n\t<meta property=\"og:image:type\" content=\"image\/png\" \/>\n<meta name=\"twitter:card\" content=\"summary_large_image\" \/>\n<meta name=\"twitter:label1\" content=\"Tempo di lettura stimato\" \/>\n\t<meta name=\"twitter:data1\" content=\"2 minuti\" \/>\n<script type=\"application\/ld+json\" class=\"yoast-schema-graph\">{\"@context\":\"https:\/\/schema.org\",\"@graph\":[{\"@type\":\"WebPage\",\"@id\":\"https:\/\/paper-eco.com\/it\/shop\/allestimenti-fieristici\/show-espositore-in-cartone\/\",\"url\":\"https:\/\/paper-eco.com\/it\/shop\/allestimenti-fieristici\/show-espositore-in-cartone\/\",\"name\":\"Show - espositore in cartone - Paper Eco\",\"isPartOf\":{\"@id\":\"https:\/\/paper-eco.com\/it\/#website\"},\"primaryImageOfPage\":{\"@id\":\"https:\/\/paper-eco.com\/it\/shop\/allestimenti-fieristici\/show-espositore-in-cartone\/#primaryimage\"},\"image\":{\"@id\":\"https:\/\/paper-eco.com\/it\/shop\/allestimenti-fieristici\/show-espositore-in-cartone\/#primaryimage\"},\"thumbnailUrl\":\"https:\/\/paper-eco.com\/wp-content\/uploads\/2024\/12\/06_espositori_paper_eco_show.png\",\"datePublished\":\"2024-12-16T10:08:35+00:00\",\"dateModified\":\"2025-05-21T12:44:23+00:00\",\"breadcrumb\":{\"@id\":\"https:\/\/paper-eco.com\/it\/shop\/allestimenti-fieristici\/show-espositore-in-cartone\/#breadcrumb\"},\"inLanguage\":\"it-IT\",\"potentialAction\":[{\"@type\":\"ReadAction\",\"target\":[\"https:\/\/paper-eco.com\/it\/shop\/allestimenti-fieristici\/show-espositore-in-cartone\/\"]}]},{\"@type\":\"ImageObject\",\"inLanguage\":\"it-IT\",\"@id\":\"https:\/\/paper-eco.com\/it\/shop\/allestimenti-fieristici\/show-espositore-in-cartone\/#primaryimage\",\"url\":\"https:\/\/paper-eco.com\/wp-content\/uploads\/2024\/12\/06_espositori_paper_eco_show.png\",\"contentUrl\":\"https:\/\/paper-eco.com\/wp-content\/uploads\/2024\/12\/06_espositori_paper_eco_show.png\",\"width\":1500,\"height\":1500},{\"@type\":\"BreadcrumbList\",\"@id\":\"https:\/\/paper-eco.com\/it\/shop\/allestimenti-fieristici\/show-espositore-in-cartone\/#breadcrumb\",\"itemListElement\":[{\"@type\":\"ListItem\",\"position\":1,\"name\":\"Home\",\"item\":\"https:\/\/paper-eco.com\/it\/\"},{\"@type\":\"ListItem\",\"position\":2,\"name\":\"Negozio\",\"item\":\"https:\/\/paper-eco.com\/it\/negozio\/\"},{\"@type\":\"ListItem\",\"position\":3,\"name\":\"Show &#8211; espositore in cartone\"}]},{\"@type\":\"WebSite\",\"@id\":\"https:\/\/paper-eco.com\/it\/#website\",\"url\":\"https:\/\/paper-eco.com\/it\/\",\"name\":\"Paper Eco\",\"description\":\"\",\"potentialAction\":[{\"@type\":\"SearchAction\",\"target\":{\"@type\":\"EntryPoint\",\"urlTemplate\":\"https:\/\/paper-eco.com\/it\/?s={search_term_string}\"},\"query-input\":{\"@type\":\"PropertyValueSpecification\",\"valueRequired\":true,\"valueName\":\"search_term_string\"}}],\"inLanguage\":\"it-IT\"}]}<\/script>\n<!-- \/ Yoast SEO plugin. -->","yoast_head_json":{"title":"Show - espositore in cartone - Paper Eco","robots":{"index":"index","follow":"follow","max-snippet":"max-snippet:-1","max-image-preview":"max-image-preview:large","max-video-preview":"max-video-preview:-1"},"canonical":"https:\/\/paper-eco.com\/it\/shop\/allestimenti-fieristici\/show-espositore-in-cartone\/","og_locale":"it_IT","og_type":"article","og_title":"Show - espositore in cartone - Paper Eco","og_description":"Espositore di design in cartone riciclato da terra, composto da pi\u00f9 ripiani e con ampio spazio di personalizzazione stampa. Il design si abbina alla sostenibilit\u00e0 per offrirti una soluzione ecologica e distintiva per ogni evento\/fiera.  &nbsp;  Dimensioni:  Altezza: 150 cm  Larghezza: 60 cm  Profondit\u00e0: 39.5 cm","og_url":"https:\/\/paper-eco.com\/it\/shop\/allestimenti-fieristici\/show-espositore-in-cartone\/","og_site_name":"Paper Eco","article_modified_time":"2025-05-21T12:44:23+00:00","og_image":[{"width":1500,"height":1500,"url":"https:\/\/paper-eco.com\/wp-content\/uploads\/2024\/12\/06_espositori_paper_eco_show.png","type":"image\/png"}],"twitter_card":"summary_large_image","twitter_misc":{"Tempo di lettura stimato":"2 minuti"},"schema":{"@context":"https:\/\/schema.org","@graph":[{"@type":"WebPage","@id":"https:\/\/paper-eco.com\/it\/shop\/allestimenti-fieristici\/show-espositore-in-cartone\/","url":"https:\/\/paper-eco.com\/it\/shop\/allestimenti-fieristici\/show-espositore-in-cartone\/","name":"Show - espositore in cartone - Paper Eco","isPartOf":{"@id":"https:\/\/paper-eco.com\/it\/#website"},"primaryImageOfPage":{"@id":"https:\/\/paper-eco.com\/it\/shop\/allestimenti-fieristici\/show-espositore-in-cartone\/#primaryimage"},"image":{"@id":"https:\/\/paper-eco.com\/it\/shop\/allestimenti-fieristici\/show-espositore-in-cartone\/#primaryimage"},"thumbnailUrl":"https:\/\/paper-eco.com\/wp-content\/uploads\/2024\/12\/06_espositori_paper_eco_show.png","datePublished":"2024-12-16T10:08:35+00:00","dateModified":"2025-05-21T12:44:23+00:00","breadcrumb":{"@id":"https:\/\/paper-eco.com\/it\/shop\/allestimenti-fieristici\/show-espositore-in-cartone\/#breadcrumb"},"inLanguage":"it-IT","potentialAction":[{"@type":"ReadAction","target":["https:\/\/paper-eco.com\/it\/shop\/allestimenti-fieristici\/show-espositore-in-cartone\/"]}]},{"@type":"ImageObject","inLanguage":"it-IT","@id":"https:\/\/paper-eco.com\/it\/shop\/allestimenti-fieristici\/show-espositore-in-cartone\/#primaryimage","url":"https:\/\/paper-eco.com\/wp-content\/uploads\/2024\/12\/06_espositori_paper_eco_show.png","contentUrl":"https:\/\/paper-eco.com\/wp-content\/uploads\/2024\/12\/06_espositori_paper_eco_show.png","width":1500,"height":1500},{"@type":"BreadcrumbList","@id":"https:\/\/paper-eco.com\/it\/shop\/allestimenti-fieristici\/show-espositore-in-cartone\/#breadcrumb","itemListElement":[{"@type":"ListItem","position":1,"name":"Home","item":"https:\/\/paper-eco.com\/it\/"},{"@type":"ListItem","position":2,"name":"Negozio","item":"https:\/\/paper-eco.com\/it\/negozio\/"},{"@type":"ListItem","position":3,"name":"Show &#8211; espositore in cartone"}]},{"@type":"WebSite","@id":"https:\/\/paper-eco.com\/it\/#website","url":"https:\/\/paper-eco.com\/it\/","name":"Paper Eco","description":"","potentialAction":[{"@type":"SearchAction","target":{"@type":"EntryPoint","urlTemplate":"https:\/\/paper-eco.com\/it\/?s={search_term_string}"},"query-input":{"@type":"PropertyValueSpecification","valueRequired":true,"valueName":"search_term_string"}}],"inLanguage":"it-IT"}]}},"_links":{"self":[{"href":"https:\/\/paper-eco.com\/it\/wp-json\/wp\/v2\/product\/18809","targetHints":{"allow":["GET"]}}],"collection":[{"href":"https:\/\/paper-eco.com\/it\/wp-json\/wp\/v2\/product"}],"about":[{"href":"https:\/\/paper-eco.com\/it\/wp-json\/wp\/v2\/types\/product"}],"wp:featuredmedia":[{"embeddable":true,"href":"https:\/\/paper-eco.com\/it\/wp-json\/wp\/v2\/media\/18913"}],"wp:attachment":[{"href":"https:\/\/paper-eco.com\/it\/wp-json\/wp\/v2\/media?parent=18809"}],"wp:term":[{"taxonomy":"product_brand","embeddable":true,"href":"https:\/\/paper-eco.com\/it\/wp-json\/wp\/v2\/product_brand?post=18809"},{"taxonomy":"product_cat","embeddable":true,"href":"https:\/\/paper-eco.com\/it\/wp-json\/wp\/v2\/product_cat?post=18809"},{"taxonomy":"product_tag","embeddable":true,"href":"https:\/\/paper-eco.com\/it\/wp-json\/wp\/v2\/product_tag?post=18809"}],"curies":[{"name":"wp","href":"https:\/\/api.w.org\/{rel}","templated":true}]}}