{"id":18844,"date":"2024-12-16T10:09:29","date_gmt":"2024-12-16T10:09:29","guid":{"rendered":"https:\/\/newsite.paper-eco.com\/?post_type=product&#038;p=18844"},"modified":"2025-05-05T10:13:31","modified_gmt":"2025-05-05T10:13:31","slug":"matri-tavolini-in-cartone","status":"publish","type":"product","link":"https:\/\/paper-eco.com\/it\/shop\/arredo-ufficio-coworking\/matri-tavolini-in-cartone\/","title":{"rendered":"Matri &#8211; tavolini in cartone"},"content":{"rendered":"<p><b>Matri<\/b>\u00a0\u00e8 un tavolino in cartone poliedrico perch\u00e8 diventa come una matrioska russa. Si pu\u00f2 allungare. si pu\u00f2 usare in appoggio sopra altri mobili, o si pu\u00f2 usare a terra come porta oggetti e quindi per un allestimento.<br \/>\nIl tavolino in cartone\u00a0<b>Matri<\/b> \u00e8 resistente e pu\u00f2 essere un poggia piedi se usato davanti ad una poltrona\u00a0<i><b>(es. Agisco<sup>2<\/sup>)<\/b><\/i>\u00a0o un divano.<\/p>\n<h2>Matri: il tavolino in cartone poliedrico<\/h2>\n<p>Il\u00a0<strong>tavolino in cartone Matri<\/strong>\u00a0\u00e8 un&#8217;innovativa soluzione d&#8217;arredo che combina funzionalit\u00e0 e design con una struttura unica e poliedrica, ispirata alle tradizionali matrioske russe. Questo tavolino \u00e8 progettato per adattarsi a diverse esigenze d&#8217;uso e si distingue per la sua capacit\u00e0 di estendersi e trasformarsi, offrendo una versatilit\u00e0 che lo rende adatto a molteplici situazioni e ambienti.<\/p>\n<h3>Design e funzionalit\u00e0 del tavolino in cartone<\/h3>\n<p>Il tavolino in cartone\u00a0<b>Matri<\/b>\u00a0pu\u00f2 essere\u00a0<strong>allungato<\/strong>\u00a0per adattarsi a diverse esigenze di spazio Grazie alla sua struttura modulare, \u00e8 ideale come porta oggetti ed \u00e8 una soluzione pratica per allestimenti e decorazioni d&#8217;interni.<\/p>\n<h3>Resistenza del tavolino in cartone<\/h3>\n<p>Realizzato in cartone di alta qualit\u00e0, il tavolino Matri \u00e8\u00a0<strong>resistente e durevole<\/strong>, capace di sostenere oggetti con facilit\u00e0. Nonostante le sue dimensioni compatte, quando esteso, pu\u00f2 ospitare 3-5 oggetti di piccole dimensioni. Inoltre, grazie alla sua struttura solida, pu\u00f2 essere utilizzato come poggia piedi, risultando particolarmente comodo se posizionato davanti a una poltrona come la\u00a0<strong>Agisco<sup>2<\/sup><\/strong>\u00a0o un divano.<\/p>\n<h3>Ideale per ogni stile d&#8217;arredamento<\/h3>\n<p>Con il suo design semplice e moderno, il\u00a0<b>tavolino in cartone Matri<\/b>\u00a0si integra perfettamente in qualsiasi stile d&#8217;arredo, dal minimalista al contemporaneo.<\/p>\n","protected":false},"excerpt":{"rendered":"<p>Tavolini sostenibili in cartone riciclato, personalizzabili in vari dimensioni e utilizzabili in vari ambienti come elementi d&#8217;arredamento di design sostenibile.<\/p>\n<p>&nbsp;<\/p>\n<p><strong>Dimensioni:<\/strong><\/p>\n<p><strong>Altezza: 14.5cm<\/strong><\/p>\n<p><strong>Larghezza: 60 cm<\/strong><\/p>\n<p><strong>Profondit\u00e0: 30 cm<\/strong><\/p>\n","protected":false},"featured_media":18927,"template":"","meta":[],"product_brand":[],"product_cat":[227],"product_tag":[],"class_list":{"0":"post-18844","1":"product","2":"type-product","3":"status-publish","4":"has-post-thumbnail","6":"product_cat-arredo-ufficio-coworking","8":"first","9":"instock","10":"taxable","11":"shipping-taxable","12":"purchasable","13":"product-type-simple"},"yoast_head":"<!-- This site is optimized with the Yoast SEO plugin v25.2 - https:\/\/yoast.com\/wordpress\/plugins\/seo\/ -->\n<title>Matri - tavolini in cartone - Paper Eco<\/title>\n<meta name=\"robots\" content=\"index, follow, max-snippet:-1, max-image-preview:large, max-video-preview:-1\" \/>\n<link rel=\"canonical\" href=\"https:\/\/paper-eco.com\/it\/shop\/arredo-ufficio-coworking\/matri-tavolini-in-cartone\/\" \/>\n<meta property=\"og:locale\" content=\"it_IT\" \/>\n<meta property=\"og:type\" content=\"article\" \/>\n<meta property=\"og:title\" content=\"Matri - tavolini in cartone - Paper Eco\" \/>\n<meta property=\"og:description\" content=\"Tavolini sostenibili in cartone riciclato, personalizzabili in vari dimensioni e utilizzabili in vari ambienti come elementi d&#039;arredamento di design sostenibile.  &nbsp;  Dimensioni:  Altezza: 14.5cm  Larghezza: 60 cm  Profondit\u00e0: 30 cm\" \/>\n<meta property=\"og:url\" content=\"https:\/\/paper-eco.com\/it\/shop\/arredo-ufficio-coworking\/matri-tavolini-in-cartone\/\" \/>\n<meta property=\"og:site_name\" content=\"Paper Eco\" \/>\n<meta property=\"article:modified_time\" content=\"2025-05-05T10:13:31+00:00\" \/>\n<meta property=\"og:image\" content=\"https:\/\/paper-eco.com\/wp-content\/uploads\/2024\/12\/matri-5.png\" \/>\n\t<meta property=\"og:image:width\" content=\"600\" \/>\n\t<meta property=\"og:image:height\" content=\"600\" \/>\n\t<meta property=\"og:image:type\" content=\"image\/png\" \/>\n<meta name=\"twitter:card\" content=\"summary_large_image\" \/>\n<meta name=\"twitter:label1\" content=\"Tempo di lettura stimato\" \/>\n\t<meta name=\"twitter:data1\" content=\"1 minuto\" \/>\n<script type=\"application\/ld+json\" class=\"yoast-schema-graph\">{\"@context\":\"https:\/\/schema.org\",\"@graph\":[{\"@type\":\"WebPage\",\"@id\":\"https:\/\/paper-eco.com\/it\/shop\/arredo-ufficio-coworking\/matri-tavolini-in-cartone\/\",\"url\":\"https:\/\/paper-eco.com\/it\/shop\/arredo-ufficio-coworking\/matri-tavolini-in-cartone\/\",\"name\":\"Matri - tavolini in cartone - Paper Eco\",\"isPartOf\":{\"@id\":\"https:\/\/paper-eco.com\/it\/#website\"},\"primaryImageOfPage\":{\"@id\":\"https:\/\/paper-eco.com\/it\/shop\/arredo-ufficio-coworking\/matri-tavolini-in-cartone\/#primaryimage\"},\"image\":{\"@id\":\"https:\/\/paper-eco.com\/it\/shop\/arredo-ufficio-coworking\/matri-tavolini-in-cartone\/#primaryimage\"},\"thumbnailUrl\":\"https:\/\/paper-eco.com\/wp-content\/uploads\/2024\/12\/matri-5.png\",\"datePublished\":\"2024-12-16T10:09:29+00:00\",\"dateModified\":\"2025-05-05T10:13:31+00:00\",\"breadcrumb\":{\"@id\":\"https:\/\/paper-eco.com\/it\/shop\/arredo-ufficio-coworking\/matri-tavolini-in-cartone\/#breadcrumb\"},\"inLanguage\":\"it-IT\",\"potentialAction\":[{\"@type\":\"ReadAction\",\"target\":[\"https:\/\/paper-eco.com\/it\/shop\/arredo-ufficio-coworking\/matri-tavolini-in-cartone\/\"]}]},{\"@type\":\"ImageObject\",\"inLanguage\":\"it-IT\",\"@id\":\"https:\/\/paper-eco.com\/it\/shop\/arredo-ufficio-coworking\/matri-tavolini-in-cartone\/#primaryimage\",\"url\":\"https:\/\/paper-eco.com\/wp-content\/uploads\/2024\/12\/matri-5.png\",\"contentUrl\":\"https:\/\/paper-eco.com\/wp-content\/uploads\/2024\/12\/matri-5.png\",\"width\":600,\"height\":600},{\"@type\":\"BreadcrumbList\",\"@id\":\"https:\/\/paper-eco.com\/it\/shop\/arredo-ufficio-coworking\/matri-tavolini-in-cartone\/#breadcrumb\",\"itemListElement\":[{\"@type\":\"ListItem\",\"position\":1,\"name\":\"Home\",\"item\":\"https:\/\/paper-eco.com\/it\/\"},{\"@type\":\"ListItem\",\"position\":2,\"name\":\"Negozio\",\"item\":\"https:\/\/paper-eco.com\/it\/negozio\/\"},{\"@type\":\"ListItem\",\"position\":3,\"name\":\"Matri &#8211; tavolini in cartone\"}]},{\"@type\":\"WebSite\",\"@id\":\"https:\/\/paper-eco.com\/it\/#website\",\"url\":\"https:\/\/paper-eco.com\/it\/\",\"name\":\"Paper Eco\",\"description\":\"\",\"potentialAction\":[{\"@type\":\"SearchAction\",\"target\":{\"@type\":\"EntryPoint\",\"urlTemplate\":\"https:\/\/paper-eco.com\/it\/?s={search_term_string}\"},\"query-input\":{\"@type\":\"PropertyValueSpecification\",\"valueRequired\":true,\"valueName\":\"search_term_string\"}}],\"inLanguage\":\"it-IT\"}]}<\/script>\n<!-- \/ Yoast SEO plugin. -->","yoast_head_json":{"title":"Matri - tavolini in cartone - Paper Eco","robots":{"index":"index","follow":"follow","max-snippet":"max-snippet:-1","max-image-preview":"max-image-preview:large","max-video-preview":"max-video-preview:-1"},"canonical":"https:\/\/paper-eco.com\/it\/shop\/arredo-ufficio-coworking\/matri-tavolini-in-cartone\/","og_locale":"it_IT","og_type":"article","og_title":"Matri - tavolini in cartone - Paper Eco","og_description":"Tavolini sostenibili in cartone riciclato, personalizzabili in vari dimensioni e utilizzabili in vari ambienti come elementi d'arredamento di design sostenibile.  &nbsp;  Dimensioni:  Altezza: 14.5cm  Larghezza: 60 cm  Profondit\u00e0: 30 cm","og_url":"https:\/\/paper-eco.com\/it\/shop\/arredo-ufficio-coworking\/matri-tavolini-in-cartone\/","og_site_name":"Paper Eco","article_modified_time":"2025-05-05T10:13:31+00:00","og_image":[{"width":600,"height":600,"url":"https:\/\/paper-eco.com\/wp-content\/uploads\/2024\/12\/matri-5.png","type":"image\/png"}],"twitter_card":"summary_large_image","twitter_misc":{"Tempo di lettura stimato":"1 minuto"},"schema":{"@context":"https:\/\/schema.org","@graph":[{"@type":"WebPage","@id":"https:\/\/paper-eco.com\/it\/shop\/arredo-ufficio-coworking\/matri-tavolini-in-cartone\/","url":"https:\/\/paper-eco.com\/it\/shop\/arredo-ufficio-coworking\/matri-tavolini-in-cartone\/","name":"Matri - tavolini in cartone - Paper Eco","isPartOf":{"@id":"https:\/\/paper-eco.com\/it\/#website"},"primaryImageOfPage":{"@id":"https:\/\/paper-eco.com\/it\/shop\/arredo-ufficio-coworking\/matri-tavolini-in-cartone\/#primaryimage"},"image":{"@id":"https:\/\/paper-eco.com\/it\/shop\/arredo-ufficio-coworking\/matri-tavolini-in-cartone\/#primaryimage"},"thumbnailUrl":"https:\/\/paper-eco.com\/wp-content\/uploads\/2024\/12\/matri-5.png","datePublished":"2024-12-16T10:09:29+00:00","dateModified":"2025-05-05T10:13:31+00:00","breadcrumb":{"@id":"https:\/\/paper-eco.com\/it\/shop\/arredo-ufficio-coworking\/matri-tavolini-in-cartone\/#breadcrumb"},"inLanguage":"it-IT","potentialAction":[{"@type":"ReadAction","target":["https:\/\/paper-eco.com\/it\/shop\/arredo-ufficio-coworking\/matri-tavolini-in-cartone\/"]}]},{"@type":"ImageObject","inLanguage":"it-IT","@id":"https:\/\/paper-eco.com\/it\/shop\/arredo-ufficio-coworking\/matri-tavolini-in-cartone\/#primaryimage","url":"https:\/\/paper-eco.com\/wp-content\/uploads\/2024\/12\/matri-5.png","contentUrl":"https:\/\/paper-eco.com\/wp-content\/uploads\/2024\/12\/matri-5.png","width":600,"height":600},{"@type":"BreadcrumbList","@id":"https:\/\/paper-eco.com\/it\/shop\/arredo-ufficio-coworking\/matri-tavolini-in-cartone\/#breadcrumb","itemListElement":[{"@type":"ListItem","position":1,"name":"Home","item":"https:\/\/paper-eco.com\/it\/"},{"@type":"ListItem","position":2,"name":"Negozio","item":"https:\/\/paper-eco.com\/it\/negozio\/"},{"@type":"ListItem","position":3,"name":"Matri &#8211; tavolini in cartone"}]},{"@type":"WebSite","@id":"https:\/\/paper-eco.com\/it\/#website","url":"https:\/\/paper-eco.com\/it\/","name":"Paper Eco","description":"","potentialAction":[{"@type":"SearchAction","target":{"@type":"EntryPoint","urlTemplate":"https:\/\/paper-eco.com\/it\/?s={search_term_string}"},"query-input":{"@type":"PropertyValueSpecification","valueRequired":true,"valueName":"search_term_string"}}],"inLanguage":"it-IT"}]}},"_links":{"self":[{"href":"https:\/\/paper-eco.com\/it\/wp-json\/wp\/v2\/product\/18844","targetHints":{"allow":["GET"]}}],"collection":[{"href":"https:\/\/paper-eco.com\/it\/wp-json\/wp\/v2\/product"}],"about":[{"href":"https:\/\/paper-eco.com\/it\/wp-json\/wp\/v2\/types\/product"}],"wp:featuredmedia":[{"embeddable":true,"href":"https:\/\/paper-eco.com\/it\/wp-json\/wp\/v2\/media\/18927"}],"wp:attachment":[{"href":"https:\/\/paper-eco.com\/it\/wp-json\/wp\/v2\/media?parent=18844"}],"wp:term":[{"taxonomy":"product_brand","embeddable":true,"href":"https:\/\/paper-eco.com\/it\/wp-json\/wp\/v2\/product_brand?post=18844"},{"taxonomy":"product_cat","embeddable":true,"href":"https:\/\/paper-eco.com\/it\/wp-json\/wp\/v2\/product_cat?post=18844"},{"taxonomy":"product_tag","embeddable":true,"href":"https:\/\/paper-eco.com\/it\/wp-json\/wp\/v2\/product_tag?post=18844"}],"curies":[{"name":"wp","href":"https:\/\/api.w.org\/{rel}","templated":true}]}}