{"id":18869,"date":"2024-12-16T10:09:51","date_gmt":"2024-12-16T10:09:51","guid":{"rendered":"https:\/\/newsite.paper-eco.com\/?post_type=product&#038;p=18869"},"modified":"2025-05-27T09:09:59","modified_gmt":"2025-05-27T09:09:59","slug":"toy-tavolino-in-cartone","status":"publish","type":"product","link":"https:\/\/paper-eco.com\/it\/shop\/arredo-fiere-eventi\/toy-tavolino-in-cartone\/","title":{"rendered":"Toy &#8211; tavolino in cartone"},"content":{"rendered":"<p>Realizzato con cartone ondulato di alta qualit\u00e0, il <strong>tavolino Toy<\/strong> \u00e8 la scelta perfetta per chi cerca un elemento d&#8217;arredo <strong>innovativo, sostenibile e versatile<\/strong>.<\/p>\n<p>La superficie del <strong>tavolino in cartone Toy<\/strong> \u00e8 ampia e stabile, perfetta per ospitare una variet\u00e0 di oggetti, dal caff\u00e8 del mattino ai laptop per il lavoro da casa.<\/p>\n<p>La sua natura ecologica non solo contribuisce a ridurre l&#8217;impatto ambientale, ma anche a promuovere uno stile di vita pi\u00f9 sostenibile. Il cartone utilizzato per il tavoline Toy \u00e8<strong> riciclabile<\/strong>.<\/p>\n<p>Ogni <strong>tavolino in cartone<\/strong> \u00e8 infatti un passo verso un futuro pi\u00f9 verde, realizzato con materiali riciclabili e spesso provenienti da fonti riciclate. \u00c8 un pezzo d&#8217;arredo che non solo decora la tua casa, ma lo fa in modo <strong>responsabile, riducendo l&#8217;impatto ambientale e promuovendo una vita pi\u00f9 consapevole.<\/strong><\/p>\n<p>In conclusione, il <strong>tavolino in cartone<\/strong> \u00e8 una perfetta sintesi di funzionalit\u00e0 e design.<\/p>\n","protected":false},"excerpt":{"rendered":"<p><strong>Tavolino Toy in cartone riciclato<\/strong>: Toy \u00e8 il tavolino basso in cartone riciclato perfetto per chi desidera un complemento d\u2019arredo eco-friendly e versatile. Con il suo design semplice e moderno, Toy si adatta a qualsiasi ambiente, ad esempio in spazi fieristici ed \u00e8 utile per allestimenti di eventi. Leggero, facile da spostare e completamente riciclabile, questo tavolino \u00e8 progettato per un utilizzo flessibile e un impatto ambientale minimo.<\/p>\n<p>Con <strong>Toy<\/strong>, Paper Eco unisce sostenibilit\u00e0 e funzionalit\u00e0, offrendo un arredo che \u00e8 sia un\u2019opzione pratica sia una dichiarazione di attenzione al tema sostenibilit\u00e0 ed ecologia.<\/p>\n<p><strong>Dimensioni:<\/strong><\/p>\n<p><strong>Altezza: 50 cm<\/strong><\/p>\n<p><strong>Larghezza: 80 cm<\/strong><\/p>\n<p><strong>Profondit\u00e0: 80 cm<\/strong><\/p>\n","protected":false},"featured_media":18941,"template":"","meta":[],"product_brand":[],"product_cat":[224,225,227,226],"product_tag":[],"class_list":{"0":"post-18869","1":"product","2":"type-product","3":"status-publish","4":"has-post-thumbnail","6":"product_cat-arredo-fiere-eventi","7":"product_cat-arredo-hotel","8":"product_cat-arredo-ufficio-coworking","9":"product_cat-arredo-negozio","11":"first","12":"instock","13":"taxable","14":"shipping-taxable","15":"purchasable","16":"product-type-simple"},"yoast_head":"<!-- This site is optimized with the Yoast SEO plugin v25.2 - https:\/\/yoast.com\/wordpress\/plugins\/seo\/ -->\n<title>Toy - tavolino in cartone - Paper Eco<\/title>\n<meta name=\"robots\" content=\"index, follow, max-snippet:-1, max-image-preview:large, max-video-preview:-1\" \/>\n<link rel=\"canonical\" href=\"https:\/\/paper-eco.com\/it\/shop\/arredo-fiere-eventi\/toy-tavolino-in-cartone\/\" \/>\n<meta property=\"og:locale\" content=\"it_IT\" \/>\n<meta property=\"og:type\" content=\"article\" \/>\n<meta property=\"og:title\" content=\"Toy - tavolino in cartone - Paper Eco\" \/>\n<meta property=\"og:description\" content=\"Tavolino Toy in cartone riciclato: Toy \u00e8 il tavolino basso in cartone riciclato perfetto per chi desidera un complemento d\u2019arredo eco-friendly e versatile. Con il suo design semplice e moderno, Toy si adatta a qualsiasi ambiente, ad esempio in spazi fieristici ed \u00e8 utile per allestimenti di eventi. Leggero, facile da spostare e completamente riciclabile, questo tavolino \u00e8 progettato per un utilizzo flessibile e un impatto ambientale minimo.  Con Toy, Paper Eco unisce sostenibilit\u00e0 e funzionalit\u00e0, offrendo un arredo che \u00e8 sia un\u2019opzione pratica sia una dichiarazione di attenzione al tema sostenibilit\u00e0 ed ecologia.  Dimensioni:  Altezza: 50 cm  Larghezza: 80 cm  Profondit\u00e0: 80 cm\" \/>\n<meta property=\"og:url\" content=\"https:\/\/paper-eco.com\/it\/shop\/arredo-fiere-eventi\/toy-tavolino-in-cartone\/\" \/>\n<meta property=\"og:site_name\" content=\"Paper Eco\" \/>\n<meta property=\"article:modified_time\" content=\"2025-05-27T09:09:59+00:00\" \/>\n<meta property=\"og:image\" content=\"https:\/\/paper-eco.com\/wp-content\/uploads\/2024\/12\/05_tavolini_paper_eco_toy.png\" \/>\n\t<meta property=\"og:image:width\" content=\"1500\" \/>\n\t<meta property=\"og:image:height\" content=\"1500\" \/>\n\t<meta property=\"og:image:type\" content=\"image\/png\" \/>\n<meta name=\"twitter:card\" content=\"summary_large_image\" \/>\n<meta name=\"twitter:label1\" content=\"Tempo di lettura stimato\" \/>\n\t<meta name=\"twitter:data1\" content=\"1 minuto\" \/>\n<script type=\"application\/ld+json\" class=\"yoast-schema-graph\">{\"@context\":\"https:\/\/schema.org\",\"@graph\":[{\"@type\":\"WebPage\",\"@id\":\"https:\/\/paper-eco.com\/it\/shop\/arredo-fiere-eventi\/toy-tavolino-in-cartone\/\",\"url\":\"https:\/\/paper-eco.com\/it\/shop\/arredo-fiere-eventi\/toy-tavolino-in-cartone\/\",\"name\":\"Toy - tavolino in cartone - Paper Eco\",\"isPartOf\":{\"@id\":\"https:\/\/paper-eco.com\/it\/#website\"},\"primaryImageOfPage\":{\"@id\":\"https:\/\/paper-eco.com\/it\/shop\/arredo-fiere-eventi\/toy-tavolino-in-cartone\/#primaryimage\"},\"image\":{\"@id\":\"https:\/\/paper-eco.com\/it\/shop\/arredo-fiere-eventi\/toy-tavolino-in-cartone\/#primaryimage\"},\"thumbnailUrl\":\"https:\/\/paper-eco.com\/wp-content\/uploads\/2024\/12\/05_tavolini_paper_eco_toy.png\",\"datePublished\":\"2024-12-16T10:09:51+00:00\",\"dateModified\":\"2025-05-27T09:09:59+00:00\",\"breadcrumb\":{\"@id\":\"https:\/\/paper-eco.com\/it\/shop\/arredo-fiere-eventi\/toy-tavolino-in-cartone\/#breadcrumb\"},\"inLanguage\":\"it-IT\",\"potentialAction\":[{\"@type\":\"ReadAction\",\"target\":[\"https:\/\/paper-eco.com\/it\/shop\/arredo-fiere-eventi\/toy-tavolino-in-cartone\/\"]}]},{\"@type\":\"ImageObject\",\"inLanguage\":\"it-IT\",\"@id\":\"https:\/\/paper-eco.com\/it\/shop\/arredo-fiere-eventi\/toy-tavolino-in-cartone\/#primaryimage\",\"url\":\"https:\/\/paper-eco.com\/wp-content\/uploads\/2024\/12\/05_tavolini_paper_eco_toy.png\",\"contentUrl\":\"https:\/\/paper-eco.com\/wp-content\/uploads\/2024\/12\/05_tavolini_paper_eco_toy.png\",\"width\":1500,\"height\":1500},{\"@type\":\"BreadcrumbList\",\"@id\":\"https:\/\/paper-eco.com\/it\/shop\/arredo-fiere-eventi\/toy-tavolino-in-cartone\/#breadcrumb\",\"itemListElement\":[{\"@type\":\"ListItem\",\"position\":1,\"name\":\"Home\",\"item\":\"https:\/\/paper-eco.com\/it\/\"},{\"@type\":\"ListItem\",\"position\":2,\"name\":\"Negozio\",\"item\":\"https:\/\/paper-eco.com\/it\/negozio\/\"},{\"@type\":\"ListItem\",\"position\":3,\"name\":\"Toy &#8211; tavolino in cartone\"}]},{\"@type\":\"WebSite\",\"@id\":\"https:\/\/paper-eco.com\/it\/#website\",\"url\":\"https:\/\/paper-eco.com\/it\/\",\"name\":\"Paper Eco\",\"description\":\"\",\"potentialAction\":[{\"@type\":\"SearchAction\",\"target\":{\"@type\":\"EntryPoint\",\"urlTemplate\":\"https:\/\/paper-eco.com\/it\/?s={search_term_string}\"},\"query-input\":{\"@type\":\"PropertyValueSpecification\",\"valueRequired\":true,\"valueName\":\"search_term_string\"}}],\"inLanguage\":\"it-IT\"}]}<\/script>\n<!-- \/ Yoast SEO plugin. -->","yoast_head_json":{"title":"Toy - tavolino in cartone - Paper Eco","robots":{"index":"index","follow":"follow","max-snippet":"max-snippet:-1","max-image-preview":"max-image-preview:large","max-video-preview":"max-video-preview:-1"},"canonical":"https:\/\/paper-eco.com\/it\/shop\/arredo-fiere-eventi\/toy-tavolino-in-cartone\/","og_locale":"it_IT","og_type":"article","og_title":"Toy - tavolino in cartone - Paper Eco","og_description":"Tavolino Toy in cartone riciclato: Toy \u00e8 il tavolino basso in cartone riciclato perfetto per chi desidera un complemento d\u2019arredo eco-friendly e versatile. Con il suo design semplice e moderno, Toy si adatta a qualsiasi ambiente, ad esempio in spazi fieristici ed \u00e8 utile per allestimenti di eventi. Leggero, facile da spostare e completamente riciclabile, questo tavolino \u00e8 progettato per un utilizzo flessibile e un impatto ambientale minimo.  Con Toy, Paper Eco unisce sostenibilit\u00e0 e funzionalit\u00e0, offrendo un arredo che \u00e8 sia un\u2019opzione pratica sia una dichiarazione di attenzione al tema sostenibilit\u00e0 ed ecologia.  Dimensioni:  Altezza: 50 cm  Larghezza: 80 cm  Profondit\u00e0: 80 cm","og_url":"https:\/\/paper-eco.com\/it\/shop\/arredo-fiere-eventi\/toy-tavolino-in-cartone\/","og_site_name":"Paper Eco","article_modified_time":"2025-05-27T09:09:59+00:00","og_image":[{"width":1500,"height":1500,"url":"https:\/\/paper-eco.com\/wp-content\/uploads\/2024\/12\/05_tavolini_paper_eco_toy.png","type":"image\/png"}],"twitter_card":"summary_large_image","twitter_misc":{"Tempo di lettura stimato":"1 minuto"},"schema":{"@context":"https:\/\/schema.org","@graph":[{"@type":"WebPage","@id":"https:\/\/paper-eco.com\/it\/shop\/arredo-fiere-eventi\/toy-tavolino-in-cartone\/","url":"https:\/\/paper-eco.com\/it\/shop\/arredo-fiere-eventi\/toy-tavolino-in-cartone\/","name":"Toy - tavolino in cartone - Paper Eco","isPartOf":{"@id":"https:\/\/paper-eco.com\/it\/#website"},"primaryImageOfPage":{"@id":"https:\/\/paper-eco.com\/it\/shop\/arredo-fiere-eventi\/toy-tavolino-in-cartone\/#primaryimage"},"image":{"@id":"https:\/\/paper-eco.com\/it\/shop\/arredo-fiere-eventi\/toy-tavolino-in-cartone\/#primaryimage"},"thumbnailUrl":"https:\/\/paper-eco.com\/wp-content\/uploads\/2024\/12\/05_tavolini_paper_eco_toy.png","datePublished":"2024-12-16T10:09:51+00:00","dateModified":"2025-05-27T09:09:59+00:00","breadcrumb":{"@id":"https:\/\/paper-eco.com\/it\/shop\/arredo-fiere-eventi\/toy-tavolino-in-cartone\/#breadcrumb"},"inLanguage":"it-IT","potentialAction":[{"@type":"ReadAction","target":["https:\/\/paper-eco.com\/it\/shop\/arredo-fiere-eventi\/toy-tavolino-in-cartone\/"]}]},{"@type":"ImageObject","inLanguage":"it-IT","@id":"https:\/\/paper-eco.com\/it\/shop\/arredo-fiere-eventi\/toy-tavolino-in-cartone\/#primaryimage","url":"https:\/\/paper-eco.com\/wp-content\/uploads\/2024\/12\/05_tavolini_paper_eco_toy.png","contentUrl":"https:\/\/paper-eco.com\/wp-content\/uploads\/2024\/12\/05_tavolini_paper_eco_toy.png","width":1500,"height":1500},{"@type":"BreadcrumbList","@id":"https:\/\/paper-eco.com\/it\/shop\/arredo-fiere-eventi\/toy-tavolino-in-cartone\/#breadcrumb","itemListElement":[{"@type":"ListItem","position":1,"name":"Home","item":"https:\/\/paper-eco.com\/it\/"},{"@type":"ListItem","position":2,"name":"Negozio","item":"https:\/\/paper-eco.com\/it\/negozio\/"},{"@type":"ListItem","position":3,"name":"Toy &#8211; tavolino in cartone"}]},{"@type":"WebSite","@id":"https:\/\/paper-eco.com\/it\/#website","url":"https:\/\/paper-eco.com\/it\/","name":"Paper Eco","description":"","potentialAction":[{"@type":"SearchAction","target":{"@type":"EntryPoint","urlTemplate":"https:\/\/paper-eco.com\/it\/?s={search_term_string}"},"query-input":{"@type":"PropertyValueSpecification","valueRequired":true,"valueName":"search_term_string"}}],"inLanguage":"it-IT"}]}},"_links":{"self":[{"href":"https:\/\/paper-eco.com\/it\/wp-json\/wp\/v2\/product\/18869","targetHints":{"allow":["GET"]}}],"collection":[{"href":"https:\/\/paper-eco.com\/it\/wp-json\/wp\/v2\/product"}],"about":[{"href":"https:\/\/paper-eco.com\/it\/wp-json\/wp\/v2\/types\/product"}],"wp:featuredmedia":[{"embeddable":true,"href":"https:\/\/paper-eco.com\/it\/wp-json\/wp\/v2\/media\/18941"}],"wp:attachment":[{"href":"https:\/\/paper-eco.com\/it\/wp-json\/wp\/v2\/media?parent=18869"}],"wp:term":[{"taxonomy":"product_brand","embeddable":true,"href":"https:\/\/paper-eco.com\/it\/wp-json\/wp\/v2\/product_brand?post=18869"},{"taxonomy":"product_cat","embeddable":true,"href":"https:\/\/paper-eco.com\/it\/wp-json\/wp\/v2\/product_cat?post=18869"},{"taxonomy":"product_tag","embeddable":true,"href":"https:\/\/paper-eco.com\/it\/wp-json\/wp\/v2\/product_tag?post=18869"}],"curies":[{"name":"wp","href":"https:\/\/api.w.org\/{rel}","templated":true}]}}