{"id":18901,"date":"2024-12-16T10:11:00","date_gmt":"2024-12-16T10:11:00","guid":{"rendered":"https:\/\/newsite.paper-eco.com\/?post_type=product&#038;p=18901"},"modified":"2025-05-27T09:07:03","modified_gmt":"2025-05-27T09:07:03","slug":"redeco-podio-relatore-in-cartone-riciclato","status":"publish","type":"product","link":"https:\/\/paper-eco.com\/it\/shop\/arredo-fiere-eventi\/redeco-podio-relatore-in-cartone-riciclato\/","title":{"rendered":"Redeco &#8211; Podio relatore in cartone riciclato"},"content":{"rendered":"<p>Con il nostro podio relatore <strong>redeco<\/strong> in cartone, potrai rendere distintivo il tuo palco e avere una soluzione pratica e sostenibile per conferenze ed eventi <strong>eco-friendly<\/strong>. Costruito interamente in <strong>cartone riciclato<\/strong>, questo podio \u00e8 progettato per combinare estetica e funzionalit\u00e0, offrendo un supporto robusto e leggero per il relatore.<\/p>\n<p><strong>Redeco<\/strong> \u00e8 facile da montare e trasportare, ideale per chi cerca una scelta responsabile che riduca l\u2019impatto ambientale senza rinunciare all\u2019eleganza. <strong>Redeco<\/strong>\u00a0<strong> il podio relatore in cartone <\/strong>\u00e8 completamente riciclabile e perci\u00f2 limita l\u2019impatto ambientale diventando una soluzione perfetta per eventi dove l\u2019attenzione all\u2019ambiente \u00e8 una priorit\u00e0.<\/p>\n","protected":false},"excerpt":{"rendered":"<p><strong>Redeco<\/strong> &#8211;\u00a0 <strong>podio relatore<\/strong> in cartone \u00e8 l\u2019arredo perfetto per completare un palco e mostrare a tutti i partecipanti l\u2019idea di sostenibilit\u00e0 e i valori degli organizzatori. Realizzato in <strong>cartone riciclato<\/strong>, \u00e8 leggero, robusto e completamente riciclabile.<\/p>\n<p>&nbsp;<\/p>\n<p><strong>Dimensioni:<\/strong><\/p>\n<p>Altezza: 130 cm<\/p>\n<p>Larghezza: 67.5 cm<\/p>\n<p>Profondit\u00e0: 45 cm<\/p>\n","protected":false},"featured_media":21098,"template":"","meta":[],"product_brand":[],"product_cat":[224],"product_tag":[],"class_list":{"0":"post-18901","1":"product","2":"type-product","3":"status-publish","4":"has-post-thumbnail","6":"product_cat-arredo-fiere-eventi","8":"first","9":"instock","10":"taxable","11":"shipping-taxable","12":"purchasable","13":"product-type-simple"},"yoast_head":"<!-- This site is optimized with the Yoast SEO plugin v25.2 - https:\/\/yoast.com\/wordpress\/plugins\/seo\/ -->\n<title>Redeco - Podio relatore in cartone riciclato - Paper Eco<\/title>\n<meta name=\"robots\" content=\"index, follow, max-snippet:-1, max-image-preview:large, max-video-preview:-1\" \/>\n<link rel=\"canonical\" href=\"https:\/\/paper-eco.com\/it\/shop\/arredo-fiere-eventi\/redeco-podio-relatore-in-cartone-riciclato\/\" \/>\n<meta property=\"og:locale\" content=\"it_IT\" \/>\n<meta property=\"og:type\" content=\"article\" \/>\n<meta property=\"og:title\" content=\"Redeco - Podio relatore in cartone riciclato - Paper Eco\" \/>\n<meta property=\"og:description\" content=\"Redeco -\u00a0 podio relatore in cartone \u00e8 l\u2019arredo perfetto per completare un palco e mostrare a tutti i partecipanti l\u2019idea di sostenibilit\u00e0 e i valori degli organizzatori. Realizzato in cartone riciclato, \u00e8 leggero, robusto e completamente riciclabile.  &nbsp;  Dimensioni:  Altezza: 130 cm  Larghezza: 67.5 cm  Profondit\u00e0: 45 cm\" \/>\n<meta property=\"og:url\" content=\"https:\/\/paper-eco.com\/it\/shop\/arredo-fiere-eventi\/redeco-podio-relatore-in-cartone-riciclato\/\" \/>\n<meta property=\"og:site_name\" content=\"Paper Eco\" \/>\n<meta property=\"article:modified_time\" content=\"2025-05-27T09:07:03+00:00\" \/>\n<meta property=\"og:image\" content=\"https:\/\/paper-eco.com\/wp-content\/uploads\/2024\/12\/DSC_9327-Migliorato-NR-copia-1.webp\" \/>\n\t<meta property=\"og:image:width\" content=\"1500\" \/>\n\t<meta property=\"og:image:height\" content=\"1500\" \/>\n\t<meta property=\"og:image:type\" content=\"image\/webp\" \/>\n<meta name=\"twitter:card\" content=\"summary_large_image\" \/>\n<meta name=\"twitter:label1\" content=\"Tempo di lettura stimato\" \/>\n\t<meta name=\"twitter:data1\" content=\"1 minuto\" \/>\n<script type=\"application\/ld+json\" class=\"yoast-schema-graph\">{\"@context\":\"https:\/\/schema.org\",\"@graph\":[{\"@type\":\"WebPage\",\"@id\":\"https:\/\/paper-eco.com\/it\/shop\/arredo-fiere-eventi\/redeco-podio-relatore-in-cartone-riciclato\/\",\"url\":\"https:\/\/paper-eco.com\/it\/shop\/arredo-fiere-eventi\/redeco-podio-relatore-in-cartone-riciclato\/\",\"name\":\"Redeco - Podio relatore in cartone riciclato - Paper Eco\",\"isPartOf\":{\"@id\":\"https:\/\/paper-eco.com\/it\/#website\"},\"primaryImageOfPage\":{\"@id\":\"https:\/\/paper-eco.com\/it\/shop\/arredo-fiere-eventi\/redeco-podio-relatore-in-cartone-riciclato\/#primaryimage\"},\"image\":{\"@id\":\"https:\/\/paper-eco.com\/it\/shop\/arredo-fiere-eventi\/redeco-podio-relatore-in-cartone-riciclato\/#primaryimage\"},\"thumbnailUrl\":\"https:\/\/paper-eco.com\/wp-content\/uploads\/2024\/12\/DSC_9327-Migliorato-NR-copia-1.webp\",\"datePublished\":\"2024-12-16T10:11:00+00:00\",\"dateModified\":\"2025-05-27T09:07:03+00:00\",\"breadcrumb\":{\"@id\":\"https:\/\/paper-eco.com\/it\/shop\/arredo-fiere-eventi\/redeco-podio-relatore-in-cartone-riciclato\/#breadcrumb\"},\"inLanguage\":\"it-IT\",\"potentialAction\":[{\"@type\":\"ReadAction\",\"target\":[\"https:\/\/paper-eco.com\/it\/shop\/arredo-fiere-eventi\/redeco-podio-relatore-in-cartone-riciclato\/\"]}]},{\"@type\":\"ImageObject\",\"inLanguage\":\"it-IT\",\"@id\":\"https:\/\/paper-eco.com\/it\/shop\/arredo-fiere-eventi\/redeco-podio-relatore-in-cartone-riciclato\/#primaryimage\",\"url\":\"https:\/\/paper-eco.com\/wp-content\/uploads\/2024\/12\/DSC_9327-Migliorato-NR-copia-1.webp\",\"contentUrl\":\"https:\/\/paper-eco.com\/wp-content\/uploads\/2024\/12\/DSC_9327-Migliorato-NR-copia-1.webp\",\"width\":1500,\"height\":1500,\"caption\":\"Paper Eco - Redeco - Podio relatore in cartone riciclato\"},{\"@type\":\"BreadcrumbList\",\"@id\":\"https:\/\/paper-eco.com\/it\/shop\/arredo-fiere-eventi\/redeco-podio-relatore-in-cartone-riciclato\/#breadcrumb\",\"itemListElement\":[{\"@type\":\"ListItem\",\"position\":1,\"name\":\"Home\",\"item\":\"https:\/\/paper-eco.com\/it\/\"},{\"@type\":\"ListItem\",\"position\":2,\"name\":\"Negozio\",\"item\":\"https:\/\/paper-eco.com\/it\/negozio\/\"},{\"@type\":\"ListItem\",\"position\":3,\"name\":\"Redeco &#8211; Podio relatore in cartone riciclato\"}]},{\"@type\":\"WebSite\",\"@id\":\"https:\/\/paper-eco.com\/it\/#website\",\"url\":\"https:\/\/paper-eco.com\/it\/\",\"name\":\"Paper Eco\",\"description\":\"\",\"potentialAction\":[{\"@type\":\"SearchAction\",\"target\":{\"@type\":\"EntryPoint\",\"urlTemplate\":\"https:\/\/paper-eco.com\/it\/?s={search_term_string}\"},\"query-input\":{\"@type\":\"PropertyValueSpecification\",\"valueRequired\":true,\"valueName\":\"search_term_string\"}}],\"inLanguage\":\"it-IT\"}]}<\/script>\n<!-- \/ Yoast SEO plugin. -->","yoast_head_json":{"title":"Redeco - Podio relatore in cartone riciclato - Paper Eco","robots":{"index":"index","follow":"follow","max-snippet":"max-snippet:-1","max-image-preview":"max-image-preview:large","max-video-preview":"max-video-preview:-1"},"canonical":"https:\/\/paper-eco.com\/it\/shop\/arredo-fiere-eventi\/redeco-podio-relatore-in-cartone-riciclato\/","og_locale":"it_IT","og_type":"article","og_title":"Redeco - Podio relatore in cartone riciclato - Paper Eco","og_description":"Redeco -\u00a0 podio relatore in cartone \u00e8 l\u2019arredo perfetto per completare un palco e mostrare a tutti i partecipanti l\u2019idea di sostenibilit\u00e0 e i valori degli organizzatori. Realizzato in cartone riciclato, \u00e8 leggero, robusto e completamente riciclabile.  &nbsp;  Dimensioni:  Altezza: 130 cm  Larghezza: 67.5 cm  Profondit\u00e0: 45 cm","og_url":"https:\/\/paper-eco.com\/it\/shop\/arredo-fiere-eventi\/redeco-podio-relatore-in-cartone-riciclato\/","og_site_name":"Paper Eco","article_modified_time":"2025-05-27T09:07:03+00:00","og_image":[{"width":1500,"height":1500,"url":"https:\/\/paper-eco.com\/wp-content\/uploads\/2024\/12\/DSC_9327-Migliorato-NR-copia-1.webp","type":"image\/webp"}],"twitter_card":"summary_large_image","twitter_misc":{"Tempo di lettura stimato":"1 minuto"},"schema":{"@context":"https:\/\/schema.org","@graph":[{"@type":"WebPage","@id":"https:\/\/paper-eco.com\/it\/shop\/arredo-fiere-eventi\/redeco-podio-relatore-in-cartone-riciclato\/","url":"https:\/\/paper-eco.com\/it\/shop\/arredo-fiere-eventi\/redeco-podio-relatore-in-cartone-riciclato\/","name":"Redeco - Podio relatore in cartone riciclato - Paper Eco","isPartOf":{"@id":"https:\/\/paper-eco.com\/it\/#website"},"primaryImageOfPage":{"@id":"https:\/\/paper-eco.com\/it\/shop\/arredo-fiere-eventi\/redeco-podio-relatore-in-cartone-riciclato\/#primaryimage"},"image":{"@id":"https:\/\/paper-eco.com\/it\/shop\/arredo-fiere-eventi\/redeco-podio-relatore-in-cartone-riciclato\/#primaryimage"},"thumbnailUrl":"https:\/\/paper-eco.com\/wp-content\/uploads\/2024\/12\/DSC_9327-Migliorato-NR-copia-1.webp","datePublished":"2024-12-16T10:11:00+00:00","dateModified":"2025-05-27T09:07:03+00:00","breadcrumb":{"@id":"https:\/\/paper-eco.com\/it\/shop\/arredo-fiere-eventi\/redeco-podio-relatore-in-cartone-riciclato\/#breadcrumb"},"inLanguage":"it-IT","potentialAction":[{"@type":"ReadAction","target":["https:\/\/paper-eco.com\/it\/shop\/arredo-fiere-eventi\/redeco-podio-relatore-in-cartone-riciclato\/"]}]},{"@type":"ImageObject","inLanguage":"it-IT","@id":"https:\/\/paper-eco.com\/it\/shop\/arredo-fiere-eventi\/redeco-podio-relatore-in-cartone-riciclato\/#primaryimage","url":"https:\/\/paper-eco.com\/wp-content\/uploads\/2024\/12\/DSC_9327-Migliorato-NR-copia-1.webp","contentUrl":"https:\/\/paper-eco.com\/wp-content\/uploads\/2024\/12\/DSC_9327-Migliorato-NR-copia-1.webp","width":1500,"height":1500,"caption":"Paper Eco - Redeco - Podio relatore in cartone riciclato"},{"@type":"BreadcrumbList","@id":"https:\/\/paper-eco.com\/it\/shop\/arredo-fiere-eventi\/redeco-podio-relatore-in-cartone-riciclato\/#breadcrumb","itemListElement":[{"@type":"ListItem","position":1,"name":"Home","item":"https:\/\/paper-eco.com\/it\/"},{"@type":"ListItem","position":2,"name":"Negozio","item":"https:\/\/paper-eco.com\/it\/negozio\/"},{"@type":"ListItem","position":3,"name":"Redeco &#8211; Podio relatore in cartone riciclato"}]},{"@type":"WebSite","@id":"https:\/\/paper-eco.com\/it\/#website","url":"https:\/\/paper-eco.com\/it\/","name":"Paper Eco","description":"","potentialAction":[{"@type":"SearchAction","target":{"@type":"EntryPoint","urlTemplate":"https:\/\/paper-eco.com\/it\/?s={search_term_string}"},"query-input":{"@type":"PropertyValueSpecification","valueRequired":true,"valueName":"search_term_string"}}],"inLanguage":"it-IT"}]}},"_links":{"self":[{"href":"https:\/\/paper-eco.com\/it\/wp-json\/wp\/v2\/product\/18901","targetHints":{"allow":["GET"]}}],"collection":[{"href":"https:\/\/paper-eco.com\/it\/wp-json\/wp\/v2\/product"}],"about":[{"href":"https:\/\/paper-eco.com\/it\/wp-json\/wp\/v2\/types\/product"}],"wp:featuredmedia":[{"embeddable":true,"href":"https:\/\/paper-eco.com\/it\/wp-json\/wp\/v2\/media\/21098"}],"wp:attachment":[{"href":"https:\/\/paper-eco.com\/it\/wp-json\/wp\/v2\/media?parent=18901"}],"wp:term":[{"taxonomy":"product_brand","embeddable":true,"href":"https:\/\/paper-eco.com\/it\/wp-json\/wp\/v2\/product_brand?post=18901"},{"taxonomy":"product_cat","embeddable":true,"href":"https:\/\/paper-eco.com\/it\/wp-json\/wp\/v2\/product_cat?post=18901"},{"taxonomy":"product_tag","embeddable":true,"href":"https:\/\/paper-eco.com\/it\/wp-json\/wp\/v2\/product_tag?post=18901"}],"curies":[{"name":"wp","href":"https:\/\/api.w.org\/{rel}","templated":true}]}}