{"id":21093,"date":"2025-04-23T12:55:54","date_gmt":"2025-04-23T12:55:54","guid":{"rendered":"https:\/\/paper-eco.com\/?post_type=product&#038;p=21093"},"modified":"2025-05-26T15:15:48","modified_gmt":"2025-05-26T15:15:48","slug":"cecoppo-espositore-riviste-e-depliant-in-cartone","status":"publish","type":"product","link":"https:\/\/paper-eco.com\/it\/shop\/allestimenti-fieristici\/cecoppo-espositore-riviste-e-depliant-in-cartone\/","title":{"rendered":"Cecoppo \u2013 espositore riviste e d\u00e9pliant in cartone"},"content":{"rendered":"<p><strong>Cecoppo<\/strong> espositore per riviste in cartone \u00e8 un esempio di design innovativo e funzionalit\u00e0, ma anche un simbolo di sostenibilit\u00e0 e rispetto per l\u2019ambiente.<br \/>\n<strong>Cecoppo<\/strong>, il nostro espositore per riviste e d\u00e9pliant in cartone, pu\u00f2 essere la soluzione che cerchi per un evento, uno stand, un ufficio oppure un negozio.<br \/>\nMateriali eco-friendly: i nostri espositori per riviste e d\u00e9pliant sono realizzati al 100% in cartone riciclato e riciclabile e sono una soluzione funzionale per la tua azienda.<\/p>\n<ul>\n<li>Design d\u2019impatto e funzionale: ogni espositore per riviste in cartone \u00e8 progettato con particolare attenzione alla funzionalit\u00e0, senza rinunciare all\u2019impatto estetico.<\/li>\n<li>L\u2019espositore <strong>Cecoppo<\/strong> pu\u00f2 essere realizzato su misura secondo le esigenze del cliente.<\/li>\n<li>Ecosostenibilit\u00e0: scegliendo <strong>Cecoppo<\/strong> espositore per riviste e d\u00e9pliant, ma anche le altre realizzazioni in cartone di Paper Eco sarai parte di una comunit\u00e0 veramente attenta alla sostenibilit\u00e0 e al futuro del pianeta.<\/li>\n<\/ul>\n","protected":false},"excerpt":{"rendered":"<p>Espositore in cartone riciclato da terra, composto da pi\u00f9 ripiani e con ampio spazio di personalizzazione stampa. Un design essenziale per un oggetto funzionale ma anche esteticamente piacevolmente e versatile.<\/p>\n<p>&nbsp;<\/p>\n<p><strong>Dimensioni:<\/strong><\/p>\n<p><strong>Altezza: 165cm<\/strong><\/p>\n<p><strong>Larghezza: 22 cm<\/strong><\/p>\n<p><strong>Profondit\u00e0: 25 cm<\/strong><\/p>\n","protected":false},"featured_media":21095,"template":"","meta":[],"product_brand":[],"product_cat":[224,222],"product_tag":[],"class_list":{"0":"post-21093","1":"product","2":"type-product","3":"status-publish","4":"has-post-thumbnail","6":"product_cat-arredo-fiere-eventi","7":"product_cat-allestimenti-fieristici","9":"first","10":"instock","11":"taxable","12":"shipping-taxable","13":"purchasable","14":"product-type-simple"},"yoast_head":"<!-- This site is optimized with the Yoast SEO plugin v25.2 - https:\/\/yoast.com\/wordpress\/plugins\/seo\/ -->\n<title>Cecoppo \u2013 espositore riviste e d\u00e9pliant in cartone - Paper Eco<\/title>\n<meta name=\"robots\" content=\"index, follow, max-snippet:-1, max-image-preview:large, max-video-preview:-1\" \/>\n<link rel=\"canonical\" href=\"https:\/\/paper-eco.com\/it\/shop\/allestimenti-fieristici\/cecoppo-espositore-riviste-e-depliant-in-cartone\/\" \/>\n<meta property=\"og:locale\" content=\"it_IT\" \/>\n<meta property=\"og:type\" content=\"article\" \/>\n<meta property=\"og:title\" content=\"Cecoppo \u2013 espositore riviste e d\u00e9pliant in cartone - Paper Eco\" \/>\n<meta property=\"og:description\" content=\"Espositore in cartone riciclato da terra, composto da pi\u00f9 ripiani e con ampio spazio di personalizzazione stampa. Un design essenziale per un oggetto funzionale ma anche esteticamente piacevolmente e versatile.  &nbsp;  Dimensioni:  Altezza: 165cm  Larghezza: 22 cm  Profondit\u00e0: 25 cm\" \/>\n<meta property=\"og:url\" content=\"https:\/\/paper-eco.com\/it\/shop\/allestimenti-fieristici\/cecoppo-espositore-riviste-e-depliant-in-cartone\/\" \/>\n<meta property=\"og:site_name\" content=\"Paper Eco\" \/>\n<meta property=\"article:modified_time\" content=\"2025-05-26T15:15:48+00:00\" \/>\n<meta property=\"og:image\" content=\"https:\/\/paper-eco.com\/wp-content\/uploads\/2025\/04\/DSC_9136-copia.webp\" \/>\n\t<meta property=\"og:image:width\" content=\"1500\" \/>\n\t<meta property=\"og:image:height\" content=\"1500\" \/>\n\t<meta property=\"og:image:type\" content=\"image\/webp\" \/>\n<meta name=\"twitter:card\" content=\"summary_large_image\" \/>\n<meta name=\"twitter:label1\" content=\"Tempo di lettura stimato\" \/>\n\t<meta name=\"twitter:data1\" content=\"1 minuto\" \/>\n<script type=\"application\/ld+json\" class=\"yoast-schema-graph\">{\"@context\":\"https:\/\/schema.org\",\"@graph\":[{\"@type\":\"WebPage\",\"@id\":\"https:\/\/paper-eco.com\/it\/shop\/allestimenti-fieristici\/cecoppo-espositore-riviste-e-depliant-in-cartone\/\",\"url\":\"https:\/\/paper-eco.com\/it\/shop\/allestimenti-fieristici\/cecoppo-espositore-riviste-e-depliant-in-cartone\/\",\"name\":\"Cecoppo \u2013 espositore riviste e d\u00e9pliant in cartone - Paper Eco\",\"isPartOf\":{\"@id\":\"https:\/\/paper-eco.com\/it\/#website\"},\"primaryImageOfPage\":{\"@id\":\"https:\/\/paper-eco.com\/it\/shop\/allestimenti-fieristici\/cecoppo-espositore-riviste-e-depliant-in-cartone\/#primaryimage\"},\"image\":{\"@id\":\"https:\/\/paper-eco.com\/it\/shop\/allestimenti-fieristici\/cecoppo-espositore-riviste-e-depliant-in-cartone\/#primaryimage\"},\"thumbnailUrl\":\"https:\/\/paper-eco.com\/wp-content\/uploads\/2025\/04\/DSC_9136-copia.webp\",\"datePublished\":\"2025-04-23T12:55:54+00:00\",\"dateModified\":\"2025-05-26T15:15:48+00:00\",\"breadcrumb\":{\"@id\":\"https:\/\/paper-eco.com\/it\/shop\/allestimenti-fieristici\/cecoppo-espositore-riviste-e-depliant-in-cartone\/#breadcrumb\"},\"inLanguage\":\"it-IT\",\"potentialAction\":[{\"@type\":\"ReadAction\",\"target\":[\"https:\/\/paper-eco.com\/it\/shop\/allestimenti-fieristici\/cecoppo-espositore-riviste-e-depliant-in-cartone\/\"]}]},{\"@type\":\"ImageObject\",\"inLanguage\":\"it-IT\",\"@id\":\"https:\/\/paper-eco.com\/it\/shop\/allestimenti-fieristici\/cecoppo-espositore-riviste-e-depliant-in-cartone\/#primaryimage\",\"url\":\"https:\/\/paper-eco.com\/wp-content\/uploads\/2025\/04\/DSC_9136-copia.webp\",\"contentUrl\":\"https:\/\/paper-eco.com\/wp-content\/uploads\/2025\/04\/DSC_9136-copia.webp\",\"width\":1500,\"height\":1500,\"caption\":\"Paper Eco - Stomi - Quadro in cartone\"},{\"@type\":\"BreadcrumbList\",\"@id\":\"https:\/\/paper-eco.com\/it\/shop\/allestimenti-fieristici\/cecoppo-espositore-riviste-e-depliant-in-cartone\/#breadcrumb\",\"itemListElement\":[{\"@type\":\"ListItem\",\"position\":1,\"name\":\"Home\",\"item\":\"https:\/\/paper-eco.com\/it\/\"},{\"@type\":\"ListItem\",\"position\":2,\"name\":\"Negozio\",\"item\":\"https:\/\/paper-eco.com\/it\/negozio\/\"},{\"@type\":\"ListItem\",\"position\":3,\"name\":\"Cecoppo \u2013 espositore riviste e d\u00e9pliant in cartone\"}]},{\"@type\":\"WebSite\",\"@id\":\"https:\/\/paper-eco.com\/it\/#website\",\"url\":\"https:\/\/paper-eco.com\/it\/\",\"name\":\"Paper Eco\",\"description\":\"\",\"potentialAction\":[{\"@type\":\"SearchAction\",\"target\":{\"@type\":\"EntryPoint\",\"urlTemplate\":\"https:\/\/paper-eco.com\/it\/?s={search_term_string}\"},\"query-input\":{\"@type\":\"PropertyValueSpecification\",\"valueRequired\":true,\"valueName\":\"search_term_string\"}}],\"inLanguage\":\"it-IT\"}]}<\/script>\n<!-- \/ Yoast SEO plugin. -->","yoast_head_json":{"title":"Cecoppo \u2013 espositore riviste e d\u00e9pliant in cartone - Paper Eco","robots":{"index":"index","follow":"follow","max-snippet":"max-snippet:-1","max-image-preview":"max-image-preview:large","max-video-preview":"max-video-preview:-1"},"canonical":"https:\/\/paper-eco.com\/it\/shop\/allestimenti-fieristici\/cecoppo-espositore-riviste-e-depliant-in-cartone\/","og_locale":"it_IT","og_type":"article","og_title":"Cecoppo \u2013 espositore riviste e d\u00e9pliant in cartone - Paper Eco","og_description":"Espositore in cartone riciclato da terra, composto da pi\u00f9 ripiani e con ampio spazio di personalizzazione stampa. Un design essenziale per un oggetto funzionale ma anche esteticamente piacevolmente e versatile.  &nbsp;  Dimensioni:  Altezza: 165cm  Larghezza: 22 cm  Profondit\u00e0: 25 cm","og_url":"https:\/\/paper-eco.com\/it\/shop\/allestimenti-fieristici\/cecoppo-espositore-riviste-e-depliant-in-cartone\/","og_site_name":"Paper Eco","article_modified_time":"2025-05-26T15:15:48+00:00","og_image":[{"width":1500,"height":1500,"url":"https:\/\/paper-eco.com\/wp-content\/uploads\/2025\/04\/DSC_9136-copia.webp","type":"image\/webp"}],"twitter_card":"summary_large_image","twitter_misc":{"Tempo di lettura stimato":"1 minuto"},"schema":{"@context":"https:\/\/schema.org","@graph":[{"@type":"WebPage","@id":"https:\/\/paper-eco.com\/it\/shop\/allestimenti-fieristici\/cecoppo-espositore-riviste-e-depliant-in-cartone\/","url":"https:\/\/paper-eco.com\/it\/shop\/allestimenti-fieristici\/cecoppo-espositore-riviste-e-depliant-in-cartone\/","name":"Cecoppo \u2013 espositore riviste e d\u00e9pliant in cartone - Paper Eco","isPartOf":{"@id":"https:\/\/paper-eco.com\/it\/#website"},"primaryImageOfPage":{"@id":"https:\/\/paper-eco.com\/it\/shop\/allestimenti-fieristici\/cecoppo-espositore-riviste-e-depliant-in-cartone\/#primaryimage"},"image":{"@id":"https:\/\/paper-eco.com\/it\/shop\/allestimenti-fieristici\/cecoppo-espositore-riviste-e-depliant-in-cartone\/#primaryimage"},"thumbnailUrl":"https:\/\/paper-eco.com\/wp-content\/uploads\/2025\/04\/DSC_9136-copia.webp","datePublished":"2025-04-23T12:55:54+00:00","dateModified":"2025-05-26T15:15:48+00:00","breadcrumb":{"@id":"https:\/\/paper-eco.com\/it\/shop\/allestimenti-fieristici\/cecoppo-espositore-riviste-e-depliant-in-cartone\/#breadcrumb"},"inLanguage":"it-IT","potentialAction":[{"@type":"ReadAction","target":["https:\/\/paper-eco.com\/it\/shop\/allestimenti-fieristici\/cecoppo-espositore-riviste-e-depliant-in-cartone\/"]}]},{"@type":"ImageObject","inLanguage":"it-IT","@id":"https:\/\/paper-eco.com\/it\/shop\/allestimenti-fieristici\/cecoppo-espositore-riviste-e-depliant-in-cartone\/#primaryimage","url":"https:\/\/paper-eco.com\/wp-content\/uploads\/2025\/04\/DSC_9136-copia.webp","contentUrl":"https:\/\/paper-eco.com\/wp-content\/uploads\/2025\/04\/DSC_9136-copia.webp","width":1500,"height":1500,"caption":"Paper Eco - Stomi - Quadro in cartone"},{"@type":"BreadcrumbList","@id":"https:\/\/paper-eco.com\/it\/shop\/allestimenti-fieristici\/cecoppo-espositore-riviste-e-depliant-in-cartone\/#breadcrumb","itemListElement":[{"@type":"ListItem","position":1,"name":"Home","item":"https:\/\/paper-eco.com\/it\/"},{"@type":"ListItem","position":2,"name":"Negozio","item":"https:\/\/paper-eco.com\/it\/negozio\/"},{"@type":"ListItem","position":3,"name":"Cecoppo \u2013 espositore riviste e d\u00e9pliant in cartone"}]},{"@type":"WebSite","@id":"https:\/\/paper-eco.com\/it\/#website","url":"https:\/\/paper-eco.com\/it\/","name":"Paper Eco","description":"","potentialAction":[{"@type":"SearchAction","target":{"@type":"EntryPoint","urlTemplate":"https:\/\/paper-eco.com\/it\/?s={search_term_string}"},"query-input":{"@type":"PropertyValueSpecification","valueRequired":true,"valueName":"search_term_string"}}],"inLanguage":"it-IT"}]}},"_links":{"self":[{"href":"https:\/\/paper-eco.com\/it\/wp-json\/wp\/v2\/product\/21093","targetHints":{"allow":["GET"]}}],"collection":[{"href":"https:\/\/paper-eco.com\/it\/wp-json\/wp\/v2\/product"}],"about":[{"href":"https:\/\/paper-eco.com\/it\/wp-json\/wp\/v2\/types\/product"}],"wp:featuredmedia":[{"embeddable":true,"href":"https:\/\/paper-eco.com\/it\/wp-json\/wp\/v2\/media\/21095"}],"wp:attachment":[{"href":"https:\/\/paper-eco.com\/it\/wp-json\/wp\/v2\/media?parent=21093"}],"wp:term":[{"taxonomy":"product_brand","embeddable":true,"href":"https:\/\/paper-eco.com\/it\/wp-json\/wp\/v2\/product_brand?post=21093"},{"taxonomy":"product_cat","embeddable":true,"href":"https:\/\/paper-eco.com\/it\/wp-json\/wp\/v2\/product_cat?post=21093"},{"taxonomy":"product_tag","embeddable":true,"href":"https:\/\/paper-eco.com\/it\/wp-json\/wp\/v2\/product_tag?post=21093"}],"curies":[{"name":"wp","href":"https:\/\/api.w.org\/{rel}","templated":true}]}}