{"id":21123,"date":"2025-04-23T15:44:51","date_gmt":"2025-04-23T15:44:51","guid":{"rendered":"https:\/\/paper-eco.com\/?post_type=product&#038;p=21123"},"modified":"2025-05-27T08:53:07","modified_gmt":"2025-05-27T08:53:07","slug":"otello-teatrino-in-cartone","status":"publish","type":"product","link":"https:\/\/paper-eco.com\/it\/shop\/arredo-fiere-eventi\/otello-teatrino-in-cartone\/","title":{"rendered":"Otello \u2013 Teatrino in cartone"},"content":{"rendered":"<p><strong>Otello il teatrino<\/strong> in cartone Paper Eco \u00e8 un teatrino pratico, leggero e personalizzabile.<strong> Otello<\/strong> \u00e8 adatto ad eventi e fiere dove sono coinvolti giovani e meno giovani per una comunicazione di brand accattivante e personale, senza dimenticare il rispetto per l\u2019ambiente ed i prodotti a basso impatto ambientale.<br \/>\n<strong>Otello il teatrino<\/strong> in cartone \u00e8 un esempio di design innovativo e funzionalit\u00e0, ma anche un simbolo di sostenibilit\u00e0 e rispetto per l\u2019ambiente.<br \/>\nOtello, il nostro teatrino in cartone, pu\u00f2 essere la soluzione che cerchi per un evento o uno stand se vuoi comunicare il tuo brand in modo accattivante e memorabile.<br \/>\n<strong>Materiali eco-friendly<\/strong>: i nostri teatrini in cartone sono realizzati al 100% in cartone riciclato e riciclabile e sono una soluzione funzionale per la tua azienda.<br \/>\nDesign d\u2019impatto e funzionale: ogni teatrino in cartone \u00e8 progettato con particolare attenzione alla funzionalit\u00e0, senza rinunciare all\u2019impatto estetico. <strong>Il teatrino Otello<\/strong> pu\u00f2 essere realizzato su misura secondo le esigenze del cliente.<br \/>\n<strong>Ecosostenibilit\u00e0<\/strong>: scegliendo <strong>Otello il teatrino<\/strong> in cartone, ma anche le altre realizzazioni in cartone di Paper Eco sarai parte di una comunit\u00e0 veramente attenta alla <strong>sostenibilit\u00e0<\/strong> e al futuro del pianeta.<\/p>\n","protected":false},"excerpt":{"rendered":"<p><strong>Otello il teatrino<\/strong> in cartone Paper Eco \u00e8 un teatrino pratico, leggero e personalizzabile.<\/p>\n<p>&nbsp;<\/p>\n<p><strong>Dimensioni:<\/strong><\/p>\n<p><strong>Altezza: 72 cm<\/strong><\/p>\n<p><strong>Larghezza: 96 cm<\/strong><\/p>\n<p><strong>Profondit\u00e0: 80 cm<\/strong><\/p>\n","protected":false},"featured_media":21125,"template":"","meta":[],"product_brand":[],"product_cat":[224],"product_tag":[],"class_list":{"0":"post-21123","1":"product","2":"type-product","3":"status-publish","4":"has-post-thumbnail","6":"product_cat-arredo-fiere-eventi","8":"first","9":"instock","10":"taxable","11":"shipping-taxable","12":"purchasable","13":"product-type-simple"},"yoast_head":"<!-- This site is optimized with the Yoast SEO plugin v25.2 - https:\/\/yoast.com\/wordpress\/plugins\/seo\/ -->\n<title>Otello \u2013 Teatrino in cartone - Paper Eco<\/title>\n<meta name=\"robots\" content=\"index, follow, max-snippet:-1, max-image-preview:large, max-video-preview:-1\" \/>\n<link rel=\"canonical\" href=\"https:\/\/paper-eco.com\/it\/shop\/arredo-fiere-eventi\/otello-teatrino-in-cartone\/\" \/>\n<meta property=\"og:locale\" content=\"it_IT\" \/>\n<meta property=\"og:type\" content=\"article\" \/>\n<meta property=\"og:title\" content=\"Otello \u2013 Teatrino in cartone - Paper Eco\" \/>\n<meta property=\"og:description\" content=\"Otello il teatrino in cartone Paper Eco \u00e8 un teatrino pratico, leggero e personalizzabile.  &nbsp;  Dimensioni:  Altezza: 72 cm  Larghezza: 96 cm  Profondit\u00e0: 80 cm\" \/>\n<meta property=\"og:url\" content=\"https:\/\/paper-eco.com\/it\/shop\/arredo-fiere-eventi\/otello-teatrino-in-cartone\/\" \/>\n<meta property=\"og:site_name\" content=\"Paper Eco\" \/>\n<meta property=\"article:modified_time\" content=\"2025-05-27T08:53:07+00:00\" \/>\n<meta property=\"og:image\" content=\"https:\/\/paper-eco.com\/wp-content\/uploads\/2025\/04\/DSC_9301-Migliorato-NR-copia.webp\" \/>\n\t<meta property=\"og:image:width\" content=\"1500\" \/>\n\t<meta property=\"og:image:height\" content=\"1500\" \/>\n\t<meta property=\"og:image:type\" content=\"image\/webp\" \/>\n<meta name=\"twitter:card\" content=\"summary_large_image\" \/>\n<meta name=\"twitter:label1\" content=\"Tempo di lettura stimato\" \/>\n\t<meta name=\"twitter:data1\" content=\"2 minuti\" \/>\n<script type=\"application\/ld+json\" class=\"yoast-schema-graph\">{\"@context\":\"https:\/\/schema.org\",\"@graph\":[{\"@type\":\"WebPage\",\"@id\":\"https:\/\/paper-eco.com\/it\/shop\/arredo-fiere-eventi\/otello-teatrino-in-cartone\/\",\"url\":\"https:\/\/paper-eco.com\/it\/shop\/arredo-fiere-eventi\/otello-teatrino-in-cartone\/\",\"name\":\"Otello \u2013 Teatrino in cartone - Paper Eco\",\"isPartOf\":{\"@id\":\"https:\/\/paper-eco.com\/it\/#website\"},\"primaryImageOfPage\":{\"@id\":\"https:\/\/paper-eco.com\/it\/shop\/arredo-fiere-eventi\/otello-teatrino-in-cartone\/#primaryimage\"},\"image\":{\"@id\":\"https:\/\/paper-eco.com\/it\/shop\/arredo-fiere-eventi\/otello-teatrino-in-cartone\/#primaryimage\"},\"thumbnailUrl\":\"https:\/\/paper-eco.com\/wp-content\/uploads\/2025\/04\/DSC_9301-Migliorato-NR-copia.webp\",\"datePublished\":\"2025-04-23T15:44:51+00:00\",\"dateModified\":\"2025-05-27T08:53:07+00:00\",\"breadcrumb\":{\"@id\":\"https:\/\/paper-eco.com\/it\/shop\/arredo-fiere-eventi\/otello-teatrino-in-cartone\/#breadcrumb\"},\"inLanguage\":\"it-IT\",\"potentialAction\":[{\"@type\":\"ReadAction\",\"target\":[\"https:\/\/paper-eco.com\/it\/shop\/arredo-fiere-eventi\/otello-teatrino-in-cartone\/\"]}]},{\"@type\":\"ImageObject\",\"inLanguage\":\"it-IT\",\"@id\":\"https:\/\/paper-eco.com\/it\/shop\/arredo-fiere-eventi\/otello-teatrino-in-cartone\/#primaryimage\",\"url\":\"https:\/\/paper-eco.com\/wp-content\/uploads\/2025\/04\/DSC_9301-Migliorato-NR-copia.webp\",\"contentUrl\":\"https:\/\/paper-eco.com\/wp-content\/uploads\/2025\/04\/DSC_9301-Migliorato-NR-copia.webp\",\"width\":1500,\"height\":1500,\"caption\":\"Paper Eco - Otello \u2013 Teatrino in cartone\"},{\"@type\":\"BreadcrumbList\",\"@id\":\"https:\/\/paper-eco.com\/it\/shop\/arredo-fiere-eventi\/otello-teatrino-in-cartone\/#breadcrumb\",\"itemListElement\":[{\"@type\":\"ListItem\",\"position\":1,\"name\":\"Home\",\"item\":\"https:\/\/paper-eco.com\/it\/\"},{\"@type\":\"ListItem\",\"position\":2,\"name\":\"Negozio\",\"item\":\"https:\/\/paper-eco.com\/it\/negozio\/\"},{\"@type\":\"ListItem\",\"position\":3,\"name\":\"Otello \u2013 Teatrino in cartone\"}]},{\"@type\":\"WebSite\",\"@id\":\"https:\/\/paper-eco.com\/it\/#website\",\"url\":\"https:\/\/paper-eco.com\/it\/\",\"name\":\"Paper Eco\",\"description\":\"\",\"potentialAction\":[{\"@type\":\"SearchAction\",\"target\":{\"@type\":\"EntryPoint\",\"urlTemplate\":\"https:\/\/paper-eco.com\/it\/?s={search_term_string}\"},\"query-input\":{\"@type\":\"PropertyValueSpecification\",\"valueRequired\":true,\"valueName\":\"search_term_string\"}}],\"inLanguage\":\"it-IT\"}]}<\/script>\n<!-- \/ Yoast SEO plugin. -->","yoast_head_json":{"title":"Otello \u2013 Teatrino in cartone - Paper Eco","robots":{"index":"index","follow":"follow","max-snippet":"max-snippet:-1","max-image-preview":"max-image-preview:large","max-video-preview":"max-video-preview:-1"},"canonical":"https:\/\/paper-eco.com\/it\/shop\/arredo-fiere-eventi\/otello-teatrino-in-cartone\/","og_locale":"it_IT","og_type":"article","og_title":"Otello \u2013 Teatrino in cartone - Paper Eco","og_description":"Otello il teatrino in cartone Paper Eco \u00e8 un teatrino pratico, leggero e personalizzabile.  &nbsp;  Dimensioni:  Altezza: 72 cm  Larghezza: 96 cm  Profondit\u00e0: 80 cm","og_url":"https:\/\/paper-eco.com\/it\/shop\/arredo-fiere-eventi\/otello-teatrino-in-cartone\/","og_site_name":"Paper Eco","article_modified_time":"2025-05-27T08:53:07+00:00","og_image":[{"width":1500,"height":1500,"url":"https:\/\/paper-eco.com\/wp-content\/uploads\/2025\/04\/DSC_9301-Migliorato-NR-copia.webp","type":"image\/webp"}],"twitter_card":"summary_large_image","twitter_misc":{"Tempo di lettura stimato":"2 minuti"},"schema":{"@context":"https:\/\/schema.org","@graph":[{"@type":"WebPage","@id":"https:\/\/paper-eco.com\/it\/shop\/arredo-fiere-eventi\/otello-teatrino-in-cartone\/","url":"https:\/\/paper-eco.com\/it\/shop\/arredo-fiere-eventi\/otello-teatrino-in-cartone\/","name":"Otello \u2013 Teatrino in cartone - Paper Eco","isPartOf":{"@id":"https:\/\/paper-eco.com\/it\/#website"},"primaryImageOfPage":{"@id":"https:\/\/paper-eco.com\/it\/shop\/arredo-fiere-eventi\/otello-teatrino-in-cartone\/#primaryimage"},"image":{"@id":"https:\/\/paper-eco.com\/it\/shop\/arredo-fiere-eventi\/otello-teatrino-in-cartone\/#primaryimage"},"thumbnailUrl":"https:\/\/paper-eco.com\/wp-content\/uploads\/2025\/04\/DSC_9301-Migliorato-NR-copia.webp","datePublished":"2025-04-23T15:44:51+00:00","dateModified":"2025-05-27T08:53:07+00:00","breadcrumb":{"@id":"https:\/\/paper-eco.com\/it\/shop\/arredo-fiere-eventi\/otello-teatrino-in-cartone\/#breadcrumb"},"inLanguage":"it-IT","potentialAction":[{"@type":"ReadAction","target":["https:\/\/paper-eco.com\/it\/shop\/arredo-fiere-eventi\/otello-teatrino-in-cartone\/"]}]},{"@type":"ImageObject","inLanguage":"it-IT","@id":"https:\/\/paper-eco.com\/it\/shop\/arredo-fiere-eventi\/otello-teatrino-in-cartone\/#primaryimage","url":"https:\/\/paper-eco.com\/wp-content\/uploads\/2025\/04\/DSC_9301-Migliorato-NR-copia.webp","contentUrl":"https:\/\/paper-eco.com\/wp-content\/uploads\/2025\/04\/DSC_9301-Migliorato-NR-copia.webp","width":1500,"height":1500,"caption":"Paper Eco - Otello \u2013 Teatrino in cartone"},{"@type":"BreadcrumbList","@id":"https:\/\/paper-eco.com\/it\/shop\/arredo-fiere-eventi\/otello-teatrino-in-cartone\/#breadcrumb","itemListElement":[{"@type":"ListItem","position":1,"name":"Home","item":"https:\/\/paper-eco.com\/it\/"},{"@type":"ListItem","position":2,"name":"Negozio","item":"https:\/\/paper-eco.com\/it\/negozio\/"},{"@type":"ListItem","position":3,"name":"Otello \u2013 Teatrino in cartone"}]},{"@type":"WebSite","@id":"https:\/\/paper-eco.com\/it\/#website","url":"https:\/\/paper-eco.com\/it\/","name":"Paper Eco","description":"","potentialAction":[{"@type":"SearchAction","target":{"@type":"EntryPoint","urlTemplate":"https:\/\/paper-eco.com\/it\/?s={search_term_string}"},"query-input":{"@type":"PropertyValueSpecification","valueRequired":true,"valueName":"search_term_string"}}],"inLanguage":"it-IT"}]}},"_links":{"self":[{"href":"https:\/\/paper-eco.com\/it\/wp-json\/wp\/v2\/product\/21123","targetHints":{"allow":["GET"]}}],"collection":[{"href":"https:\/\/paper-eco.com\/it\/wp-json\/wp\/v2\/product"}],"about":[{"href":"https:\/\/paper-eco.com\/it\/wp-json\/wp\/v2\/types\/product"}],"wp:featuredmedia":[{"embeddable":true,"href":"https:\/\/paper-eco.com\/it\/wp-json\/wp\/v2\/media\/21125"}],"wp:attachment":[{"href":"https:\/\/paper-eco.com\/it\/wp-json\/wp\/v2\/media?parent=21123"}],"wp:term":[{"taxonomy":"product_brand","embeddable":true,"href":"https:\/\/paper-eco.com\/it\/wp-json\/wp\/v2\/product_brand?post=21123"},{"taxonomy":"product_cat","embeddable":true,"href":"https:\/\/paper-eco.com\/it\/wp-json\/wp\/v2\/product_cat?post=21123"},{"taxonomy":"product_tag","embeddable":true,"href":"https:\/\/paper-eco.com\/it\/wp-json\/wp\/v2\/product_tag?post=21123"}],"curies":[{"name":"wp","href":"https:\/\/api.w.org\/{rel}","templated":true}]}}