{"id":21131,"date":"2025-04-24T08:12:43","date_gmt":"2025-04-24T08:12:43","guid":{"rendered":"https:\/\/paper-eco.com\/?post_type=product&#038;p=21131"},"modified":"2025-05-26T10:57:34","modified_gmt":"2025-05-26T10:57:34","slug":"tower-mobiletto-a-ripiani-in-cartone","status":"publish","type":"product","link":"https:\/\/paper-eco.com\/it\/shop\/arredo-fiere-eventi\/tower-mobiletto-a-ripiani-in-cartone\/","title":{"rendered":"Tower \u2013 mobiletto a ripiani in cartone"},"content":{"rendered":"<p><strong>Tower<\/strong> \u00e8 un mobiletto a ripiani in cartone riciclato pratico, leggero e funzionale. <strong>Tower<\/strong> \u00e8 adatto ad eventi, fiere e negozi come mobile da esposizione ma \u00e8 adatto anche all\u2019ufficio. <strong>Tower<\/strong> ha un design essenziale, adatto ad ogni tipo di ambiente e comunica il tuo impegno nell\u2019ambito della<strong> sostenibilit\u00e0 ambientale<\/strong>.<br \/>\n<strong>Tower<\/strong> mobiletto a ripiani in cartone \u00e8 un esempio di design innovativo e funzionalit\u00e0, ma anche un simbolo di<strong> sostenibilit\u00e0 e rispetto per l\u2019ambiente<\/strong>.<br \/>\n<strong>Tower<\/strong>, il nostro mobiletto a ripiani in cartone, pu\u00f2 essere la soluzione che cerchi per un evento, uno stand, un ufficio oppure un negozio.<br \/>\nMateriali <strong>eco-friendly<\/strong>: i nostri mobiletti a ripiani sono realizzati al 100% in cartone riciclato e riciclabile e sono una soluzione funzionale per la tua azienda.<br \/>\nDesign d\u2019impatto e funzionale: ogni mobiletto a ripiani in cartone \u00e8 progettato con particolare attenzione alla funzionalit\u00e0, senza rinunciare all\u2019impatto estetico. Il mobiletto <strong>Tower<\/strong> pu\u00f2 essere realizzato su misura secondo le esigenze del cliente.<br \/>\n<strong>Ecosostenibilit\u00e0<\/strong>: scegliendo<strong> Tower<\/strong> espositore per riviste e d\u00e9pliant, ma anche le altre realizzazioni in cartone di\u00a0Paper Eco\u00a0sarai parte di una comunit\u00e0 veramente attenta alla<br \/>\n<strong>sostenibilit\u00e0 e al futuro del pianeta.<\/strong><\/p>\n","protected":false},"excerpt":{"rendered":"<p><strong>Tower<\/strong>, il nostro mobiletto a ripiani in cartone, pu\u00f2 essere la soluzione che cerchi per un evento, uno stand, un ufficio oppure un negozio.<\/p>\n<p><strong>Dimensioni:<\/strong><\/p>\n<p><strong>Altezza: 100 cm<\/strong><\/p>\n<p><strong>Larghezza 50 cm<\/strong><\/p>\n<p><strong>Profondit\u00e0: 50 cm<\/strong><\/p>\n","protected":false},"featured_media":21133,"template":"","meta":[],"product_brand":[],"product_cat":[224,225,227,226],"product_tag":[],"class_list":{"0":"post-21131","1":"product","2":"type-product","3":"status-publish","4":"has-post-thumbnail","6":"product_cat-arredo-fiere-eventi","7":"product_cat-arredo-hotel","8":"product_cat-arredo-ufficio-coworking","9":"product_cat-arredo-negozio","11":"first","12":"instock","13":"taxable","14":"shipping-taxable","15":"purchasable","16":"product-type-simple"},"yoast_head":"<!-- This site is optimized with the Yoast SEO plugin v25.2 - https:\/\/yoast.com\/wordpress\/plugins\/seo\/ -->\n<title>Tower \u2013 mobiletto a ripiani in cartone - Paper Eco<\/title>\n<meta name=\"robots\" content=\"index, follow, max-snippet:-1, max-image-preview:large, max-video-preview:-1\" \/>\n<link rel=\"canonical\" href=\"https:\/\/paper-eco.com\/it\/shop\/arredo-fiere-eventi\/tower-mobiletto-a-ripiani-in-cartone\/\" \/>\n<meta property=\"og:locale\" content=\"it_IT\" \/>\n<meta property=\"og:type\" content=\"article\" \/>\n<meta property=\"og:title\" content=\"Tower \u2013 mobiletto a ripiani in cartone - Paper Eco\" \/>\n<meta property=\"og:description\" content=\"Tower, il nostro mobiletto a ripiani in cartone, pu\u00f2 essere la soluzione che cerchi per un evento, uno stand, un ufficio oppure un negozio.  Dimensioni:  Altezza: 100 cm  Larghezza 50 cm  Profondit\u00e0: 50 cm\" \/>\n<meta property=\"og:url\" content=\"https:\/\/paper-eco.com\/it\/shop\/arredo-fiere-eventi\/tower-mobiletto-a-ripiani-in-cartone\/\" \/>\n<meta property=\"og:site_name\" content=\"Paper Eco\" \/>\n<meta property=\"article:modified_time\" content=\"2025-05-26T10:57:34+00:00\" \/>\n<meta property=\"og:image\" content=\"https:\/\/paper-eco.com\/wp-content\/uploads\/2025\/04\/DSC_9322-Migliorato-NR-copia.webp\" \/>\n\t<meta property=\"og:image:width\" content=\"1500\" \/>\n\t<meta property=\"og:image:height\" content=\"1500\" \/>\n\t<meta property=\"og:image:type\" content=\"image\/webp\" \/>\n<meta name=\"twitter:card\" content=\"summary_large_image\" \/>\n<meta name=\"twitter:label1\" content=\"Tempo di lettura stimato\" \/>\n\t<meta name=\"twitter:data1\" content=\"1 minuto\" \/>\n<script type=\"application\/ld+json\" class=\"yoast-schema-graph\">{\"@context\":\"https:\/\/schema.org\",\"@graph\":[{\"@type\":\"WebPage\",\"@id\":\"https:\/\/paper-eco.com\/it\/shop\/arredo-fiere-eventi\/tower-mobiletto-a-ripiani-in-cartone\/\",\"url\":\"https:\/\/paper-eco.com\/it\/shop\/arredo-fiere-eventi\/tower-mobiletto-a-ripiani-in-cartone\/\",\"name\":\"Tower \u2013 mobiletto a ripiani in cartone - Paper Eco\",\"isPartOf\":{\"@id\":\"https:\/\/paper-eco.com\/it\/#website\"},\"primaryImageOfPage\":{\"@id\":\"https:\/\/paper-eco.com\/it\/shop\/arredo-fiere-eventi\/tower-mobiletto-a-ripiani-in-cartone\/#primaryimage\"},\"image\":{\"@id\":\"https:\/\/paper-eco.com\/it\/shop\/arredo-fiere-eventi\/tower-mobiletto-a-ripiani-in-cartone\/#primaryimage\"},\"thumbnailUrl\":\"https:\/\/paper-eco.com\/wp-content\/uploads\/2025\/04\/DSC_9322-Migliorato-NR-copia.webp\",\"datePublished\":\"2025-04-24T08:12:43+00:00\",\"dateModified\":\"2025-05-26T10:57:34+00:00\",\"breadcrumb\":{\"@id\":\"https:\/\/paper-eco.com\/it\/shop\/arredo-fiere-eventi\/tower-mobiletto-a-ripiani-in-cartone\/#breadcrumb\"},\"inLanguage\":\"it-IT\",\"potentialAction\":[{\"@type\":\"ReadAction\",\"target\":[\"https:\/\/paper-eco.com\/it\/shop\/arredo-fiere-eventi\/tower-mobiletto-a-ripiani-in-cartone\/\"]}]},{\"@type\":\"ImageObject\",\"inLanguage\":\"it-IT\",\"@id\":\"https:\/\/paper-eco.com\/it\/shop\/arredo-fiere-eventi\/tower-mobiletto-a-ripiani-in-cartone\/#primaryimage\",\"url\":\"https:\/\/paper-eco.com\/wp-content\/uploads\/2025\/04\/DSC_9322-Migliorato-NR-copia.webp\",\"contentUrl\":\"https:\/\/paper-eco.com\/wp-content\/uploads\/2025\/04\/DSC_9322-Migliorato-NR-copia.webp\",\"width\":1500,\"height\":1500,\"caption\":\"Paper Eco - Tower \u2013 mobiletto a ripiani in cartone\"},{\"@type\":\"BreadcrumbList\",\"@id\":\"https:\/\/paper-eco.com\/it\/shop\/arredo-fiere-eventi\/tower-mobiletto-a-ripiani-in-cartone\/#breadcrumb\",\"itemListElement\":[{\"@type\":\"ListItem\",\"position\":1,\"name\":\"Home\",\"item\":\"https:\/\/paper-eco.com\/it\/\"},{\"@type\":\"ListItem\",\"position\":2,\"name\":\"Negozio\",\"item\":\"https:\/\/paper-eco.com\/it\/negozio\/\"},{\"@type\":\"ListItem\",\"position\":3,\"name\":\"Tower \u2013 mobiletto a ripiani in cartone\"}]},{\"@type\":\"WebSite\",\"@id\":\"https:\/\/paper-eco.com\/it\/#website\",\"url\":\"https:\/\/paper-eco.com\/it\/\",\"name\":\"Paper Eco\",\"description\":\"\",\"potentialAction\":[{\"@type\":\"SearchAction\",\"target\":{\"@type\":\"EntryPoint\",\"urlTemplate\":\"https:\/\/paper-eco.com\/it\/?s={search_term_string}\"},\"query-input\":{\"@type\":\"PropertyValueSpecification\",\"valueRequired\":true,\"valueName\":\"search_term_string\"}}],\"inLanguage\":\"it-IT\"}]}<\/script>\n<!-- \/ Yoast SEO plugin. -->","yoast_head_json":{"title":"Tower \u2013 mobiletto a ripiani in cartone - Paper Eco","robots":{"index":"index","follow":"follow","max-snippet":"max-snippet:-1","max-image-preview":"max-image-preview:large","max-video-preview":"max-video-preview:-1"},"canonical":"https:\/\/paper-eco.com\/it\/shop\/arredo-fiere-eventi\/tower-mobiletto-a-ripiani-in-cartone\/","og_locale":"it_IT","og_type":"article","og_title":"Tower \u2013 mobiletto a ripiani in cartone - Paper Eco","og_description":"Tower, il nostro mobiletto a ripiani in cartone, pu\u00f2 essere la soluzione che cerchi per un evento, uno stand, un ufficio oppure un negozio.  Dimensioni:  Altezza: 100 cm  Larghezza 50 cm  Profondit\u00e0: 50 cm","og_url":"https:\/\/paper-eco.com\/it\/shop\/arredo-fiere-eventi\/tower-mobiletto-a-ripiani-in-cartone\/","og_site_name":"Paper Eco","article_modified_time":"2025-05-26T10:57:34+00:00","og_image":[{"width":1500,"height":1500,"url":"https:\/\/paper-eco.com\/wp-content\/uploads\/2025\/04\/DSC_9322-Migliorato-NR-copia.webp","type":"image\/webp"}],"twitter_card":"summary_large_image","twitter_misc":{"Tempo di lettura stimato":"1 minuto"},"schema":{"@context":"https:\/\/schema.org","@graph":[{"@type":"WebPage","@id":"https:\/\/paper-eco.com\/it\/shop\/arredo-fiere-eventi\/tower-mobiletto-a-ripiani-in-cartone\/","url":"https:\/\/paper-eco.com\/it\/shop\/arredo-fiere-eventi\/tower-mobiletto-a-ripiani-in-cartone\/","name":"Tower \u2013 mobiletto a ripiani in cartone - Paper Eco","isPartOf":{"@id":"https:\/\/paper-eco.com\/it\/#website"},"primaryImageOfPage":{"@id":"https:\/\/paper-eco.com\/it\/shop\/arredo-fiere-eventi\/tower-mobiletto-a-ripiani-in-cartone\/#primaryimage"},"image":{"@id":"https:\/\/paper-eco.com\/it\/shop\/arredo-fiere-eventi\/tower-mobiletto-a-ripiani-in-cartone\/#primaryimage"},"thumbnailUrl":"https:\/\/paper-eco.com\/wp-content\/uploads\/2025\/04\/DSC_9322-Migliorato-NR-copia.webp","datePublished":"2025-04-24T08:12:43+00:00","dateModified":"2025-05-26T10:57:34+00:00","breadcrumb":{"@id":"https:\/\/paper-eco.com\/it\/shop\/arredo-fiere-eventi\/tower-mobiletto-a-ripiani-in-cartone\/#breadcrumb"},"inLanguage":"it-IT","potentialAction":[{"@type":"ReadAction","target":["https:\/\/paper-eco.com\/it\/shop\/arredo-fiere-eventi\/tower-mobiletto-a-ripiani-in-cartone\/"]}]},{"@type":"ImageObject","inLanguage":"it-IT","@id":"https:\/\/paper-eco.com\/it\/shop\/arredo-fiere-eventi\/tower-mobiletto-a-ripiani-in-cartone\/#primaryimage","url":"https:\/\/paper-eco.com\/wp-content\/uploads\/2025\/04\/DSC_9322-Migliorato-NR-copia.webp","contentUrl":"https:\/\/paper-eco.com\/wp-content\/uploads\/2025\/04\/DSC_9322-Migliorato-NR-copia.webp","width":1500,"height":1500,"caption":"Paper Eco - Tower \u2013 mobiletto a ripiani in cartone"},{"@type":"BreadcrumbList","@id":"https:\/\/paper-eco.com\/it\/shop\/arredo-fiere-eventi\/tower-mobiletto-a-ripiani-in-cartone\/#breadcrumb","itemListElement":[{"@type":"ListItem","position":1,"name":"Home","item":"https:\/\/paper-eco.com\/it\/"},{"@type":"ListItem","position":2,"name":"Negozio","item":"https:\/\/paper-eco.com\/it\/negozio\/"},{"@type":"ListItem","position":3,"name":"Tower \u2013 mobiletto a ripiani in cartone"}]},{"@type":"WebSite","@id":"https:\/\/paper-eco.com\/it\/#website","url":"https:\/\/paper-eco.com\/it\/","name":"Paper Eco","description":"","potentialAction":[{"@type":"SearchAction","target":{"@type":"EntryPoint","urlTemplate":"https:\/\/paper-eco.com\/it\/?s={search_term_string}"},"query-input":{"@type":"PropertyValueSpecification","valueRequired":true,"valueName":"search_term_string"}}],"inLanguage":"it-IT"}]}},"_links":{"self":[{"href":"https:\/\/paper-eco.com\/it\/wp-json\/wp\/v2\/product\/21131","targetHints":{"allow":["GET"]}}],"collection":[{"href":"https:\/\/paper-eco.com\/it\/wp-json\/wp\/v2\/product"}],"about":[{"href":"https:\/\/paper-eco.com\/it\/wp-json\/wp\/v2\/types\/product"}],"wp:featuredmedia":[{"embeddable":true,"href":"https:\/\/paper-eco.com\/it\/wp-json\/wp\/v2\/media\/21133"}],"wp:attachment":[{"href":"https:\/\/paper-eco.com\/it\/wp-json\/wp\/v2\/media?parent=21131"}],"wp:term":[{"taxonomy":"product_brand","embeddable":true,"href":"https:\/\/paper-eco.com\/it\/wp-json\/wp\/v2\/product_brand?post=21131"},{"taxonomy":"product_cat","embeddable":true,"href":"https:\/\/paper-eco.com\/it\/wp-json\/wp\/v2\/product_cat?post=21131"},{"taxonomy":"product_tag","embeddable":true,"href":"https:\/\/paper-eco.com\/it\/wp-json\/wp\/v2\/product_tag?post=21131"}],"curies":[{"name":"wp","href":"https:\/\/api.w.org\/{rel}","templated":true}]}}