{"id":21330,"date":"2025-07-02T10:48:29","date_gmt":"2025-07-02T10:48:29","guid":{"rendered":"https:\/\/paper-eco.com\/?post_type=product&#038;p=21330"},"modified":"2025-07-02T13:16:45","modified_gmt":"2025-07-02T13:16:45","slug":"bok-libreria-in-cartone","status":"publish","type":"product","link":"https:\/\/paper-eco.com\/it\/shop\/allestimenti-fieristici\/bok-libreria-in-cartone\/","title":{"rendered":"Bok \u2013 Libreria in cartone"},"content":{"rendered":"<p>La <strong>libreria<\/strong> <strong>in cartone<\/strong> <em>Bok <\/em>unisce il <strong>design<\/strong> e la <strong>sostenibilit\u00e0<\/strong>: \u00e8 solida e resistente ma anche facile da montare e smontare, leggero da trasportare. Inoltre \u00e8 realizzato con materiali ad <strong>impatto ambiental<\/strong>e zero.<\/p>\n<p>&nbsp;<\/p>\n<p><strong>Design moderno<\/strong>: la nostra <strong>libreria in cartone<\/strong> \u00e8 un esempio di <strong>design<\/strong> contemporaneo e versatile. La struttura <strong>personalizzabile<\/strong> offre spazio sufficiente per ogni tua esigenza e il look minimalista gli permette di integrarsi perfettamente in qualsiasi <strong>ufficio<\/strong>, <strong>studio<\/strong> o <strong>hotel<\/strong>.<\/p>\n<p>&nbsp;<\/p>\n<p><strong>Resistente e leggero<\/strong>: l\u2019<strong>arredamento in cartone <\/strong>riciclato <em>Paper Eco<\/em> \u00e8 leggero e <em>smontabile<\/em> e facile da <em>trasportare<\/em> ma grazie alla struttura innovativa e al design robusto <em>Bok<\/em> pu\u00f2 sopportare carichi considerevoli, mantenendo la stabilit\u00e0 necessaria per un uso quotidiano.<\/p>\n<p>&nbsp;<\/p>\n<p><strong>Impegno Ecologico<\/strong>: scegliere la nostra <strong>libreria<\/strong> <strong>in cartone<\/strong> significa fare una scelta responsabile per l\u2019ambiente: \u00e8 realizzata 100% in <strong>cartone riciclato <\/strong>e completamente<strong> riciclabile <\/strong>quindi rappresenta una scelta a basso<strong> impatto ambientale<\/strong>.<\/p>\n<p>&nbsp;<\/p>\n<p>&nbsp;<\/p>\n","protected":false},"excerpt":{"rendered":"<p>&nbsp;<\/p>\n<p><em>Bok<\/em><strong> \u00e8 la<\/strong> <strong>libreria in cartone riciclato<\/strong> completamente <strong>personalizzabile<\/strong>, una soluzione di arredo che unisce <em>funzionalit\u00e0<\/em>, <em>estetica<\/em> e <em>responsabilit\u00e0 ambientale<\/em>. Progettata per chi cerca un\u2019alternativa <strong>ecosostenibile<\/strong> senza compromettere lo stile, questa <strong>libreria<\/strong> offre ampio spazio per riporre e organizzare libri e oggetti in modo elegante e pratico.<\/p>\n<p>&nbsp;<\/p>\n<p><strong>Dimensioni:<\/strong><\/p>\n<p><strong>Altezza : 261 cm<\/strong><\/p>\n<p><strong>Larghezza moduli: 15 \/ 30 \/ 45 \/ 60<\/strong><\/p>\n<p><strong>Profondit\u00e0 37 cm<\/strong><\/p>\n","protected":false},"featured_media":21332,"template":"","meta":[],"product_brand":[],"product_cat":[224,222,227],"product_tag":[],"class_list":{"0":"post-21330","1":"product","2":"type-product","3":"status-publish","4":"has-post-thumbnail","6":"product_cat-arredo-fiere-eventi","7":"product_cat-allestimenti-fieristici","8":"product_cat-arredo-ufficio-coworking","10":"first","11":"instock","12":"taxable","13":"shipping-taxable","14":"purchasable","15":"product-type-simple"},"yoast_head":"<!-- This site is optimized with the Yoast SEO plugin v25.2 - https:\/\/yoast.com\/wordpress\/plugins\/seo\/ -->\n<title>Bok \u2013 Libreria in cartone - Paper Eco<\/title>\n<meta name=\"robots\" content=\"index, follow, max-snippet:-1, max-image-preview:large, max-video-preview:-1\" \/>\n<link rel=\"canonical\" href=\"https:\/\/paper-eco.com\/it\/shop\/allestimenti-fieristici\/bok-libreria-in-cartone\/\" \/>\n<meta property=\"og:locale\" content=\"it_IT\" \/>\n<meta property=\"og:type\" content=\"article\" \/>\n<meta property=\"og:title\" content=\"Bok \u2013 Libreria in cartone - Paper Eco\" \/>\n<meta property=\"og:description\" content=\"&nbsp;  Bok \u00e8 la libreria in cartone riciclato completamente personalizzabile, una soluzione di arredo che unisce funzionalit\u00e0, estetica e responsabilit\u00e0 ambientale. Progettata per chi cerca un\u2019alternativa ecosostenibile senza compromettere lo stile, questa libreria offre ampio spazio per riporre e organizzare libri e oggetti in modo elegante e pratico.  &nbsp;  Dimensioni:  Altezza : 261 cm  Larghezza moduli: 15 \/ 30 \/ 45 \/ 60  Profondit\u00e0 37 cm\" \/>\n<meta property=\"og:url\" content=\"https:\/\/paper-eco.com\/it\/shop\/allestimenti-fieristici\/bok-libreria-in-cartone\/\" \/>\n<meta property=\"og:site_name\" content=\"Paper Eco\" \/>\n<meta property=\"article:modified_time\" content=\"2025-07-02T13:16:45+00:00\" \/>\n<meta property=\"og:image\" content=\"https:\/\/paper-eco.com\/wp-content\/uploads\/2025\/07\/bok_background_papereco.jpg\" \/>\n\t<meta property=\"og:image:width\" content=\"1800\" \/>\n\t<meta property=\"og:image:height\" content=\"1800\" \/>\n\t<meta property=\"og:image:type\" content=\"image\/jpeg\" \/>\n<meta name=\"twitter:card\" content=\"summary_large_image\" \/>\n<meta name=\"twitter:label1\" content=\"Tempo di lettura stimato\" \/>\n\t<meta name=\"twitter:data1\" content=\"1 minuto\" \/>\n<script type=\"application\/ld+json\" class=\"yoast-schema-graph\">{\"@context\":\"https:\/\/schema.org\",\"@graph\":[{\"@type\":\"WebPage\",\"@id\":\"https:\/\/paper-eco.com\/it\/shop\/allestimenti-fieristici\/bok-libreria-in-cartone\/\",\"url\":\"https:\/\/paper-eco.com\/it\/shop\/allestimenti-fieristici\/bok-libreria-in-cartone\/\",\"name\":\"Bok \u2013 Libreria in cartone - Paper Eco\",\"isPartOf\":{\"@id\":\"https:\/\/paper-eco.com\/it\/#website\"},\"primaryImageOfPage\":{\"@id\":\"https:\/\/paper-eco.com\/it\/shop\/allestimenti-fieristici\/bok-libreria-in-cartone\/#primaryimage\"},\"image\":{\"@id\":\"https:\/\/paper-eco.com\/it\/shop\/allestimenti-fieristici\/bok-libreria-in-cartone\/#primaryimage\"},\"thumbnailUrl\":\"https:\/\/paper-eco.com\/wp-content\/uploads\/2025\/07\/bok_background_papereco.jpg\",\"datePublished\":\"2025-07-02T10:48:29+00:00\",\"dateModified\":\"2025-07-02T13:16:45+00:00\",\"breadcrumb\":{\"@id\":\"https:\/\/paper-eco.com\/it\/shop\/allestimenti-fieristici\/bok-libreria-in-cartone\/#breadcrumb\"},\"inLanguage\":\"it-IT\",\"potentialAction\":[{\"@type\":\"ReadAction\",\"target\":[\"https:\/\/paper-eco.com\/it\/shop\/allestimenti-fieristici\/bok-libreria-in-cartone\/\"]}]},{\"@type\":\"ImageObject\",\"inLanguage\":\"it-IT\",\"@id\":\"https:\/\/paper-eco.com\/it\/shop\/allestimenti-fieristici\/bok-libreria-in-cartone\/#primaryimage\",\"url\":\"https:\/\/paper-eco.com\/wp-content\/uploads\/2025\/07\/bok_background_papereco.jpg\",\"contentUrl\":\"https:\/\/paper-eco.com\/wp-content\/uploads\/2025\/07\/bok_background_papereco.jpg\",\"width\":1800,\"height\":1800,\"caption\":\"Bok- Libreria in cartone- Paper Eco\"},{\"@type\":\"BreadcrumbList\",\"@id\":\"https:\/\/paper-eco.com\/it\/shop\/allestimenti-fieristici\/bok-libreria-in-cartone\/#breadcrumb\",\"itemListElement\":[{\"@type\":\"ListItem\",\"position\":1,\"name\":\"Home\",\"item\":\"https:\/\/paper-eco.com\/it\/\"},{\"@type\":\"ListItem\",\"position\":2,\"name\":\"Negozio\",\"item\":\"https:\/\/paper-eco.com\/it\/negozio\/\"},{\"@type\":\"ListItem\",\"position\":3,\"name\":\"Bok \u2013 Libreria in cartone\"}]},{\"@type\":\"WebSite\",\"@id\":\"https:\/\/paper-eco.com\/it\/#website\",\"url\":\"https:\/\/paper-eco.com\/it\/\",\"name\":\"Paper Eco\",\"description\":\"\",\"potentialAction\":[{\"@type\":\"SearchAction\",\"target\":{\"@type\":\"EntryPoint\",\"urlTemplate\":\"https:\/\/paper-eco.com\/it\/?s={search_term_string}\"},\"query-input\":{\"@type\":\"PropertyValueSpecification\",\"valueRequired\":true,\"valueName\":\"search_term_string\"}}],\"inLanguage\":\"it-IT\"}]}<\/script>\n<!-- \/ Yoast SEO plugin. -->","yoast_head_json":{"title":"Bok \u2013 Libreria in cartone - Paper Eco","robots":{"index":"index","follow":"follow","max-snippet":"max-snippet:-1","max-image-preview":"max-image-preview:large","max-video-preview":"max-video-preview:-1"},"canonical":"https:\/\/paper-eco.com\/it\/shop\/allestimenti-fieristici\/bok-libreria-in-cartone\/","og_locale":"it_IT","og_type":"article","og_title":"Bok \u2013 Libreria in cartone - Paper Eco","og_description":"&nbsp;  Bok \u00e8 la libreria in cartone riciclato completamente personalizzabile, una soluzione di arredo che unisce funzionalit\u00e0, estetica e responsabilit\u00e0 ambientale. Progettata per chi cerca un\u2019alternativa ecosostenibile senza compromettere lo stile, questa libreria offre ampio spazio per riporre e organizzare libri e oggetti in modo elegante e pratico.  &nbsp;  Dimensioni:  Altezza : 261 cm  Larghezza moduli: 15 \/ 30 \/ 45 \/ 60  Profondit\u00e0 37 cm","og_url":"https:\/\/paper-eco.com\/it\/shop\/allestimenti-fieristici\/bok-libreria-in-cartone\/","og_site_name":"Paper Eco","article_modified_time":"2025-07-02T13:16:45+00:00","og_image":[{"width":1800,"height":1800,"url":"https:\/\/paper-eco.com\/wp-content\/uploads\/2025\/07\/bok_background_papereco.jpg","type":"image\/jpeg"}],"twitter_card":"summary_large_image","twitter_misc":{"Tempo di lettura stimato":"1 minuto"},"schema":{"@context":"https:\/\/schema.org","@graph":[{"@type":"WebPage","@id":"https:\/\/paper-eco.com\/it\/shop\/allestimenti-fieristici\/bok-libreria-in-cartone\/","url":"https:\/\/paper-eco.com\/it\/shop\/allestimenti-fieristici\/bok-libreria-in-cartone\/","name":"Bok \u2013 Libreria in cartone - Paper Eco","isPartOf":{"@id":"https:\/\/paper-eco.com\/it\/#website"},"primaryImageOfPage":{"@id":"https:\/\/paper-eco.com\/it\/shop\/allestimenti-fieristici\/bok-libreria-in-cartone\/#primaryimage"},"image":{"@id":"https:\/\/paper-eco.com\/it\/shop\/allestimenti-fieristici\/bok-libreria-in-cartone\/#primaryimage"},"thumbnailUrl":"https:\/\/paper-eco.com\/wp-content\/uploads\/2025\/07\/bok_background_papereco.jpg","datePublished":"2025-07-02T10:48:29+00:00","dateModified":"2025-07-02T13:16:45+00:00","breadcrumb":{"@id":"https:\/\/paper-eco.com\/it\/shop\/allestimenti-fieristici\/bok-libreria-in-cartone\/#breadcrumb"},"inLanguage":"it-IT","potentialAction":[{"@type":"ReadAction","target":["https:\/\/paper-eco.com\/it\/shop\/allestimenti-fieristici\/bok-libreria-in-cartone\/"]}]},{"@type":"ImageObject","inLanguage":"it-IT","@id":"https:\/\/paper-eco.com\/it\/shop\/allestimenti-fieristici\/bok-libreria-in-cartone\/#primaryimage","url":"https:\/\/paper-eco.com\/wp-content\/uploads\/2025\/07\/bok_background_papereco.jpg","contentUrl":"https:\/\/paper-eco.com\/wp-content\/uploads\/2025\/07\/bok_background_papereco.jpg","width":1800,"height":1800,"caption":"Bok- Libreria in cartone- Paper Eco"},{"@type":"BreadcrumbList","@id":"https:\/\/paper-eco.com\/it\/shop\/allestimenti-fieristici\/bok-libreria-in-cartone\/#breadcrumb","itemListElement":[{"@type":"ListItem","position":1,"name":"Home","item":"https:\/\/paper-eco.com\/it\/"},{"@type":"ListItem","position":2,"name":"Negozio","item":"https:\/\/paper-eco.com\/it\/negozio\/"},{"@type":"ListItem","position":3,"name":"Bok \u2013 Libreria in cartone"}]},{"@type":"WebSite","@id":"https:\/\/paper-eco.com\/it\/#website","url":"https:\/\/paper-eco.com\/it\/","name":"Paper Eco","description":"","potentialAction":[{"@type":"SearchAction","target":{"@type":"EntryPoint","urlTemplate":"https:\/\/paper-eco.com\/it\/?s={search_term_string}"},"query-input":{"@type":"PropertyValueSpecification","valueRequired":true,"valueName":"search_term_string"}}],"inLanguage":"it-IT"}]}},"_links":{"self":[{"href":"https:\/\/paper-eco.com\/it\/wp-json\/wp\/v2\/product\/21330","targetHints":{"allow":["GET"]}}],"collection":[{"href":"https:\/\/paper-eco.com\/it\/wp-json\/wp\/v2\/product"}],"about":[{"href":"https:\/\/paper-eco.com\/it\/wp-json\/wp\/v2\/types\/product"}],"wp:featuredmedia":[{"embeddable":true,"href":"https:\/\/paper-eco.com\/it\/wp-json\/wp\/v2\/media\/21332"}],"wp:attachment":[{"href":"https:\/\/paper-eco.com\/it\/wp-json\/wp\/v2\/media?parent=21330"}],"wp:term":[{"taxonomy":"product_brand","embeddable":true,"href":"https:\/\/paper-eco.com\/it\/wp-json\/wp\/v2\/product_brand?post=21330"},{"taxonomy":"product_cat","embeddable":true,"href":"https:\/\/paper-eco.com\/it\/wp-json\/wp\/v2\/product_cat?post=21330"},{"taxonomy":"product_tag","embeddable":true,"href":"https:\/\/paper-eco.com\/it\/wp-json\/wp\/v2\/product_tag?post=21330"}],"curies":[{"name":"wp","href":"https:\/\/api.w.org\/{rel}","templated":true}]}}