{"id":21349,"date":"2025-07-22T13:19:31","date_gmt":"2025-07-22T13:19:31","guid":{"rendered":"https:\/\/paper-eco.com\/?post_type=product&#038;p=21349"},"modified":"2025-07-22T15:37:32","modified_gmt":"2025-07-22T15:37:32","slug":"modulibra-libreria-in-cartone","status":"publish","type":"product","link":"https:\/\/paper-eco.com\/it\/shop\/arredo-fiere-eventi\/modulibra-libreria-in-cartone\/","title":{"rendered":"Modulibra \u2013 libreria in cartone"},"content":{"rendered":"<p><span style=\"font-weight: 400;\">La <\/span><b>libreria<\/b> <b>in cartone<\/b> <i><span style=\"font-weight: 400;\">Modulibra <\/span><\/i><span style=\"font-weight: 400;\">unisce un\u2019estetica minimalista e uno stile di vita <\/span><b>eco-friendly<\/b><span style=\"font-weight: 400;\">: \u00e8 solida e resistente ma anche facile da montare e smontare, leggero da trasportare. Inoltre \u00e8 realizzata con materiali ad <\/span><b>impatto ambiental<\/b><span style=\"font-weight: 400;\">e zero.<\/span><\/p>\n<p><b>Design moderno<\/b><span style=\"font-weight: 400;\">: la nostra <\/span><b>libreria in cartone<\/b><span style=\"font-weight: 400;\"> \u00e8 un esempio di <\/span><b>design<\/b><span style=\"font-weight: 400;\"> contemporaneo e versatile. La struttura ampia e robusta e la possibilit\u00e0 di adattarsi allo spazio gli permette di integrarsi perfettamente in qualsiasi <\/span><b>ufficio<\/b><span style=\"font-weight: 400;\">, <\/span><b>evento<\/b><span style=\"font-weight: 400;\"> o <\/span><b>stand fieristico<\/b><span style=\"font-weight: 400;\">.<\/span><\/p>\n<p><b>Resistente e leggero<\/b><span style=\"font-weight: 400;\">: l\u2019<\/span><b>arredamento in cartone <\/b><span style=\"font-weight: 400;\">riciclato <\/span><i><span style=\"font-weight: 400;\">Paper Eco<\/span><\/i><span style=\"font-weight: 400;\"> \u00e8 leggero e <\/span><i><span style=\"font-weight: 400;\">smontabile<\/span><\/i><span style=\"font-weight: 400;\"> e facile da <\/span><i><span style=\"font-weight: 400;\">trasportare<\/span><\/i><span style=\"font-weight: 400;\"> ma grazie alla struttura innovativa e al design robusto <\/span><i><span style=\"font-weight: 400;\">Modulibra<\/span><\/i><span style=\"font-weight: 400;\"> pu\u00f2 sopportare carichi considerevoli, mantenendo la stabilit\u00e0 necessaria per un uso quotidiano.<\/span><\/p>\n<p><b>Impegno Ecologico<\/b><span style=\"font-weight: 400;\">: scegliere la nostra <\/span><b>libreria<\/b> <b>in cartone<\/b><span style=\"font-weight: 400;\"> significa fare una scelta responsabile per l\u2019ambiente: \u00e8 realizzata 100% in <\/span><b>cartone riciclato <\/b><span style=\"font-weight: 400;\">e completamente<\/span><b> riciclabile <\/b><span style=\"font-weight: 400;\">quindi rappresenta una scelta a basso<\/span><b> impatto ambientale<\/b><span style=\"font-weight: 400;\">.<\/span><\/p>\n","protected":false},"excerpt":{"rendered":"<p><b>Libreria in cartone<\/b><span style=\"font-weight: 400;\"> riciclato che si adatta allo spazio a tua disposizione. La <\/span><i><span style=\"font-weight: 400;\">Modulibra<\/span><\/i><span style=\"font-weight: 400;\"> \u00e8 una libreria <\/span><b>ecosostenibile<\/b><span style=\"font-weight: 400;\"> posizionabile ad angolo, ad arco o in base allo spazio che hai a disposizione.<\/span><\/p>\n<p><span style=\"font-weight: 400;\">\u00c8 un elemento di arredo perfetto per l\u2019<\/span><b>ufficio<\/b><span style=\"font-weight: 400;\"> ma \u00e8 adatta anche ad <\/span><b>eventi<\/b><span style=\"font-weight: 400;\"> e <\/span><b>fiere<\/b><span style=\"font-weight: 400;\"> proprio perch\u00e9 si adatta al tuo spazio.<\/span><\/p>\n<p><strong>Dimensioni:<\/strong><\/p>\n<p><strong>Altezza: 201 cm<\/strong><\/p>\n<p><strong>Larghezza 205 cm<\/strong><\/p>\n<p><strong>Profondit\u00e0: 25 cm<\/strong><\/p>\n","protected":false},"featured_media":21351,"template":"","meta":[],"product_brand":[],"product_cat":[224,225,227,226],"product_tag":[],"class_list":{"0":"post-21349","1":"product","2":"type-product","3":"status-publish","4":"has-post-thumbnail","6":"product_cat-arredo-fiere-eventi","7":"product_cat-arredo-hotel","8":"product_cat-arredo-ufficio-coworking","9":"product_cat-arredo-negozio","11":"first","12":"instock","13":"taxable","14":"shipping-taxable","15":"purchasable","16":"product-type-simple"},"yoast_head":"<!-- This site is optimized with the Yoast SEO plugin v25.2 - https:\/\/yoast.com\/wordpress\/plugins\/seo\/ -->\n<title>Modulibra \u2013 libreria in cartone - Paper Eco<\/title>\n<meta name=\"robots\" content=\"index, follow, max-snippet:-1, max-image-preview:large, max-video-preview:-1\" \/>\n<link rel=\"canonical\" href=\"https:\/\/paper-eco.com\/it\/shop\/arredo-fiere-eventi\/modulibra-libreria-in-cartone\/\" \/>\n<meta property=\"og:locale\" content=\"it_IT\" \/>\n<meta property=\"og:type\" content=\"article\" \/>\n<meta property=\"og:title\" content=\"Modulibra \u2013 libreria in cartone - Paper Eco\" \/>\n<meta property=\"og:description\" content=\"Libreria in cartone riciclato che si adatta allo spazio a tua disposizione. La Modulibra \u00e8 una libreria ecosostenibile posizionabile ad angolo, ad arco o in base allo spazio che hai a disposizione.  \u00c8 un elemento di arredo perfetto per l\u2019ufficio ma \u00e8 adatta anche ad eventi e fiere proprio perch\u00e9 si adatta al tuo spazio.  Dimensioni:  Altezza: 201 cm  Larghezza 205 cm  Profondit\u00e0: 25 cm\" \/>\n<meta property=\"og:url\" content=\"https:\/\/paper-eco.com\/it\/shop\/arredo-fiere-eventi\/modulibra-libreria-in-cartone\/\" \/>\n<meta property=\"og:site_name\" content=\"Paper Eco\" \/>\n<meta property=\"article:modified_time\" content=\"2025-07-22T15:37:32+00:00\" \/>\n<meta property=\"og:image\" content=\"https:\/\/paper-eco.com\/wp-content\/uploads\/2025\/07\/fto_principale.webp\" \/>\n\t<meta property=\"og:image:width\" content=\"1500\" \/>\n\t<meta property=\"og:image:height\" content=\"1500\" \/>\n\t<meta property=\"og:image:type\" content=\"image\/webp\" \/>\n<meta name=\"twitter:card\" content=\"summary_large_image\" \/>\n<meta name=\"twitter:label1\" content=\"Tempo di lettura stimato\" \/>\n\t<meta name=\"twitter:data1\" content=\"1 minuto\" \/>\n<script type=\"application\/ld+json\" class=\"yoast-schema-graph\">{\"@context\":\"https:\/\/schema.org\",\"@graph\":[{\"@type\":\"WebPage\",\"@id\":\"https:\/\/paper-eco.com\/it\/shop\/arredo-fiere-eventi\/modulibra-libreria-in-cartone\/\",\"url\":\"https:\/\/paper-eco.com\/it\/shop\/arredo-fiere-eventi\/modulibra-libreria-in-cartone\/\",\"name\":\"Modulibra \u2013 libreria in cartone - Paper Eco\",\"isPartOf\":{\"@id\":\"https:\/\/paper-eco.com\/it\/#website\"},\"primaryImageOfPage\":{\"@id\":\"https:\/\/paper-eco.com\/it\/shop\/arredo-fiere-eventi\/modulibra-libreria-in-cartone\/#primaryimage\"},\"image\":{\"@id\":\"https:\/\/paper-eco.com\/it\/shop\/arredo-fiere-eventi\/modulibra-libreria-in-cartone\/#primaryimage\"},\"thumbnailUrl\":\"https:\/\/paper-eco.com\/wp-content\/uploads\/2025\/07\/fto_principale.webp\",\"datePublished\":\"2025-07-22T13:19:31+00:00\",\"dateModified\":\"2025-07-22T15:37:32+00:00\",\"breadcrumb\":{\"@id\":\"https:\/\/paper-eco.com\/it\/shop\/arredo-fiere-eventi\/modulibra-libreria-in-cartone\/#breadcrumb\"},\"inLanguage\":\"it-IT\",\"potentialAction\":[{\"@type\":\"ReadAction\",\"target\":[\"https:\/\/paper-eco.com\/it\/shop\/arredo-fiere-eventi\/modulibra-libreria-in-cartone\/\"]}]},{\"@type\":\"ImageObject\",\"inLanguage\":\"it-IT\",\"@id\":\"https:\/\/paper-eco.com\/it\/shop\/arredo-fiere-eventi\/modulibra-libreria-in-cartone\/#primaryimage\",\"url\":\"https:\/\/paper-eco.com\/wp-content\/uploads\/2025\/07\/fto_principale.webp\",\"contentUrl\":\"https:\/\/paper-eco.com\/wp-content\/uploads\/2025\/07\/fto_principale.webp\",\"width\":1500,\"height\":1500,\"caption\":\"Modulibra \u2013 libreria in cartone\"},{\"@type\":\"BreadcrumbList\",\"@id\":\"https:\/\/paper-eco.com\/it\/shop\/arredo-fiere-eventi\/modulibra-libreria-in-cartone\/#breadcrumb\",\"itemListElement\":[{\"@type\":\"ListItem\",\"position\":1,\"name\":\"Home\",\"item\":\"https:\/\/paper-eco.com\/it\/\"},{\"@type\":\"ListItem\",\"position\":2,\"name\":\"Negozio\",\"item\":\"https:\/\/paper-eco.com\/it\/negozio\/\"},{\"@type\":\"ListItem\",\"position\":3,\"name\":\"Modulibra \u2013 libreria in cartone\"}]},{\"@type\":\"WebSite\",\"@id\":\"https:\/\/paper-eco.com\/it\/#website\",\"url\":\"https:\/\/paper-eco.com\/it\/\",\"name\":\"Paper Eco\",\"description\":\"\",\"potentialAction\":[{\"@type\":\"SearchAction\",\"target\":{\"@type\":\"EntryPoint\",\"urlTemplate\":\"https:\/\/paper-eco.com\/it\/?s={search_term_string}\"},\"query-input\":{\"@type\":\"PropertyValueSpecification\",\"valueRequired\":true,\"valueName\":\"search_term_string\"}}],\"inLanguage\":\"it-IT\"}]}<\/script>\n<!-- \/ Yoast SEO plugin. -->","yoast_head_json":{"title":"Modulibra \u2013 libreria in cartone - Paper Eco","robots":{"index":"index","follow":"follow","max-snippet":"max-snippet:-1","max-image-preview":"max-image-preview:large","max-video-preview":"max-video-preview:-1"},"canonical":"https:\/\/paper-eco.com\/it\/shop\/arredo-fiere-eventi\/modulibra-libreria-in-cartone\/","og_locale":"it_IT","og_type":"article","og_title":"Modulibra \u2013 libreria in cartone - Paper Eco","og_description":"Libreria in cartone riciclato che si adatta allo spazio a tua disposizione. La Modulibra \u00e8 una libreria ecosostenibile posizionabile ad angolo, ad arco o in base allo spazio che hai a disposizione.  \u00c8 un elemento di arredo perfetto per l\u2019ufficio ma \u00e8 adatta anche ad eventi e fiere proprio perch\u00e9 si adatta al tuo spazio.  Dimensioni:  Altezza: 201 cm  Larghezza 205 cm  Profondit\u00e0: 25 cm","og_url":"https:\/\/paper-eco.com\/it\/shop\/arredo-fiere-eventi\/modulibra-libreria-in-cartone\/","og_site_name":"Paper Eco","article_modified_time":"2025-07-22T15:37:32+00:00","og_image":[{"width":1500,"height":1500,"url":"https:\/\/paper-eco.com\/wp-content\/uploads\/2025\/07\/fto_principale.webp","type":"image\/webp"}],"twitter_card":"summary_large_image","twitter_misc":{"Tempo di lettura stimato":"1 minuto"},"schema":{"@context":"https:\/\/schema.org","@graph":[{"@type":"WebPage","@id":"https:\/\/paper-eco.com\/it\/shop\/arredo-fiere-eventi\/modulibra-libreria-in-cartone\/","url":"https:\/\/paper-eco.com\/it\/shop\/arredo-fiere-eventi\/modulibra-libreria-in-cartone\/","name":"Modulibra \u2013 libreria in cartone - Paper Eco","isPartOf":{"@id":"https:\/\/paper-eco.com\/it\/#website"},"primaryImageOfPage":{"@id":"https:\/\/paper-eco.com\/it\/shop\/arredo-fiere-eventi\/modulibra-libreria-in-cartone\/#primaryimage"},"image":{"@id":"https:\/\/paper-eco.com\/it\/shop\/arredo-fiere-eventi\/modulibra-libreria-in-cartone\/#primaryimage"},"thumbnailUrl":"https:\/\/paper-eco.com\/wp-content\/uploads\/2025\/07\/fto_principale.webp","datePublished":"2025-07-22T13:19:31+00:00","dateModified":"2025-07-22T15:37:32+00:00","breadcrumb":{"@id":"https:\/\/paper-eco.com\/it\/shop\/arredo-fiere-eventi\/modulibra-libreria-in-cartone\/#breadcrumb"},"inLanguage":"it-IT","potentialAction":[{"@type":"ReadAction","target":["https:\/\/paper-eco.com\/it\/shop\/arredo-fiere-eventi\/modulibra-libreria-in-cartone\/"]}]},{"@type":"ImageObject","inLanguage":"it-IT","@id":"https:\/\/paper-eco.com\/it\/shop\/arredo-fiere-eventi\/modulibra-libreria-in-cartone\/#primaryimage","url":"https:\/\/paper-eco.com\/wp-content\/uploads\/2025\/07\/fto_principale.webp","contentUrl":"https:\/\/paper-eco.com\/wp-content\/uploads\/2025\/07\/fto_principale.webp","width":1500,"height":1500,"caption":"Modulibra \u2013 libreria in cartone"},{"@type":"BreadcrumbList","@id":"https:\/\/paper-eco.com\/it\/shop\/arredo-fiere-eventi\/modulibra-libreria-in-cartone\/#breadcrumb","itemListElement":[{"@type":"ListItem","position":1,"name":"Home","item":"https:\/\/paper-eco.com\/it\/"},{"@type":"ListItem","position":2,"name":"Negozio","item":"https:\/\/paper-eco.com\/it\/negozio\/"},{"@type":"ListItem","position":3,"name":"Modulibra \u2013 libreria in cartone"}]},{"@type":"WebSite","@id":"https:\/\/paper-eco.com\/it\/#website","url":"https:\/\/paper-eco.com\/it\/","name":"Paper Eco","description":"","potentialAction":[{"@type":"SearchAction","target":{"@type":"EntryPoint","urlTemplate":"https:\/\/paper-eco.com\/it\/?s={search_term_string}"},"query-input":{"@type":"PropertyValueSpecification","valueRequired":true,"valueName":"search_term_string"}}],"inLanguage":"it-IT"}]}},"_links":{"self":[{"href":"https:\/\/paper-eco.com\/it\/wp-json\/wp\/v2\/product\/21349","targetHints":{"allow":["GET"]}}],"collection":[{"href":"https:\/\/paper-eco.com\/it\/wp-json\/wp\/v2\/product"}],"about":[{"href":"https:\/\/paper-eco.com\/it\/wp-json\/wp\/v2\/types\/product"}],"wp:featuredmedia":[{"embeddable":true,"href":"https:\/\/paper-eco.com\/it\/wp-json\/wp\/v2\/media\/21351"}],"wp:attachment":[{"href":"https:\/\/paper-eco.com\/it\/wp-json\/wp\/v2\/media?parent=21349"}],"wp:term":[{"taxonomy":"product_brand","embeddable":true,"href":"https:\/\/paper-eco.com\/it\/wp-json\/wp\/v2\/product_brand?post=21349"},{"taxonomy":"product_cat","embeddable":true,"href":"https:\/\/paper-eco.com\/it\/wp-json\/wp\/v2\/product_cat?post=21349"},{"taxonomy":"product_tag","embeddable":true,"href":"https:\/\/paper-eco.com\/it\/wp-json\/wp\/v2\/product_tag?post=21349"}],"curies":[{"name":"wp","href":"https:\/\/api.w.org\/{rel}","templated":true}]}}